{"id":839,"date":"2022-06-16T06:09:03","date_gmt":"2022-06-16T06:09:03","guid":{"rendered":"https:\/\/asfalia.es\/?page_id=839"},"modified":"2022-12-12T17:50:02","modified_gmt":"2022-12-12T17:50:02","slug":"quality-management","status":"publish","type":"page","link":"https:\/\/asfalia.es\/en\/quality-management\/","title":{"rendered":"Quality management"},"content":{"rendered":"\t\t<div data-elementor-type=\"wp-page\" data-elementor-id=\"839\" class=\"elementor elementor-839\" data-elementor-post-type=\"page\">\n\t\t\t\t\t\t<header class=\"elementor-section elementor-top-section elementor-element elementor-element-d5cfc72 elementor-section-height-min-height elementor-section-items-stretch elementor-section-boxed elementor-section-height-default\" data-id=\"d5cfc72\" data-element_type=\"section\" data-settings=\"{&quot;background_background&quot;:&quot;classic&quot;,&quot;background_motion_fx_motion_fx_scrolling&quot;:&quot;yes&quot;,&quot;background_motion_fx_translateY_effect&quot;:&quot;yes&quot;,&quot;background_motion_fx_translateY_speed&quot;:{&quot;unit&quot;:&quot;px&quot;,&quot;size&quot;:10,&quot;sizes&quot;:[]},&quot;background_motion_fx_scale_effect&quot;:&quot;yes&quot;,&quot;background_motion_fx_scale_speed&quot;:{&quot;unit&quot;:&quot;px&quot;,&quot;size&quot;:10,&quot;sizes&quot;:[]},&quot;background_motion_fx_scale_range&quot;:{&quot;unit&quot;:&quot;%&quot;,&quot;size&quot;:&quot;&quot;,&quot;sizes&quot;:{&quot;start&quot;:0,&quot;end&quot;:100}},&quot;background_motion_fx_translateY_affectedRange&quot;:{&quot;unit&quot;:&quot;%&quot;,&quot;size&quot;:&quot;&quot;,&quot;sizes&quot;:{&quot;start&quot;:0,&quot;end&quot;:100}},&quot;background_motion_fx_scale_direction&quot;:&quot;out-in&quot;,&quot;background_motion_fx_devices&quot;:[&quot;desktop&quot;,&quot;tablet&quot;,&quot;mobile&quot;]}\">\n\t\t\t\t\t\t\t<div class=\"elementor-background-overlay\"><\/div>\n\t\t\t\t\t\t\t<div class=\"elementor-container elementor-column-gap-default\">\n\t\t\t\t\t<div class=\"elementor-column elementor-col-100 elementor-top-column elementor-element elementor-element-a41a2af\" data-id=\"a41a2af\" data-element_type=\"column\">\n\t\t\t<div class=\"elementor-widget-wrap elementor-element-populated\">\n\t\t\t\t\t\t<div class=\"elementor-element elementor-element-b95c7fd elementor-widget elementor-widget-heading\" data-id=\"b95c7fd\" data-element_type=\"widget\" data-widget_type=\"heading.default\">\n\t\t\t\t<div class=\"elementor-widget-container\">\n\t\t\t\t\t<h1 class=\"elementor-heading-title elementor-size-default\">Quality <span class=\"destacat\">management <\/span><\/h1>\t\t\t\t<\/div>\n\t\t\t\t<\/div>\n\t\t\t\t<div class=\"elementor-element elementor-element-051cf70 elementor-widget__width-initial elementor-widget elementor-widget-text-editor\" data-id=\"051cf70\" data-element_type=\"widget\" data-widget_type=\"text-editor.default\">\n\t\t\t\t<div class=\"elementor-widget-container\">\n\t\t\t\t\t\t\t\t\t<span class=\"destacatsubtit\">The quality management <\/span> as the cornerstone of the system life cycle.\t\t\t\t\t\t\t\t<\/div>\n\t\t\t\t<\/div>\n\t\t\t\t\t<\/div>\n\t\t<\/div>\n\t\t\t\t\t<\/div>\n\t\t<\/header>\n\t\t\t\t<section class=\"elementor-section elementor-top-section elementor-element elementor-element-53a895c elementor-section-boxed elementor-section-height-default elementor-section-height-default\" data-id=\"53a895c\" data-element_type=\"section\">\n\t\t\t\t\t\t<div class=\"elementor-container elementor-column-gap-default\">\n\t\t\t\t\t<div class=\"elementor-column elementor-col-100 elementor-top-column elementor-element elementor-element-c68ac84\" data-id=\"c68ac84\" data-element_type=\"column\">\n\t\t\t<div class=\"elementor-widget-wrap elementor-element-populated\">\n\t\t\t\t\t\t<div class=\"elementor-element elementor-element-612053e elementor-widget__width-initial elementor-widget-mobile__width-inherit elementor-widget elementor-widget-heading\" data-id=\"612053e\" data-element_type=\"widget\" data-widget_type=\"heading.default\">\n\t\t\t\t<div class=\"elementor-widget-container\">\n\t\t\t\t\t<h2 class=\"elementor-heading-title elementor-size-default\">In Asfalia, we create agile, efficient and common-sense  <span class=\"destacatsubtit\">quality systems specific <\/span> for computer systems<\/h2>\t\t\t\t<\/div>\n\t\t\t\t<\/div>\n\t\t\t\t<div class=\"elementor-element elementor-element-90a95c6 elementor-widget elementor-widget-text-editor\" data-id=\"90a95c6\" data-element_type=\"widget\" data-widget_type=\"text-editor.default\">\n\t\t\t\t<div class=\"elementor-widget-container\">\n\t\t\t\t\t\t\t\t\tThroughout these years we have seen that when talking about quality systems, the first thing that comes to mind are dozens of documents with processes to follow, heavy and complex tasks and many signatures to request even for the simplest operations, such as opening an incident or managing a minor change in a computer system.\t\t\t\t\t\t\t\t<\/div>\n\t\t\t\t<\/div>\n\t\t\t\t\t<\/div>\n\t\t<\/div>\n\t\t\t\t\t<\/div>\n\t\t<\/section>\n\t\t\t\t<section class=\"elementor-section elementor-top-section elementor-element elementor-element-5fee09c elementor-section-boxed elementor-section-height-default elementor-section-height-default\" data-id=\"5fee09c\" data-element_type=\"section\" data-settings=\"{&quot;background_background&quot;:&quot;classic&quot;}\">\n\t\t\t\t\t\t\t<div class=\"elementor-background-overlay\"><\/div>\n\t\t\t\t\t\t\t<div class=\"elementor-container elementor-column-gap-no\">\n\t\t\t\t\t<div class=\"elementor-column elementor-col-100 elementor-top-column elementor-element elementor-element-b380176\" data-id=\"b380176\" data-element_type=\"column\">\n\t\t\t<div class=\"elementor-widget-wrap elementor-element-populated\">\n\t\t\t\t\t\t<div class=\"elementor-element elementor-element-7cf7092 elementor-widget__width-initial elementor-widget-tablet__width-inherit elementor-widget elementor-widget-heading\" data-id=\"7cf7092\" data-element_type=\"widget\" data-widget_type=\"heading.default\">\n\t\t\t\t<div class=\"elementor-widget-container\">\n\t\t\t\t\t<h2 class=\"elementor-heading-title elementor-size-default\">Contribution to the value of <font color=\"#53f2cc\"><b>the company<\/b><\/font><\/h2>\t\t\t\t<\/div>\n\t\t\t\t<\/div>\n\t\t\t\t<section class=\"elementor-section elementor-inner-section elementor-element elementor-element-79096b6 elementor-section-boxed elementor-section-height-default elementor-section-height-default\" data-id=\"79096b6\" data-element_type=\"section\">\n\t\t\t\t\t\t<div class=\"elementor-container elementor-column-gap-default\">\n\t\t\t\t\t<div class=\"elementor-column elementor-col-100 elementor-inner-column elementor-element elementor-element-f9dfd5f\" data-id=\"f9dfd5f\" data-element_type=\"column\">\n\t\t\t<div class=\"elementor-widget-wrap elementor-element-populated\">\n\t\t\t\t\t\t<div class=\"elementor-element elementor-element-61ae93c elementor-widget elementor-widget-text-editor\" data-id=\"61ae93c\" data-element_type=\"widget\" data-widget_type=\"text-editor.default\">\n\t\t\t\t<div class=\"elementor-widget-container\">\n\t\t\t\t\t\t\t\t\tAs the computer environment is so dynamic, it is essential that companies in the sector of life sciences have an agile but robust quality system to manage their computerized systems, so that the validation personnel and the computer specialists themselves invest their time in what really adds value to the company.\t\t\t\t\t\t\t\t<\/div>\n\t\t\t\t<\/div>\n\t\t\t\t\t<\/div>\n\t\t<\/div>\n\t\t\t\t\t<\/div>\n\t\t<\/section>\n\t\t\t\t\t<\/div>\n\t\t<\/div>\n\t\t\t\t\t<\/div>\n\t\t<\/section>\n\t\t\t\t<section class=\"elementor-section elementor-top-section elementor-element elementor-element-f3c9083 elementor-section-boxed elementor-section-height-default elementor-section-height-default\" data-id=\"f3c9083\" data-element_type=\"section\">\n\t\t\t\t\t\t<div class=\"elementor-container elementor-column-gap-custom\">\n\t\t\t\t\t<div class=\"elementor-column elementor-col-50 elementor-top-column elementor-element elementor-element-c8fe851\" data-id=\"c8fe851\" data-element_type=\"column\" data-settings=\"{&quot;background_background&quot;:&quot;classic&quot;}\">\n\t\t\t<div class=\"elementor-widget-wrap elementor-element-populated\">\n\t\t\t\t\t\t<div class=\"elementor-element elementor-element-55aed07 elementor-widget elementor-widget-spacer\" data-id=\"55aed07\" data-element_type=\"widget\" data-widget_type=\"spacer.default\">\n\t\t\t\t<div class=\"elementor-widget-container\">\n\t\t\t\t\t\t\t<div class=\"elementor-spacer\">\n\t\t\t<div class=\"elementor-spacer-inner\"><\/div>\n\t\t<\/div>\n\t\t\t\t\t\t<\/div>\n\t\t\t\t<\/div>\n\t\t\t\t\t<\/div>\n\t\t<\/div>\n\t\t\t\t<div class=\"elementor-column elementor-col-50 elementor-top-column elementor-element elementor-element-f247c8f\" data-id=\"f247c8f\" data-element_type=\"column\">\n\t\t\t<div class=\"elementor-widget-wrap elementor-element-populated\">\n\t\t\t\t\t\t<div class=\"elementor-element elementor-element-354208b elementor-widget elementor-widget-heading\" data-id=\"354208b\" data-element_type=\"widget\" data-widget_type=\"heading.default\">\n\t\t\t\t<div class=\"elementor-widget-container\">\n\t\t\t\t\t<h2 class=\"elementor-heading-title elementor-size-default\">Asfalia is  <span class=\"destacatsubtit\"> expert in:<\/span><\/h2>\t\t\t\t<\/div>\n\t\t\t\t<\/div>\n\t\t\t\t<div class=\"elementor-element elementor-element-c86dee1 elementor-widget elementor-widget-tp-style-list\" data-id=\"c86dee1\" data-element_type=\"widget\" data-widget_type=\"tp-style-list.default\">\n\t\t\t\t<div class=\"elementor-widget-container\">\n\t\t\t\t\t\t\t\t\t<div class=\"plus-bg-hover-effect\">\r\n\t\t\t\t<div class=\"hover-item-content elementor-repeater-item-c689794 active \"><\/div><div class=\"hover-item-content elementor-repeater-item-ce96db5  \"><\/div><div class=\"hover-item-content elementor-repeater-item-d43b5ef  \"><\/div><div class=\"hover-item-content elementor-repeater-item-81595b7  \"><\/div>\t\t\t\t<\/div>\r\n\t\t\t\r\n\t\t<div class=\"plus-stylist-list-wrapper  animate-general hover-inverse-effect  \"  data-animate-type=\"transition.flipYIn\" data-animate-delay=\"50\" data-animate-offset=\"85%\" data-animate-columns=\"stagger\" data-animate-stagger=\"200\"  data-layout=\"{&quot;desktop&quot;:&quot;default&quot;,&quot;tablet&quot;:&quot;default&quot;,&quot;mobile&quot;:&quot;default&quot;}\" >\r\n\t\t\t\r\n\t\t<ul class=\"plus-icon-list-items d-flex-top\">\r\n\t\t\t\t\t\t\t<li id=\"tooltip69e4a76eda1ec\" class=\"plus-icon-list-item elementor-repeater-item-c689794  animated-columns active\" data-local=\"true\" >\t\t\t\t\r\n\t\t\t\t\r\n\t\t\t\t\t\t\t\t\t\t\t<div class=\"plus-icon-list-icon \"> \r\n\t\t\t\t\t\t\t\t\t\t\t\t\t\t\t\t<i class=\"fa fa-thumbs-up\" aria-hidden=\"true\"><\/i>\r\n\t\t\t\t\t\t\t\t\t\t\t\t\t\t<\/div>\r\n\t\t\t\t\t\t\r\n\t\t\t\t\t<div class=\"plus-icon-list-text \" >\r\n\t\t\t\t\t\tAnalyse the current quality system of the company;\t\t\t\t\t<\/div>\r\n\r\n\t\t\t\t\t\t\t\t\t<\/li>\r\n\t\t\t\t\t\t\t\t<li id=\"tooltip69e4a76eda23e\" class=\"plus-icon-list-item elementor-repeater-item-ce96db5  animated-columns \" data-local=\"true\" >\t\t\t\t\r\n\t\t\t\t\r\n\t\t\t\t\t\t\t\t\t\t\t<div class=\"plus-icon-list-icon \"> \r\n\t\t\t\t\t\t\t\t\t\t\t\t\t\t\t\t<i class=\"fa fa-laptop\" aria-hidden=\"true\"><\/i>\r\n\t\t\t\t\t\t\t\t\t\t\t\t\t\t<\/div>\r\n\t\t\t\t\t\t\r\n\t\t\t\t\t<div class=\"plus-icon-list-text \" >\r\n\t\t\t\t\t\tExclude from this general quality system all operations and processes related to computerized systems;\t\t\t\t\t<\/div>\r\n\r\n\t\t\t\t\t\t\t\t\t<\/li>\r\n\t\t\t\t\t\t\t\t<li id=\"tooltip69e4a76eda26c\" class=\"plus-icon-list-item elementor-repeater-item-d43b5ef  animated-columns \" data-local=\"true\" >\t\t\t\t\r\n\t\t\t\t\r\n\t\t\t\t\t\t\t\t\t\t\t<div class=\"plus-icon-list-icon \"> \r\n\t\t\t\t\t\t\t\t\t\t\t\t\t\t\t\t<i class=\"fa fa-file\" aria-hidden=\"true\"><\/i>\r\n\t\t\t\t\t\t\t\t\t\t\t\t\t\t<\/div>\r\n\t\t\t\t\t\t\r\n\t\t\t\t\t<div class=\"plus-icon-list-text \" >\r\n\t\t\t\t\t\tDraft specific policies and procedures for computer systems that guarantee compliance with regulations in an agile but effective and, above all, efficient manner;\t\t\t\t\t<\/div>\r\n\r\n\t\t\t\t\t\t\t\t\t<\/li>\r\n\t\t\t\t\t\t\t\t<li id=\"tooltip69e4a76eda2bc\" class=\"plus-icon-list-item elementor-repeater-item-81595b7  animated-columns \" data-local=\"true\" >\t\t\t\t\r\n\t\t\t\t\r\n\t\t\t\t\t\t\t\t\t\t\t<div class=\"plus-icon-list-icon \"> \r\n\t\t\t\t\t\t\t\t\t\t\t\t\t\t\t\t<i class=\"fa fa-user\" aria-hidden=\"true\"><\/i>\r\n\t\t\t\t\t\t\t\t\t\t\t\t\t\t<\/div>\r\n\t\t\t\t\t\t\r\n\t\t\t\t\t<div class=\"plus-icon-list-text \" >\r\n\t\t\t\t\t\tTrain the personnel of the company.\t\t\t\t\t<\/div>\r\n\r\n\t\t\t\t\t\t\t\t\t<\/li>\r\n\t\t\t\t\t\t<\/ul>\r\n\r\n\t\t\t\t<\/div>\t\t\r\n\r\n\t\t\t\t\t\t<\/div>\n\t\t\t\t<\/div>\n\t\t\t\t\t<\/div>\n\t\t<\/div>\n\t\t\t\t\t<\/div>\n\t\t<\/section>\n\t\t\t\t<section class=\"elementor-section elementor-top-section elementor-element elementor-element-a3e42dc elementor-section-boxed elementor-section-height-default elementor-section-height-default\" data-id=\"a3e42dc\" data-element_type=\"section\">\n\t\t\t\t\t\t<div class=\"elementor-container elementor-column-gap-default\">\n\t\t\t\t\t<div class=\"elementor-column elementor-col-100 elementor-top-column elementor-element elementor-element-da8850f\" data-id=\"da8850f\" data-element_type=\"column\">\n\t\t\t<div class=\"elementor-widget-wrap elementor-element-populated\">\n\t\t\t\t\t\t<div class=\"elementor-element elementor-element-db410d4 elementor-widget-tablet__width-inherit elementor-widget elementor-widget-text-editor\" data-id=\"db410d4\" data-element_type=\"widget\" data-widget_type=\"text-editor.default\">\n\t\t\t\t<div class=\"elementor-widget-container\">\n\t\t\t\t\t\t\t\t\tIf you are tired of investing time in cumbersome documents and meaningless processes, do not hesitate and contact our staff; we will be happy to make your life easier.\t\t\t\t\t\t\t\t<\/div>\n\t\t\t\t<\/div>\n\t\t\t\t\t<\/div>\n\t\t<\/div>\n\t\t\t\t\t<\/div>\n\t\t<\/section>\n\t\t\t\t<\/div>\n\t\t","protected":false},"excerpt":{"rendered":"<p>Quality management The quality management as the cornerstone of the system life cycle. In Asfalia, we create agile, efficient and common-sense quality systems specific for computer systems Throughout these years we have seen that when talking about quality systems, the first thing that comes to mind are dozens of documents with processes to follow, heavy [&hellip;]<\/p>\n","protected":false},"author":2,"featured_media":0,"parent":0,"menu_order":0,"comment_status":"closed","ping_status":"closed","template":"","meta":{"footnotes":""},"class_list":["post-839","page","type-page","status-publish","hentry"],"yoast_head":"<!-- This site is optimized with the Yoast SEO plugin v25.5 - https:\/\/yoast.com\/wordpress\/plugins\/seo\/ -->\n<title>Quality management - Asfalia EN<\/title>\n<meta name=\"robots\" content=\"index, follow, max-snippet:-1, max-image-preview:large, max-video-preview:-1\" \/>\n<link rel=\"canonical\" href=\"https:\/\/asfalia.es\/en\/quality-management\/\" \/>\n<meta property=\"og:locale\" content=\"en_US\" \/>\n<meta property=\"og:type\" content=\"article\" \/>\n<meta property=\"og:title\" content=\"Quality management - Asfalia EN\" \/>\n<meta property=\"og:description\" content=\"Quality management The quality management as the cornerstone of the system life cycle. In Asfalia, we create agile, efficient and common-sense quality systems specific for computer systems Throughout these years we have seen that when talking about quality systems, the first thing that comes to mind are dozens of documents with processes to follow, heavy [&hellip;]\" \/>\n<meta property=\"og:url\" content=\"https:\/\/asfalia.es\/en\/quality-management\/\" \/>\n<meta property=\"og:site_name\" content=\"Asfalia EN\" \/>\n<meta property=\"article:modified_time\" content=\"2022-12-12T17:50:02+00:00\" \/>\n<meta name=\"twitter:card\" content=\"summary_large_image\" \/>\n<meta name=\"twitter:label1\" content=\"Est. reading time\" \/>\n\t<meta name=\"twitter:data1\" content=\"2 minutes\" \/>\n<script type=\"application\/ld+json\" class=\"yoast-schema-graph\">{\"@context\":\"https:\/\/schema.org\",\"@graph\":[{\"@type\":\"WebPage\",\"@id\":\"https:\/\/asfalia.es\/en\/quality-management\/\",\"url\":\"https:\/\/asfalia.es\/en\/quality-management\/\",\"name\":\"Quality management - Asfalia EN\",\"isPartOf\":{\"@id\":\"https:\/\/asfalia.es\/en\/#website\"},\"datePublished\":\"2022-06-16T06:09:03+00:00\",\"dateModified\":\"2022-12-12T17:50:02+00:00\",\"breadcrumb\":{\"@id\":\"https:\/\/asfalia.es\/en\/quality-management\/#breadcrumb\"},\"inLanguage\":\"en-US\",\"potentialAction\":[{\"@type\":\"ReadAction\",\"target\":[\"https:\/\/asfalia.es\/en\/quality-management\/\"]}]},{\"@type\":\"BreadcrumbList\",\"@id\":\"https:\/\/asfalia.es\/en\/quality-management\/#breadcrumb\",\"itemListElement\":[{\"@type\":\"ListItem\",\"position\":1,\"name\":\"Portada\",\"item\":\"https:\/\/asfalia.es\/en\/\"},{\"@type\":\"ListItem\",\"position\":2,\"name\":\"Quality management\"}]},{\"@type\":\"WebSite\",\"@id\":\"https:\/\/asfalia.es\/en\/#website\",\"url\":\"https:\/\/asfalia.es\/en\/\",\"name\":\"Asfalia EN\",\"description\":\"Validaci\u00f3n de sistemas inform\u00e1ticos y consultor\u00eda\",\"publisher\":{\"@id\":\"https:\/\/asfalia.es\/en\/#organization\"},\"potentialAction\":[{\"@type\":\"SearchAction\",\"target\":{\"@type\":\"EntryPoint\",\"urlTemplate\":\"https:\/\/asfalia.es\/en\/?s={search_term_string}\"},\"query-input\":{\"@type\":\"PropertyValueSpecification\",\"valueRequired\":true,\"valueName\":\"search_term_string\"}}],\"inLanguage\":\"en-US\"},{\"@type\":\"Organization\",\"@id\":\"https:\/\/asfalia.es\/en\/#organization\",\"name\":\"Asfalia EN\",\"url\":\"https:\/\/asfalia.es\/en\/\",\"logo\":{\"@type\":\"ImageObject\",\"inLanguage\":\"en-US\",\"@id\":\"https:\/\/asfalia.es\/en\/#\/schema\/logo\/image\/\",\"url\":\"https:\/\/asfalia.es\/en\/wp-content\/uploads\/sites\/4\/2021\/06\/Mesa-de-trabajo-1.png\",\"contentUrl\":\"https:\/\/asfalia.es\/en\/wp-content\/uploads\/sites\/4\/2021\/06\/Mesa-de-trabajo-1.png\",\"width\":513,\"height\":123,\"caption\":\"Asfalia EN\"},\"image\":{\"@id\":\"https:\/\/asfalia.es\/en\/#\/schema\/logo\/image\/\"}}]}<\/script>\n<!-- \/ Yoast SEO plugin. -->","yoast_head_json":{"title":"Quality management - Asfalia EN","robots":{"index":"index","follow":"follow","max-snippet":"max-snippet:-1","max-image-preview":"max-image-preview:large","max-video-preview":"max-video-preview:-1"},"canonical":"https:\/\/asfalia.es\/en\/quality-management\/","og_locale":"en_US","og_type":"article","og_title":"Quality management - Asfalia EN","og_description":"Quality management The quality management as the cornerstone of the system life cycle. In Asfalia, we create agile, efficient and common-sense quality systems specific for computer systems Throughout these years we have seen that when talking about quality systems, the first thing that comes to mind are dozens of documents with processes to follow, heavy [&hellip;]","og_url":"https:\/\/asfalia.es\/en\/quality-management\/","og_site_name":"Asfalia EN","article_modified_time":"2022-12-12T17:50:02+00:00","twitter_card":"summary_large_image","twitter_misc":{"Est. reading time":"2 minutes"},"schema":{"@context":"https:\/\/schema.org","@graph":[{"@type":"WebPage","@id":"https:\/\/asfalia.es\/en\/quality-management\/","url":"https:\/\/asfalia.es\/en\/quality-management\/","name":"Quality management - Asfalia EN","isPartOf":{"@id":"https:\/\/asfalia.es\/en\/#website"},"datePublished":"2022-06-16T06:09:03+00:00","dateModified":"2022-12-12T17:50:02+00:00","breadcrumb":{"@id":"https:\/\/asfalia.es\/en\/quality-management\/#breadcrumb"},"inLanguage":"en-US","potentialAction":[{"@type":"ReadAction","target":["https:\/\/asfalia.es\/en\/quality-management\/"]}]},{"@type":"BreadcrumbList","@id":"https:\/\/asfalia.es\/en\/quality-management\/#breadcrumb","itemListElement":[{"@type":"ListItem","position":1,"name":"Portada","item":"https:\/\/asfalia.es\/en\/"},{"@type":"ListItem","position":2,"name":"Quality management"}]},{"@type":"WebSite","@id":"https:\/\/asfalia.es\/en\/#website","url":"https:\/\/asfalia.es\/en\/","name":"Asfalia EN","description":"Validaci\u00f3n de sistemas inform\u00e1ticos y consultor\u00eda","publisher":{"@id":"https:\/\/asfalia.es\/en\/#organization"},"potentialAction":[{"@type":"SearchAction","target":{"@type":"EntryPoint","urlTemplate":"https:\/\/asfalia.es\/en\/?s={search_term_string}"},"query-input":{"@type":"PropertyValueSpecification","valueRequired":true,"valueName":"search_term_string"}}],"inLanguage":"en-US"},{"@type":"Organization","@id":"https:\/\/asfalia.es\/en\/#organization","name":"Asfalia EN","url":"https:\/\/asfalia.es\/en\/","logo":{"@type":"ImageObject","inLanguage":"en-US","@id":"https:\/\/asfalia.es\/en\/#\/schema\/logo\/image\/","url":"https:\/\/asfalia.es\/en\/wp-content\/uploads\/sites\/4\/2021\/06\/Mesa-de-trabajo-1.png","contentUrl":"https:\/\/asfalia.es\/en\/wp-content\/uploads\/sites\/4\/2021\/06\/Mesa-de-trabajo-1.png","width":513,"height":123,"caption":"Asfalia EN"},"image":{"@id":"https:\/\/asfalia.es\/en\/#\/schema\/logo\/image\/"}}]}},"_links":{"self":[{"href":"https:\/\/asfalia.es\/en\/wp-json\/wp\/v2\/pages\/839","targetHints":{"allow":["GET"]}}],"collection":[{"href":"https:\/\/asfalia.es\/en\/wp-json\/wp\/v2\/pages"}],"about":[{"href":"https:\/\/asfalia.es\/en\/wp-json\/wp\/v2\/types\/page"}],"author":[{"embeddable":true,"href":"https:\/\/asfalia.es\/en\/wp-json\/wp\/v2\/users\/2"}],"replies":[{"embeddable":true,"href":"https:\/\/asfalia.es\/en\/wp-json\/wp\/v2\/comments?post=839"}],"version-history":[{"count":0,"href":"https:\/\/asfalia.es\/en\/wp-json\/wp\/v2\/pages\/839\/revisions"}],"wp:attachment":[{"href":"https:\/\/asfalia.es\/en\/wp-json\/wp\/v2\/media?parent=839"}],"curies":[{"name":"wp","href":"https:\/\/api.w.org\/{rel}","templated":true}]}}