{"id":843,"date":"2022-06-16T06:09:48","date_gmt":"2022-06-16T06:09:48","guid":{"rendered":"https:\/\/asfalia.es\/?page_id=843"},"modified":"2022-12-12T17:53:54","modified_gmt":"2022-12-12T17:53:54","slug":"auditoria","status":"publish","type":"page","link":"https:\/\/asfalia.es\/ca\/auditoria\/","title":{"rendered":"Auditoria"},"content":{"rendered":"\t\t<div data-elementor-type=\"wp-page\" data-elementor-id=\"843\" class=\"elementor elementor-843\" data-elementor-post-type=\"page\">\n\t\t\t\t\t\t<header class=\"elementor-section elementor-top-section elementor-element elementor-element-175e40a elementor-section-height-min-height elementor-section-items-stretch elementor-section-boxed elementor-section-height-default\" data-id=\"175e40a\" data-element_type=\"section\" data-settings=\"{&quot;background_background&quot;:&quot;classic&quot;,&quot;background_motion_fx_motion_fx_scrolling&quot;:&quot;yes&quot;,&quot;background_motion_fx_translateY_effect&quot;:&quot;yes&quot;,&quot;background_motion_fx_translateY_speed&quot;:{&quot;unit&quot;:&quot;px&quot;,&quot;size&quot;:10,&quot;sizes&quot;:[]},&quot;background_motion_fx_scale_effect&quot;:&quot;yes&quot;,&quot;background_motion_fx_scale_speed&quot;:{&quot;unit&quot;:&quot;px&quot;,&quot;size&quot;:10,&quot;sizes&quot;:[]},&quot;background_motion_fx_scale_range&quot;:{&quot;unit&quot;:&quot;%&quot;,&quot;size&quot;:&quot;&quot;,&quot;sizes&quot;:{&quot;start&quot;:0,&quot;end&quot;:100}},&quot;background_motion_fx_translateY_affectedRange&quot;:{&quot;unit&quot;:&quot;%&quot;,&quot;size&quot;:&quot;&quot;,&quot;sizes&quot;:{&quot;start&quot;:0,&quot;end&quot;:100}},&quot;background_motion_fx_scale_direction&quot;:&quot;out-in&quot;,&quot;background_motion_fx_devices&quot;:[&quot;desktop&quot;,&quot;tablet&quot;,&quot;mobile&quot;]}\">\n\t\t\t\t\t\t\t<div class=\"elementor-background-overlay\"><\/div>\n\t\t\t\t\t\t\t<div class=\"elementor-container elementor-column-gap-default\">\n\t\t\t\t\t<div class=\"elementor-column elementor-col-100 elementor-top-column elementor-element elementor-element-31a27c1\" data-id=\"31a27c1\" data-element_type=\"column\">\n\t\t\t<div class=\"elementor-widget-wrap elementor-element-populated\">\n\t\t\t\t\t\t<div class=\"elementor-element elementor-element-686ddd7 elementor-widget__width-initial elementor-widget elementor-widget-heading\" data-id=\"686ddd7\" data-element_type=\"widget\" data-widget_type=\"heading.default\">\n\t\t\t\t<div class=\"elementor-widget-container\">\n\t\t\t\t\t<h1 class=\"elementor-heading-title elementor-size-default\"><span class=\"destacat\">Auditoria<\/span><\/h1>\t\t\t\t<\/div>\n\t\t\t\t<\/div>\n\t\t\t\t<div class=\"elementor-element elementor-element-a9c3ff5 elementor-widget__width-initial elementor-widget-tablet__width-inherit elementor-widget elementor-widget-text-editor\" data-id=\"a9c3ff5\" data-element_type=\"widget\" data-widget_type=\"text-editor.default\">\n\t\t\t\t<div class=\"elementor-widget-container\">\n\t\t\t\t\t\t\t\t\tSi treballes en el sector de las ci\u00e8ncies de la vida, has de validar els teus sistemes inform\u00e0tics. <span class=\"destacatsubtit\">LTruca\u2019ns i t\u2019ajudarem a aconseguir-ho.<\/span>\t\t\t\t\t\t\t\t<\/div>\n\t\t\t\t<\/div>\n\t\t\t\t\t<\/div>\n\t\t<\/div>\n\t\t\t\t\t<\/div>\n\t\t<\/header>\n\t\t\t\t<section class=\"elementor-section elementor-top-section elementor-element elementor-element-d308851 elementor-section-boxed elementor-section-height-default elementor-section-height-default\" data-id=\"d308851\" data-element_type=\"section\">\n\t\t\t\t\t\t<div class=\"elementor-container elementor-column-gap-default\">\n\t\t\t\t\t<div class=\"elementor-column elementor-col-100 elementor-top-column elementor-element elementor-element-6bd673f\" data-id=\"6bd673f\" data-element_type=\"column\">\n\t\t\t<div class=\"elementor-widget-wrap elementor-element-populated\">\n\t\t\t\t\t\t<div class=\"elementor-element elementor-element-726cb39 elementor-widget__width-initial elementor-widget-tablet__width-inherit elementor-widget elementor-widget-heading\" data-id=\"726cb39\" data-element_type=\"widget\" data-widget_type=\"heading.default\">\n\t\t\t\t<div class=\"elementor-widget-container\">\n\t\t\t\t\t<h2 class=\"elementor-heading-title elementor-size-default\">A Asfalia  <span class=\"destacatsubtit\">portem a terme auditories <\/span> relacionades amb els sistemes inform\u00e0tics tenint en compte les normatives i el sector<\/h2>\t\t\t\t<\/div>\n\t\t\t\t<\/div>\n\t\t\t\t\t<\/div>\n\t\t<\/div>\n\t\t\t\t\t<\/div>\n\t\t<\/section>\n\t\t\t\t<section class=\"elementor-section elementor-top-section elementor-element elementor-element-a97da5e elementor-section-boxed elementor-section-height-default elementor-section-height-default\" data-id=\"a97da5e\" data-element_type=\"section\">\n\t\t\t\t\t\t<div class=\"elementor-container elementor-column-gap-default\">\n\t\t\t\t\t<div class=\"elementor-column elementor-col-50 elementor-top-column elementor-element elementor-element-ec6b2e0\" data-id=\"ec6b2e0\" data-element_type=\"column\" data-settings=\"{&quot;background_background&quot;:&quot;classic&quot;}\">\n\t\t\t<div class=\"elementor-widget-wrap elementor-element-populated\">\n\t\t\t\t\t\t<div class=\"elementor-element elementor-element-4642f48 elementor-widget elementor-widget-spacer\" data-id=\"4642f48\" data-element_type=\"widget\" data-widget_type=\"spacer.default\">\n\t\t\t\t<div class=\"elementor-widget-container\">\n\t\t\t\t\t\t\t<div class=\"elementor-spacer\">\n\t\t\t<div class=\"elementor-spacer-inner\"><\/div>\n\t\t<\/div>\n\t\t\t\t\t\t<\/div>\n\t\t\t\t<\/div>\n\t\t\t\t\t<\/div>\n\t\t<\/div>\n\t\t\t\t<div class=\"elementor-column elementor-col-50 elementor-top-column elementor-element elementor-element-5177b18\" data-id=\"5177b18\" data-element_type=\"column\" data-settings=\"{&quot;background_background&quot;:&quot;classic&quot;}\">\n\t\t\t<div class=\"elementor-widget-wrap elementor-element-populated\">\n\t\t\t\t\t\t<div class=\"elementor-element elementor-element-1bd5426 elementor-widget elementor-widget-heading\" data-id=\"1bd5426\" data-element_type=\"widget\" data-widget_type=\"heading.default\">\n\t\t\t\t<div class=\"elementor-widget-container\">\n\t\t\t\t\t<h2 class=\"elementor-heading-title elementor-size-default\">Enfoquem el proc\u00e9s com una <span class=\"destacat2\">oportunitat de millora<\/span><\/h2>\t\t\t\t<\/div>\n\t\t\t\t<\/div>\n\t\t\t\t<div class=\"elementor-element elementor-element-5b54e22 elementor-widget elementor-widget-text-editor\" data-id=\"5b54e22\" data-element_type=\"widget\" data-widget_type=\"text-editor.default\">\n\t\t\t\t<div class=\"elementor-widget-container\">\n\t\t\t\t\t\t\t\t\tSegons l&#8217;ISO (Organitzaci\u00f3 Internacional de Normalitzaci\u00f3), l&#8217;auditoria \u00e9s un proc\u00e9s sistem\u00e0tic, independent i documentat per obtenir evid\u00e8ncies objectives i avaluar-les de manera objectiva per tal de determinar el grau en qu\u00e8 es compleixen els criteris d&#8217;auditoria i la finalitat dels quals \u00e9s diagnosticar i identificar quines activitats es desenvolupen segons all\u00f2 esperat, quines no i aquelles que s\u00f3n susceptibles de millora. Al sector regulat, els seus criteris solen ser el compliment de normatives, tant internes com externes, i s\u00f3n aplicables a sistemes inform\u00e0tics, al sistema de qualitat, al personal d&#8217;un departament o a prove\u00efdors.\t\t\t\t\t\t\t\t<\/div>\n\t\t\t\t<\/div>\n\t\t\t\t\t<\/div>\n\t\t<\/div>\n\t\t\t\t\t<\/div>\n\t\t<\/section>\n\t\t\t\t<section class=\"elementor-section elementor-top-section elementor-element elementor-element-f6166dc elementor-reverse-mobile elementor-section-boxed elementor-section-height-default elementor-section-height-default\" data-id=\"f6166dc\" data-element_type=\"section\">\n\t\t\t\t\t\t<div class=\"elementor-container elementor-column-gap-default\">\n\t\t\t\t\t<div class=\"elementor-column elementor-col-50 elementor-top-column elementor-element elementor-element-7a6a87b\" data-id=\"7a6a87b\" data-element_type=\"column\">\n\t\t\t<div class=\"elementor-widget-wrap elementor-element-populated\">\n\t\t\t\t\t\t<div class=\"elementor-element elementor-element-2610835 elementor-widget elementor-widget-heading\" data-id=\"2610835\" data-element_type=\"widget\" data-widget_type=\"heading.default\">\n\t\t\t\t<div class=\"elementor-widget-container\">\n\t\t\t\t\t<h2 class=\"elementor-heading-title elementor-size-default\">Motius per  <span class=\"destacat2\">auditar<\/span><\/h2>\t\t\t\t<\/div>\n\t\t\t\t<\/div>\n\t\t\t\t<div class=\"elementor-element elementor-element-dfe47f0 elementor-widget elementor-widget-text-editor\" data-id=\"dfe47f0\" data-element_type=\"widget\" data-widget_type=\"text-editor.default\">\n\t\t\t\t<div class=\"elementor-widget-container\">\n\t\t\t\t\t\t\t\t\t<p>Els motius per dur-les a terme inclouen: revisions peri\u00f2diques de l&#8217;estat de validaci\u00f3 del sistema, l&#8217;adquisici\u00f3 d&#8217;un sistema inform\u00e0tic nou o l&#8217;obertura als mercats internacionals que comporten l&#8217;obligatorietat del compliment de noves normatives. En tots aquests casos, els informes d&#8217;auditoria s\u00f3n una eina molt \u00fatil per a l&#8217;empresa a l&#8217;hora de seleccionar un sistema, un prove\u00efdor o establir un pla de millores o accions correctives.<\/p><p>Si teniu pendent una revisi\u00f3 peri\u00f2dica, voleu assegurar-vos que un sistema compleix les normatives aplicables al sector regulat, el grau de maduresa d&#8217;un prove\u00efdor o has d&#8217;executar el pla d&#8217;acci\u00f3 d&#8217;una auditoria d&#8217;un tercer, no dubtis en contactar amb nosaltres i estarem encantats d&#8217;ajudar-te.<\/p>\t\t\t\t\t\t\t\t<\/div>\n\t\t\t\t<\/div>\n\t\t\t\t\t<\/div>\n\t\t<\/div>\n\t\t\t\t<div class=\"elementor-column elementor-col-50 elementor-top-column elementor-element elementor-element-e7fd523\" data-id=\"e7fd523\" data-element_type=\"column\" data-settings=\"{&quot;background_background&quot;:&quot;classic&quot;}\">\n\t\t\t<div class=\"elementor-widget-wrap elementor-element-populated\">\n\t\t\t\t\t\t<div class=\"elementor-element elementor-element-fd19999 elementor-widget elementor-widget-spacer\" data-id=\"fd19999\" data-element_type=\"widget\" data-widget_type=\"spacer.default\">\n\t\t\t\t<div class=\"elementor-widget-container\">\n\t\t\t\t\t\t\t<div class=\"elementor-spacer\">\n\t\t\t<div class=\"elementor-spacer-inner\"><\/div>\n\t\t<\/div>\n\t\t\t\t\t\t<\/div>\n\t\t\t\t<\/div>\n\t\t\t\t\t<\/div>\n\t\t<\/div>\n\t\t\t\t\t<\/div>\n\t\t<\/section>\n\t\t\t\t<\/div>\n\t\t","protected":false},"excerpt":{"rendered":"<p>Auditoria Si treballes en el sector de las ci\u00e8ncies de la vida, has de validar els teus sistemes inform\u00e0tics. LTruca\u2019ns i t\u2019ajudarem a aconseguir-ho. A Asfalia portem a terme auditories relacionades amb els sistemes inform\u00e0tics tenint en compte les normatives i el sector Enfoquem el proc\u00e9s com una oportunitat de millora Segons l&#8217;ISO (Organitzaci\u00f3 Internacional [&hellip;]<\/p>\n","protected":false},"author":2,"featured_media":0,"parent":0,"menu_order":0,"comment_status":"closed","ping_status":"closed","template":"","meta":{"footnotes":""},"class_list":["post-843","page","type-page","status-publish","hentry"],"yoast_head":"<!-- This site is optimized with the Yoast SEO plugin v25.5 - https:\/\/yoast.com\/wordpress\/plugins\/seo\/ -->\n<title>Auditoria - Asfalia CA<\/title>\n<meta name=\"robots\" content=\"index, follow, max-snippet:-1, max-image-preview:large, max-video-preview:-1\" \/>\n<link rel=\"canonical\" href=\"https:\/\/asfalia.es\/ca\/auditoria\/\" \/>\n<meta property=\"og:locale\" content=\"ca_ES\" \/>\n<meta property=\"og:type\" content=\"article\" \/>\n<meta property=\"og:title\" content=\"Auditoria - Asfalia CA\" \/>\n<meta property=\"og:description\" content=\"Auditoria Si treballes en el sector de las ci\u00e8ncies de la vida, has de validar els teus sistemes inform\u00e0tics. LTruca\u2019ns i t\u2019ajudarem a aconseguir-ho. A Asfalia portem a terme auditories relacionades amb els sistemes inform\u00e0tics tenint en compte les normatives i el sector Enfoquem el proc\u00e9s com una oportunitat de millora Segons l&#8217;ISO (Organitzaci\u00f3 Internacional [&hellip;]\" \/>\n<meta property=\"og:url\" content=\"https:\/\/asfalia.es\/ca\/auditoria\/\" \/>\n<meta property=\"og:site_name\" content=\"Asfalia CA\" \/>\n<meta property=\"article:modified_time\" content=\"2022-12-12T17:53:54+00:00\" \/>\n<meta name=\"twitter:card\" content=\"summary_large_image\" \/>\n<meta name=\"twitter:label1\" content=\"Temps estimat de lectura\" \/>\n\t<meta name=\"twitter:data1\" content=\"2 minuts\" \/>\n<script type=\"application\/ld+json\" class=\"yoast-schema-graph\">{\"@context\":\"https:\/\/schema.org\",\"@graph\":[{\"@type\":\"WebPage\",\"@id\":\"https:\/\/asfalia.es\/ca\/auditoria\/\",\"url\":\"https:\/\/asfalia.es\/ca\/auditoria\/\",\"name\":\"Auditoria - Asfalia CA\",\"isPartOf\":{\"@id\":\"https:\/\/asfalia.es\/ca\/#website\"},\"datePublished\":\"2022-06-16T06:09:48+00:00\",\"dateModified\":\"2022-12-12T17:53:54+00:00\",\"breadcrumb\":{\"@id\":\"https:\/\/asfalia.es\/ca\/auditoria\/#breadcrumb\"},\"inLanguage\":\"ca\",\"potentialAction\":[{\"@type\":\"ReadAction\",\"target\":[\"https:\/\/asfalia.es\/ca\/auditoria\/\"]}]},{\"@type\":\"BreadcrumbList\",\"@id\":\"https:\/\/asfalia.es\/ca\/auditoria\/#breadcrumb\",\"itemListElement\":[{\"@type\":\"ListItem\",\"position\":1,\"name\":\"Portada\",\"item\":\"https:\/\/asfalia.es\/ca\/\"},{\"@type\":\"ListItem\",\"position\":2,\"name\":\"Auditoria\"}]},{\"@type\":\"WebSite\",\"@id\":\"https:\/\/asfalia.es\/ca\/#website\",\"url\":\"https:\/\/asfalia.es\/ca\/\",\"name\":\"Asfalia CA\",\"description\":\"Validaci\u00f3 de sistemes inform\u00e0tics i consultoria\",\"publisher\":{\"@id\":\"https:\/\/asfalia.es\/ca\/#organization\"},\"potentialAction\":[{\"@type\":\"SearchAction\",\"target\":{\"@type\":\"EntryPoint\",\"urlTemplate\":\"https:\/\/asfalia.es\/ca\/?s={search_term_string}\"},\"query-input\":{\"@type\":\"PropertyValueSpecification\",\"valueRequired\":true,\"valueName\":\"search_term_string\"}}],\"inLanguage\":\"ca\"},{\"@type\":\"Organization\",\"@id\":\"https:\/\/asfalia.es\/ca\/#organization\",\"name\":\"Asfalia CA\",\"url\":\"https:\/\/asfalia.es\/ca\/\",\"logo\":{\"@type\":\"ImageObject\",\"inLanguage\":\"ca\",\"@id\":\"https:\/\/asfalia.es\/ca\/#\/schema\/logo\/image\/\",\"url\":\"https:\/\/asfalia.es\/ca\/wp-content\/uploads\/sites\/3\/2021\/06\/Mesa-de-trabajo-1.png\",\"contentUrl\":\"https:\/\/asfalia.es\/ca\/wp-content\/uploads\/sites\/3\/2021\/06\/Mesa-de-trabajo-1.png\",\"width\":513,\"height\":123,\"caption\":\"Asfalia CA\"},\"image\":{\"@id\":\"https:\/\/asfalia.es\/ca\/#\/schema\/logo\/image\/\"}}]}<\/script>\n<!-- \/ Yoast SEO plugin. -->","yoast_head_json":{"title":"Auditoria - Asfalia CA","robots":{"index":"index","follow":"follow","max-snippet":"max-snippet:-1","max-image-preview":"max-image-preview:large","max-video-preview":"max-video-preview:-1"},"canonical":"https:\/\/asfalia.es\/ca\/auditoria\/","og_locale":"ca_ES","og_type":"article","og_title":"Auditoria - Asfalia CA","og_description":"Auditoria Si treballes en el sector de las ci\u00e8ncies de la vida, has de validar els teus sistemes inform\u00e0tics. LTruca\u2019ns i t\u2019ajudarem a aconseguir-ho. A Asfalia portem a terme auditories relacionades amb els sistemes inform\u00e0tics tenint en compte les normatives i el sector Enfoquem el proc\u00e9s com una oportunitat de millora Segons l&#8217;ISO (Organitzaci\u00f3 Internacional [&hellip;]","og_url":"https:\/\/asfalia.es\/ca\/auditoria\/","og_site_name":"Asfalia CA","article_modified_time":"2022-12-12T17:53:54+00:00","twitter_card":"summary_large_image","twitter_misc":{"Temps estimat de lectura":"2 minuts"},"schema":{"@context":"https:\/\/schema.org","@graph":[{"@type":"WebPage","@id":"https:\/\/asfalia.es\/ca\/auditoria\/","url":"https:\/\/asfalia.es\/ca\/auditoria\/","name":"Auditoria - Asfalia CA","isPartOf":{"@id":"https:\/\/asfalia.es\/ca\/#website"},"datePublished":"2022-06-16T06:09:48+00:00","dateModified":"2022-12-12T17:53:54+00:00","breadcrumb":{"@id":"https:\/\/asfalia.es\/ca\/auditoria\/#breadcrumb"},"inLanguage":"ca","potentialAction":[{"@type":"ReadAction","target":["https:\/\/asfalia.es\/ca\/auditoria\/"]}]},{"@type":"BreadcrumbList","@id":"https:\/\/asfalia.es\/ca\/auditoria\/#breadcrumb","itemListElement":[{"@type":"ListItem","position":1,"name":"Portada","item":"https:\/\/asfalia.es\/ca\/"},{"@type":"ListItem","position":2,"name":"Auditoria"}]},{"@type":"WebSite","@id":"https:\/\/asfalia.es\/ca\/#website","url":"https:\/\/asfalia.es\/ca\/","name":"Asfalia CA","description":"Validaci\u00f3 de sistemes inform\u00e0tics i consultoria","publisher":{"@id":"https:\/\/asfalia.es\/ca\/#organization"},"potentialAction":[{"@type":"SearchAction","target":{"@type":"EntryPoint","urlTemplate":"https:\/\/asfalia.es\/ca\/?s={search_term_string}"},"query-input":{"@type":"PropertyValueSpecification","valueRequired":true,"valueName":"search_term_string"}}],"inLanguage":"ca"},{"@type":"Organization","@id":"https:\/\/asfalia.es\/ca\/#organization","name":"Asfalia CA","url":"https:\/\/asfalia.es\/ca\/","logo":{"@type":"ImageObject","inLanguage":"ca","@id":"https:\/\/asfalia.es\/ca\/#\/schema\/logo\/image\/","url":"https:\/\/asfalia.es\/ca\/wp-content\/uploads\/sites\/3\/2021\/06\/Mesa-de-trabajo-1.png","contentUrl":"https:\/\/asfalia.es\/ca\/wp-content\/uploads\/sites\/3\/2021\/06\/Mesa-de-trabajo-1.png","width":513,"height":123,"caption":"Asfalia CA"},"image":{"@id":"https:\/\/asfalia.es\/ca\/#\/schema\/logo\/image\/"}}]}},"_links":{"self":[{"href":"https:\/\/asfalia.es\/ca\/wp-json\/wp\/v2\/pages\/843","targetHints":{"allow":["GET"]}}],"collection":[{"href":"https:\/\/asfalia.es\/ca\/wp-json\/wp\/v2\/pages"}],"about":[{"href":"https:\/\/asfalia.es\/ca\/wp-json\/wp\/v2\/types\/page"}],"author":[{"embeddable":true,"href":"https:\/\/asfalia.es\/ca\/wp-json\/wp\/v2\/users\/2"}],"replies":[{"embeddable":true,"href":"https:\/\/asfalia.es\/ca\/wp-json\/wp\/v2\/comments?post=843"}],"version-history":[{"count":3,"href":"https:\/\/asfalia.es\/ca\/wp-json\/wp\/v2\/pages\/843\/revisions"}],"predecessor-version":[{"id":6116,"href":"https:\/\/asfalia.es\/ca\/wp-json\/wp\/v2\/pages\/843\/revisions\/6116"}],"wp:attachment":[{"href":"https:\/\/asfalia.es\/ca\/wp-json\/wp\/v2\/media?parent=843"}],"curies":[{"name":"wp","href":"https:\/\/api.w.org\/{rel}","templated":true}]}}