{"id":841,"date":"2022-06-16T06:09:24","date_gmt":"2022-06-16T06:09:24","guid":{"rendered":"https:\/\/asfalia.es\/?page_id=841"},"modified":"2022-12-12T17:55:40","modified_gmt":"2022-12-12T17:55:40","slug":"formacio","status":"publish","type":"page","link":"https:\/\/asfalia.es\/ca\/formacio\/","title":{"rendered":"Formaci\u00f3"},"content":{"rendered":"\t\t<div data-elementor-type=\"wp-page\" data-elementor-id=\"841\" class=\"elementor elementor-841\" data-elementor-post-type=\"page\">\n\t\t\t\t\t\t<header class=\"elementor-section elementor-top-section elementor-element elementor-element-226aa06 elementor-section-height-min-height elementor-section-items-stretch elementor-section-boxed elementor-section-height-default\" data-id=\"226aa06\" data-element_type=\"section\" data-settings=\"{&quot;background_background&quot;:&quot;classic&quot;,&quot;background_motion_fx_motion_fx_scrolling&quot;:&quot;yes&quot;,&quot;background_motion_fx_translateY_effect&quot;:&quot;yes&quot;,&quot;background_motion_fx_translateY_speed&quot;:{&quot;unit&quot;:&quot;px&quot;,&quot;size&quot;:10,&quot;sizes&quot;:[]},&quot;background_motion_fx_scale_effect&quot;:&quot;yes&quot;,&quot;background_motion_fx_scale_speed&quot;:{&quot;unit&quot;:&quot;px&quot;,&quot;size&quot;:10,&quot;sizes&quot;:[]},&quot;background_motion_fx_scale_range&quot;:{&quot;unit&quot;:&quot;%&quot;,&quot;size&quot;:&quot;&quot;,&quot;sizes&quot;:{&quot;start&quot;:0,&quot;end&quot;:100}},&quot;background_motion_fx_translateY_affectedRange&quot;:{&quot;unit&quot;:&quot;%&quot;,&quot;size&quot;:&quot;&quot;,&quot;sizes&quot;:{&quot;start&quot;:0,&quot;end&quot;:100}},&quot;background_motion_fx_scale_direction&quot;:&quot;out-in&quot;,&quot;background_motion_fx_devices&quot;:[&quot;desktop&quot;,&quot;tablet&quot;,&quot;mobile&quot;]}\">\n\t\t\t\t\t\t\t<div class=\"elementor-background-overlay\"><\/div>\n\t\t\t\t\t\t\t<div class=\"elementor-container elementor-column-gap-default\">\n\t\t\t\t\t<div class=\"elementor-column elementor-col-100 elementor-top-column elementor-element elementor-element-ca285fe\" data-id=\"ca285fe\" data-element_type=\"column\">\n\t\t\t<div class=\"elementor-widget-wrap elementor-element-populated\">\n\t\t\t\t\t\t<div class=\"elementor-element elementor-element-12fa31a elementor-widget__width-initial elementor-widget elementor-widget-heading\" data-id=\"12fa31a\" data-element_type=\"widget\" data-widget_type=\"heading.default\">\n\t\t\t\t<div class=\"elementor-widget-container\">\n\t\t\t\t\t<h1 class=\"elementor-heading-title elementor-size-default\"><span class=\"destacat\">Formaci\u00f3<\/span><\/h1>\t\t\t\t<\/div>\n\t\t\t\t<\/div>\n\t\t\t\t<div class=\"elementor-element elementor-element-0411eec elementor-widget__width-initial elementor-widget elementor-widget-text-editor\" data-id=\"0411eec\" data-element_type=\"widget\" data-widget_type=\"text-editor.default\">\n\t\t\t\t<div class=\"elementor-widget-container\">\n\t\t\t\t\t\t\t\t\t<span class=\"destacatsubtit\">La formaci\u00f3 com a pilar <\/span> sobre el que s\u2019assenta l\u2019evoluci\u00f3 de l\u2019empresa.\t\t\t\t\t\t\t\t<\/div>\n\t\t\t\t<\/div>\n\t\t\t\t\t<\/div>\n\t\t<\/div>\n\t\t\t\t\t<\/div>\n\t\t<\/header>\n\t\t\t\t<section class=\"elementor-section elementor-top-section elementor-element elementor-element-5a25255 elementor-section-boxed elementor-section-height-default elementor-section-height-default\" data-id=\"5a25255\" data-element_type=\"section\">\n\t\t\t\t\t\t<div class=\"elementor-container elementor-column-gap-default\">\n\t\t\t\t\t<div class=\"elementor-column elementor-col-100 elementor-top-column elementor-element elementor-element-8b1f224\" data-id=\"8b1f224\" data-element_type=\"column\">\n\t\t\t<div class=\"elementor-widget-wrap elementor-element-populated\">\n\t\t\t\t\t\t<div class=\"elementor-element elementor-element-c1eec02 elementor-widget__width-initial elementor-widget-tablet__width-inherit elementor-widget elementor-widget-heading\" data-id=\"c1eec02\" data-element_type=\"widget\" data-widget_type=\"heading.default\">\n\t\t\t\t<div class=\"elementor-widget-container\">\n\t\t\t\t\t<h2 class=\"elementor-heading-title elementor-size-default\">Si poguessis fer alguna cosa per augmentar la motivaci\u00f3 dels empleats, generar m\u00e9s confian\u00e7a en la pr\u00f2pia organitzaci\u00f3, etc.,<span class=\"destacatsubtit\"> \u00bfno ho faries?<\/span><\/h2>\t\t\t\t<\/div>\n\t\t\t\t<\/div>\n\t\t\t\t<div class=\"elementor-element elementor-element-21689cd elementor-widget elementor-widget-text-editor\" data-id=\"21689cd\" data-element_type=\"widget\" data-widget_type=\"text-editor.default\">\n\t\t\t\t<div class=\"elementor-widget-container\">\n\t\t\t\t\t\t\t\t\t<p>Una manera d&#8217;aconseguir-ho \u00e9s mitjan\u00e7ant la formaci\u00f3 continuada.<\/p><p><span style=\"color: var( --e-global-color-7250e9d );\">La gesti\u00f3 de la formaci\u00f3 del personal \u00e9s una part molt important per aconseguir el compliment GxP a les empreses. A Asfalia podem ajudar-te a dur a terme aquestes formacions amb els nostres cursos, ja siguin est\u00e0ndards o personalitzats segons les teves necessitats.<\/span><\/p>\t\t\t\t\t\t\t\t<\/div>\n\t\t\t\t<\/div>\n\t\t\t\t\t<\/div>\n\t\t<\/div>\n\t\t\t\t\t<\/div>\n\t\t<\/section>\n\t\t\t\t<section class=\"elementor-section elementor-top-section elementor-element elementor-element-cf7d010 elementor-section-boxed elementor-section-height-default elementor-section-height-default\" data-id=\"cf7d010\" data-element_type=\"section\" data-settings=\"{&quot;background_background&quot;:&quot;classic&quot;}\">\n\t\t\t\t\t\t\t<div class=\"elementor-background-overlay\"><\/div>\n\t\t\t\t\t\t\t<div class=\"elementor-container elementor-column-gap-no\">\n\t\t\t\t\t<div class=\"elementor-column elementor-col-100 elementor-top-column elementor-element elementor-element-fc70ed4\" data-id=\"fc70ed4\" data-element_type=\"column\">\n\t\t\t<div class=\"elementor-widget-wrap elementor-element-populated\">\n\t\t\t\t\t\t<div class=\"elementor-element elementor-element-79df489 elementor-widget__width-initial elementor-widget-tablet__width-inherit elementor-widget elementor-widget-heading\" data-id=\"79df489\" data-element_type=\"widget\" data-widget_type=\"heading.default\">\n\t\t\t\t<div class=\"elementor-widget-container\">\n\t\t\t\t\t<h2 class=\"elementor-heading-title elementor-size-default\">Als nostres cursos intentem involucrar al m\u00e0xim als assistents mitjan\u00e7ant   <span class=\"destacatsubtit\">el di\u00e0leg i la participaci\u00f3<\/span> <\/h2>\t\t\t\t<\/div>\n\t\t\t\t<\/div>\n\t\t\t\t<section class=\"elementor-section elementor-inner-section elementor-element elementor-element-ed7808d elementor-section-boxed elementor-section-height-default elementor-section-height-default\" data-id=\"ed7808d\" data-element_type=\"section\">\n\t\t\t\t\t\t<div class=\"elementor-container elementor-column-gap-default\">\n\t\t\t\t\t<div class=\"elementor-column elementor-col-100 elementor-inner-column elementor-element elementor-element-c59f52a\" data-id=\"c59f52a\" data-element_type=\"column\">\n\t\t\t<div class=\"elementor-widget-wrap elementor-element-populated\">\n\t\t\t\t\t\t<div class=\"elementor-element elementor-element-9e57df6 elementor-widget elementor-widget-text-editor\" data-id=\"9e57df6\" data-element_type=\"widget\" data-widget_type=\"text-editor.default\">\n\t\t\t\t<div class=\"elementor-widget-container\">\n\t\t\t\t\t\t\t\t\t<p>Els cursos poden tractar <strong>normatives GxP<\/strong>, desenvolupament i manteniment de software en un entorn de qualitat, el proc\u00e9s de validaci\u00f3 inform\u00e0tica basada en <strong>directrius GAMP<\/strong>, la integritat de dades al sector regulat, la qualificaci\u00f3 d&#8217;infraestructures, etc.<\/p><p>En cas que el que necessitis siguin ponents, a Asfalia disposem d&#8217;un servei perqu\u00e8 un dels nostres consultors imparteixi formacions personalitzades del sistema de qualitat i pol\u00edtiques de validacions pr\u00f2pies del client.<\/p>\t\t\t\t\t\t\t\t<\/div>\n\t\t\t\t<\/div>\n\t\t\t\t\t<\/div>\n\t\t<\/div>\n\t\t\t\t\t<\/div>\n\t\t<\/section>\n\t\t\t\t\t<\/div>\n\t\t<\/div>\n\t\t\t\t\t<\/div>\n\t\t<\/section>\n\t\t\t\t<section class=\"elementor-section elementor-top-section elementor-element elementor-element-f945c8e elementor-section-boxed elementor-section-height-default elementor-section-height-default\" data-id=\"f945c8e\" data-element_type=\"section\">\n\t\t\t\t\t\t<div class=\"elementor-container elementor-column-gap-custom\">\n\t\t\t\t\t<div class=\"elementor-column elementor-col-50 elementor-top-column elementor-element elementor-element-58ddf9e\" data-id=\"58ddf9e\" data-element_type=\"column\" data-settings=\"{&quot;background_background&quot;:&quot;classic&quot;}\">\n\t\t\t<div class=\"elementor-widget-wrap elementor-element-populated\">\n\t\t\t\t\t\t<div class=\"elementor-element elementor-element-9718ace elementor-widget elementor-widget-spacer\" data-id=\"9718ace\" data-element_type=\"widget\" data-widget_type=\"spacer.default\">\n\t\t\t\t<div class=\"elementor-widget-container\">\n\t\t\t\t\t\t\t<div class=\"elementor-spacer\">\n\t\t\t<div class=\"elementor-spacer-inner\"><\/div>\n\t\t<\/div>\n\t\t\t\t\t\t<\/div>\n\t\t\t\t<\/div>\n\t\t\t\t\t<\/div>\n\t\t<\/div>\n\t\t\t\t<div class=\"elementor-column elementor-col-50 elementor-top-column elementor-element elementor-element-8efddf6\" data-id=\"8efddf6\" data-element_type=\"column\">\n\t\t\t<div class=\"elementor-widget-wrap elementor-element-populated\">\n\t\t\t\t\t\t<div class=\"elementor-element elementor-element-dd5517b elementor-widget elementor-widget-heading\" data-id=\"dd5517b\" data-element_type=\"widget\" data-widget_type=\"heading.default\">\n\t\t\t\t<div class=\"elementor-widget-container\">\n\t\t\t\t\t<h2 class=\"elementor-heading-title elementor-size-default\">Les nostres  <span class=\"destacat2\">formacions<\/span><\/h2>\t\t\t\t<\/div>\n\t\t\t\t<\/div>\n\t\t\t\t<div class=\"elementor-element elementor-element-9d9afe6 elementor-widget elementor-widget-text-editor\" data-id=\"9d9afe6\" data-element_type=\"widget\" data-widget_type=\"text-editor.default\">\n\t\t\t\t<div class=\"elementor-widget-container\">\n\t\t\t\t\t\t\t\t\t<p>Les nostres formacions inclouen una part te\u00f2rica i una altra de pr\u00e0ctica i, en cas de sol\u00b7licitar-se, avaluem els assistents per confirmar l&#8217;aprofitament real de la formaci\u00f3 realitzada. Oferim plans de formaci\u00f3 continuats i dissenyats espec\u00edficament per a les necessitats de la teva empresa, ja sigui a dist\u00e0ncia, a les teves instal\u00b7lacions o a les nostres, i adaptats als diferents perfils dels seus treballadors.<\/p><p>Contacta amb nosaltres sense comprom\u00eds per con\u00e8ixer la nostra oferta de formaci\u00f3 i poder fer una proposta espec\u00edfica i personalitzada.<\/p>\t\t\t\t\t\t\t\t<\/div>\n\t\t\t\t<\/div>\n\t\t\t\t\t<\/div>\n\t\t<\/div>\n\t\t\t\t\t<\/div>\n\t\t<\/section>\n\t\t\t\t<\/div>\n\t\t","protected":false},"excerpt":{"rendered":"<p>Formaci\u00f3 La formaci\u00f3 com a pilar sobre el que s\u2019assenta l\u2019evoluci\u00f3 de l\u2019empresa. Si poguessis fer alguna cosa per augmentar la motivaci\u00f3 dels empleats, generar m\u00e9s confian\u00e7a en la pr\u00f2pia organitzaci\u00f3, etc., \u00bfno ho faries? Una manera d&#8217;aconseguir-ho \u00e9s mitjan\u00e7ant la formaci\u00f3 continuada. La gesti\u00f3 de la formaci\u00f3 del personal \u00e9s una part molt important [&hellip;]<\/p>\n","protected":false},"author":2,"featured_media":0,"parent":0,"menu_order":0,"comment_status":"closed","ping_status":"closed","template":"","meta":{"footnotes":""},"class_list":["post-841","page","type-page","status-publish","hentry"],"yoast_head":"<!-- This site is optimized with the Yoast SEO plugin v25.5 - https:\/\/yoast.com\/wordpress\/plugins\/seo\/ -->\n<title>Formaci\u00f3 - Asfalia CA<\/title>\n<meta name=\"robots\" content=\"index, follow, max-snippet:-1, max-image-preview:large, max-video-preview:-1\" \/>\n<link rel=\"canonical\" href=\"https:\/\/asfalia.es\/ca\/formacio\/\" \/>\n<meta property=\"og:locale\" content=\"ca_ES\" \/>\n<meta property=\"og:type\" content=\"article\" \/>\n<meta property=\"og:title\" content=\"Formaci\u00f3 - Asfalia CA\" \/>\n<meta property=\"og:description\" content=\"Formaci\u00f3 La formaci\u00f3 com a pilar sobre el que s\u2019assenta l\u2019evoluci\u00f3 de l\u2019empresa. Si poguessis fer alguna cosa per augmentar la motivaci\u00f3 dels empleats, generar m\u00e9s confian\u00e7a en la pr\u00f2pia organitzaci\u00f3, etc., \u00bfno ho faries? Una manera d&#8217;aconseguir-ho \u00e9s mitjan\u00e7ant la formaci\u00f3 continuada. La gesti\u00f3 de la formaci\u00f3 del personal \u00e9s una part molt important [&hellip;]\" \/>\n<meta property=\"og:url\" content=\"https:\/\/asfalia.es\/ca\/formacio\/\" \/>\n<meta property=\"og:site_name\" content=\"Asfalia CA\" \/>\n<meta property=\"article:modified_time\" content=\"2022-12-12T17:55:40+00:00\" \/>\n<meta name=\"twitter:card\" content=\"summary_large_image\" \/>\n<meta name=\"twitter:label1\" content=\"Temps estimat de lectura\" \/>\n\t<meta name=\"twitter:data1\" content=\"2 minuts\" \/>\n<script type=\"application\/ld+json\" class=\"yoast-schema-graph\">{\"@context\":\"https:\/\/schema.org\",\"@graph\":[{\"@type\":\"WebPage\",\"@id\":\"https:\/\/asfalia.es\/ca\/formacio\/\",\"url\":\"https:\/\/asfalia.es\/ca\/formacio\/\",\"name\":\"Formaci\u00f3 - Asfalia CA\",\"isPartOf\":{\"@id\":\"https:\/\/asfalia.es\/ca\/#website\"},\"datePublished\":\"2022-06-16T06:09:24+00:00\",\"dateModified\":\"2022-12-12T17:55:40+00:00\",\"breadcrumb\":{\"@id\":\"https:\/\/asfalia.es\/ca\/formacio\/#breadcrumb\"},\"inLanguage\":\"ca\",\"potentialAction\":[{\"@type\":\"ReadAction\",\"target\":[\"https:\/\/asfalia.es\/ca\/formacio\/\"]}]},{\"@type\":\"BreadcrumbList\",\"@id\":\"https:\/\/asfalia.es\/ca\/formacio\/#breadcrumb\",\"itemListElement\":[{\"@type\":\"ListItem\",\"position\":1,\"name\":\"Portada\",\"item\":\"https:\/\/asfalia.es\/ca\/\"},{\"@type\":\"ListItem\",\"position\":2,\"name\":\"Formaci\u00f3\"}]},{\"@type\":\"WebSite\",\"@id\":\"https:\/\/asfalia.es\/ca\/#website\",\"url\":\"https:\/\/asfalia.es\/ca\/\",\"name\":\"Asfalia CA\",\"description\":\"Validaci\u00f3 de sistemes inform\u00e0tics i consultoria\",\"publisher\":{\"@id\":\"https:\/\/asfalia.es\/ca\/#organization\"},\"potentialAction\":[{\"@type\":\"SearchAction\",\"target\":{\"@type\":\"EntryPoint\",\"urlTemplate\":\"https:\/\/asfalia.es\/ca\/?s={search_term_string}\"},\"query-input\":{\"@type\":\"PropertyValueSpecification\",\"valueRequired\":true,\"valueName\":\"search_term_string\"}}],\"inLanguage\":\"ca\"},{\"@type\":\"Organization\",\"@id\":\"https:\/\/asfalia.es\/ca\/#organization\",\"name\":\"Asfalia CA\",\"url\":\"https:\/\/asfalia.es\/ca\/\",\"logo\":{\"@type\":\"ImageObject\",\"inLanguage\":\"ca\",\"@id\":\"https:\/\/asfalia.es\/ca\/#\/schema\/logo\/image\/\",\"url\":\"https:\/\/asfalia.es\/ca\/wp-content\/uploads\/sites\/3\/2021\/06\/Mesa-de-trabajo-1.png\",\"contentUrl\":\"https:\/\/asfalia.es\/ca\/wp-content\/uploads\/sites\/3\/2021\/06\/Mesa-de-trabajo-1.png\",\"width\":513,\"height\":123,\"caption\":\"Asfalia CA\"},\"image\":{\"@id\":\"https:\/\/asfalia.es\/ca\/#\/schema\/logo\/image\/\"}}]}<\/script>\n<!-- \/ Yoast SEO plugin. -->","yoast_head_json":{"title":"Formaci\u00f3 - Asfalia CA","robots":{"index":"index","follow":"follow","max-snippet":"max-snippet:-1","max-image-preview":"max-image-preview:large","max-video-preview":"max-video-preview:-1"},"canonical":"https:\/\/asfalia.es\/ca\/formacio\/","og_locale":"ca_ES","og_type":"article","og_title":"Formaci\u00f3 - Asfalia CA","og_description":"Formaci\u00f3 La formaci\u00f3 com a pilar sobre el que s\u2019assenta l\u2019evoluci\u00f3 de l\u2019empresa. Si poguessis fer alguna cosa per augmentar la motivaci\u00f3 dels empleats, generar m\u00e9s confian\u00e7a en la pr\u00f2pia organitzaci\u00f3, etc., \u00bfno ho faries? Una manera d&#8217;aconseguir-ho \u00e9s mitjan\u00e7ant la formaci\u00f3 continuada. La gesti\u00f3 de la formaci\u00f3 del personal \u00e9s una part molt important [&hellip;]","og_url":"https:\/\/asfalia.es\/ca\/formacio\/","og_site_name":"Asfalia CA","article_modified_time":"2022-12-12T17:55:40+00:00","twitter_card":"summary_large_image","twitter_misc":{"Temps estimat de lectura":"2 minuts"},"schema":{"@context":"https:\/\/schema.org","@graph":[{"@type":"WebPage","@id":"https:\/\/asfalia.es\/ca\/formacio\/","url":"https:\/\/asfalia.es\/ca\/formacio\/","name":"Formaci\u00f3 - Asfalia CA","isPartOf":{"@id":"https:\/\/asfalia.es\/ca\/#website"},"datePublished":"2022-06-16T06:09:24+00:00","dateModified":"2022-12-12T17:55:40+00:00","breadcrumb":{"@id":"https:\/\/asfalia.es\/ca\/formacio\/#breadcrumb"},"inLanguage":"ca","potentialAction":[{"@type":"ReadAction","target":["https:\/\/asfalia.es\/ca\/formacio\/"]}]},{"@type":"BreadcrumbList","@id":"https:\/\/asfalia.es\/ca\/formacio\/#breadcrumb","itemListElement":[{"@type":"ListItem","position":1,"name":"Portada","item":"https:\/\/asfalia.es\/ca\/"},{"@type":"ListItem","position":2,"name":"Formaci\u00f3"}]},{"@type":"WebSite","@id":"https:\/\/asfalia.es\/ca\/#website","url":"https:\/\/asfalia.es\/ca\/","name":"Asfalia CA","description":"Validaci\u00f3 de sistemes inform\u00e0tics i consultoria","publisher":{"@id":"https:\/\/asfalia.es\/ca\/#organization"},"potentialAction":[{"@type":"SearchAction","target":{"@type":"EntryPoint","urlTemplate":"https:\/\/asfalia.es\/ca\/?s={search_term_string}"},"query-input":{"@type":"PropertyValueSpecification","valueRequired":true,"valueName":"search_term_string"}}],"inLanguage":"ca"},{"@type":"Organization","@id":"https:\/\/asfalia.es\/ca\/#organization","name":"Asfalia CA","url":"https:\/\/asfalia.es\/ca\/","logo":{"@type":"ImageObject","inLanguage":"ca","@id":"https:\/\/asfalia.es\/ca\/#\/schema\/logo\/image\/","url":"https:\/\/asfalia.es\/ca\/wp-content\/uploads\/sites\/3\/2021\/06\/Mesa-de-trabajo-1.png","contentUrl":"https:\/\/asfalia.es\/ca\/wp-content\/uploads\/sites\/3\/2021\/06\/Mesa-de-trabajo-1.png","width":513,"height":123,"caption":"Asfalia CA"},"image":{"@id":"https:\/\/asfalia.es\/ca\/#\/schema\/logo\/image\/"}}]}},"_links":{"self":[{"href":"https:\/\/asfalia.es\/ca\/wp-json\/wp\/v2\/pages\/841","targetHints":{"allow":["GET"]}}],"collection":[{"href":"https:\/\/asfalia.es\/ca\/wp-json\/wp\/v2\/pages"}],"about":[{"href":"https:\/\/asfalia.es\/ca\/wp-json\/wp\/v2\/types\/page"}],"author":[{"embeddable":true,"href":"https:\/\/asfalia.es\/ca\/wp-json\/wp\/v2\/users\/2"}],"replies":[{"embeddable":true,"href":"https:\/\/asfalia.es\/ca\/wp-json\/wp\/v2\/comments?post=841"}],"version-history":[{"count":3,"href":"https:\/\/asfalia.es\/ca\/wp-json\/wp\/v2\/pages\/841\/revisions"}],"predecessor-version":[{"id":6119,"href":"https:\/\/asfalia.es\/ca\/wp-json\/wp\/v2\/pages\/841\/revisions\/6119"}],"wp:attachment":[{"href":"https:\/\/asfalia.es\/ca\/wp-json\/wp\/v2\/media?parent=841"}],"curies":[{"name":"wp","href":"https:\/\/api.w.org\/{rel}","templated":true}]}}