{"id":839,"date":"2022-06-16T06:09:03","date_gmt":"2022-06-16T06:09:03","guid":{"rendered":"https:\/\/asfalia.es\/?page_id=839"},"modified":"2022-12-12T17:49:33","modified_gmt":"2022-12-12T17:49:33","slug":"gestio-de-qualitat","status":"publish","type":"page","link":"https:\/\/asfalia.es\/ca\/gestio-de-qualitat\/","title":{"rendered":"Gesti\u00f3 de qualitat"},"content":{"rendered":"\t\t<div data-elementor-type=\"wp-page\" data-elementor-id=\"839\" class=\"elementor elementor-839\" data-elementor-post-type=\"page\">\n\t\t\t\t\t\t<header class=\"elementor-section elementor-top-section elementor-element elementor-element-d5cfc72 elementor-section-height-min-height elementor-section-items-stretch elementor-section-boxed elementor-section-height-default\" data-id=\"d5cfc72\" data-element_type=\"section\" data-settings=\"{&quot;background_background&quot;:&quot;classic&quot;,&quot;background_motion_fx_motion_fx_scrolling&quot;:&quot;yes&quot;,&quot;background_motion_fx_translateY_effect&quot;:&quot;yes&quot;,&quot;background_motion_fx_translateY_speed&quot;:{&quot;unit&quot;:&quot;px&quot;,&quot;size&quot;:10,&quot;sizes&quot;:[]},&quot;background_motion_fx_scale_effect&quot;:&quot;yes&quot;,&quot;background_motion_fx_scale_speed&quot;:{&quot;unit&quot;:&quot;px&quot;,&quot;size&quot;:10,&quot;sizes&quot;:[]},&quot;background_motion_fx_scale_range&quot;:{&quot;unit&quot;:&quot;%&quot;,&quot;size&quot;:&quot;&quot;,&quot;sizes&quot;:{&quot;start&quot;:0,&quot;end&quot;:100}},&quot;background_motion_fx_translateY_affectedRange&quot;:{&quot;unit&quot;:&quot;%&quot;,&quot;size&quot;:&quot;&quot;,&quot;sizes&quot;:{&quot;start&quot;:0,&quot;end&quot;:100}},&quot;background_motion_fx_scale_direction&quot;:&quot;out-in&quot;,&quot;background_motion_fx_devices&quot;:[&quot;desktop&quot;,&quot;tablet&quot;,&quot;mobile&quot;]}\">\n\t\t\t\t\t\t\t<div class=\"elementor-background-overlay\"><\/div>\n\t\t\t\t\t\t\t<div class=\"elementor-container elementor-column-gap-default\">\n\t\t\t\t\t<div class=\"elementor-column elementor-col-100 elementor-top-column elementor-element elementor-element-a41a2af\" data-id=\"a41a2af\" data-element_type=\"column\">\n\t\t\t<div class=\"elementor-widget-wrap elementor-element-populated\">\n\t\t\t\t\t\t<div class=\"elementor-element elementor-element-9dae344 elementor-widget elementor-widget-heading\" data-id=\"9dae344\" data-element_type=\"widget\" data-widget_type=\"heading.default\">\n\t\t\t\t<div class=\"elementor-widget-container\">\n\t\t\t\t\t<h1 class=\"elementor-heading-title elementor-size-default\">Gesti\u00f3 de\u00a0<span class=\"destacat\">qualitat<\/span><\/h1>\t\t\t\t<\/div>\n\t\t\t\t<\/div>\n\t\t\t\t<div class=\"elementor-element elementor-element-051cf70 elementor-widget__width-initial elementor-widget elementor-widget-text-editor\" data-id=\"051cf70\" data-element_type=\"widget\" data-widget_type=\"text-editor.default\">\n\t\t\t\t<div class=\"elementor-widget-container\">\n\t\t\t\t\t\t\t\t\t<span class=\"destacatsubtit\">El sistema de qualitat <\/span> como a eix vehicular de tot el cicle de vida.\t\t\t\t\t\t\t\t<\/div>\n\t\t\t\t<\/div>\n\t\t\t\t\t<\/div>\n\t\t<\/div>\n\t\t\t\t\t<\/div>\n\t\t<\/header>\n\t\t\t\t<section class=\"elementor-section elementor-top-section elementor-element elementor-element-53a895c elementor-section-boxed elementor-section-height-default elementor-section-height-default\" data-id=\"53a895c\" data-element_type=\"section\">\n\t\t\t\t\t\t<div class=\"elementor-container elementor-column-gap-default\">\n\t\t\t\t\t<div class=\"elementor-column elementor-col-100 elementor-top-column elementor-element elementor-element-c68ac84\" data-id=\"c68ac84\" data-element_type=\"column\">\n\t\t\t<div class=\"elementor-widget-wrap elementor-element-populated\">\n\t\t\t\t\t\t<div class=\"elementor-element elementor-element-612053e elementor-widget__width-initial elementor-widget-mobile__width-inherit elementor-widget elementor-widget-heading\" data-id=\"612053e\" data-element_type=\"widget\" data-widget_type=\"heading.default\">\n\t\t\t\t<div class=\"elementor-widget-container\">\n\t\t\t\t\t<h2 class=\"elementor-heading-title elementor-size-default\">A Asfalia creem  <span class=\"destacatsubtit\">sistemes de qualitat<\/span> \u00e0gils, eficients i amb sentit com\u00fa espec\u00edfics pels sistemes inform\u00e0tics <\/h2>\t\t\t\t<\/div>\n\t\t\t\t<\/div>\n\t\t\t\t<div class=\"elementor-element elementor-element-90a95c6 elementor-widget elementor-widget-text-editor\" data-id=\"90a95c6\" data-element_type=\"widget\" data-widget_type=\"text-editor.default\">\n\t\t\t\t<div class=\"elementor-widget-container\">\n\t\t\t\t\t\t\t\t\t<p>Al llarg d&#8217;aquests anys hem pogut comprovar que quan es parla de sistemes de qualitat, el primer que ve al cap s\u00f3n desenes de documents amb processos a seguir, pesades i complexes tasques i moltes signatures que sol\u00b7licitar fins i tot per a les operacions m\u00e9s senzilles, com obrir una incid\u00e8ncia o gestionar un canvi menor en un sistema inform\u00e0tic.<\/p>\t\t\t\t\t\t\t\t<\/div>\n\t\t\t\t<\/div>\n\t\t\t\t\t<\/div>\n\t\t<\/div>\n\t\t\t\t\t<\/div>\n\t\t<\/section>\n\t\t\t\t<section class=\"elementor-section elementor-top-section elementor-element elementor-element-5fee09c elementor-section-boxed elementor-section-height-default elementor-section-height-default\" data-id=\"5fee09c\" data-element_type=\"section\" data-settings=\"{&quot;background_background&quot;:&quot;classic&quot;}\">\n\t\t\t\t\t\t\t<div class=\"elementor-background-overlay\"><\/div>\n\t\t\t\t\t\t\t<div class=\"elementor-container elementor-column-gap-no\">\n\t\t\t\t\t<div class=\"elementor-column elementor-col-100 elementor-top-column elementor-element elementor-element-b380176\" data-id=\"b380176\" data-element_type=\"column\">\n\t\t\t<div class=\"elementor-widget-wrap elementor-element-populated\">\n\t\t\t\t\t\t<div class=\"elementor-element elementor-element-7cf7092 elementor-widget__width-initial elementor-widget-tablet__width-inherit elementor-widget elementor-widget-heading\" data-id=\"7cf7092\" data-element_type=\"widget\" data-widget_type=\"heading.default\">\n\t\t\t\t<div class=\"elementor-widget-container\">\n\t\t\t\t\t<h2 class=\"elementor-heading-title elementor-size-default\">Aportaci\u00f3 de valor  <font color=\"#53f2cc\"><b>a la companyia<\/b><\/font><\/h2>\t\t\t\t<\/div>\n\t\t\t\t<\/div>\n\t\t\t\t<section class=\"elementor-section elementor-inner-section elementor-element elementor-element-79096b6 elementor-section-boxed elementor-section-height-default elementor-section-height-default\" data-id=\"79096b6\" data-element_type=\"section\">\n\t\t\t\t\t\t<div class=\"elementor-container elementor-column-gap-default\">\n\t\t\t\t\t<div class=\"elementor-column elementor-col-100 elementor-inner-column elementor-element elementor-element-f9dfd5f\" data-id=\"f9dfd5f\" data-element_type=\"column\">\n\t\t\t<div class=\"elementor-widget-wrap elementor-element-populated\">\n\t\t\t\t\t\t<div class=\"elementor-element elementor-element-61ae93c elementor-widget elementor-widget-text-editor\" data-id=\"61ae93c\" data-element_type=\"widget\" data-widget_type=\"text-editor.default\">\n\t\t\t\t<div class=\"elementor-widget-container\">\n\t\t\t\t\t\t\t\t\t<p>En un entorn tan din\u00e0mic com \u00e9s l&#8217;inform\u00e0tic, \u00e9s imprescindible que les empreses del sector de la salut disposin d&#8217;un sistema de qualitat \u00e0gil per\u00f2 robust, per gestionar els sistemes inform\u00e0tics, perqu\u00e8 el personal de validacions i els mateixos inform\u00e0tics puguin invertir el seu temps en el que realment aporta valor a la companyia.<\/p>\t\t\t\t\t\t\t\t<\/div>\n\t\t\t\t<\/div>\n\t\t\t\t\t<\/div>\n\t\t<\/div>\n\t\t\t\t\t<\/div>\n\t\t<\/section>\n\t\t\t\t\t<\/div>\n\t\t<\/div>\n\t\t\t\t\t<\/div>\n\t\t<\/section>\n\t\t\t\t<section class=\"elementor-section elementor-top-section elementor-element elementor-element-f3c9083 elementor-section-boxed elementor-section-height-default elementor-section-height-default\" data-id=\"f3c9083\" data-element_type=\"section\">\n\t\t\t\t\t\t<div class=\"elementor-container elementor-column-gap-custom\">\n\t\t\t\t\t<div class=\"elementor-column elementor-col-50 elementor-top-column elementor-element elementor-element-c8fe851\" data-id=\"c8fe851\" data-element_type=\"column\" data-settings=\"{&quot;background_background&quot;:&quot;classic&quot;}\">\n\t\t\t<div class=\"elementor-widget-wrap elementor-element-populated\">\n\t\t\t\t\t\t<div class=\"elementor-element elementor-element-55aed07 elementor-widget elementor-widget-spacer\" data-id=\"55aed07\" data-element_type=\"widget\" data-widget_type=\"spacer.default\">\n\t\t\t\t<div class=\"elementor-widget-container\">\n\t\t\t\t\t\t\t<div class=\"elementor-spacer\">\n\t\t\t<div class=\"elementor-spacer-inner\"><\/div>\n\t\t<\/div>\n\t\t\t\t\t\t<\/div>\n\t\t\t\t<\/div>\n\t\t\t\t\t<\/div>\n\t\t<\/div>\n\t\t\t\t<div class=\"elementor-column elementor-col-50 elementor-top-column elementor-element elementor-element-f247c8f\" data-id=\"f247c8f\" data-element_type=\"column\">\n\t\t\t<div class=\"elementor-widget-wrap elementor-element-populated\">\n\t\t\t\t\t\t<div class=\"elementor-element elementor-element-354208b elementor-widget elementor-widget-heading\" data-id=\"354208b\" data-element_type=\"widget\" data-widget_type=\"heading.default\">\n\t\t\t\t<div class=\"elementor-widget-container\">\n\t\t\t\t\t<h2 class=\"elementor-heading-title elementor-size-default\">A Asfalia som  <span class=\"destacatsubtit\"> experts en:<\/span><\/h2>\t\t\t\t<\/div>\n\t\t\t\t<\/div>\n\t\t\t\t<div class=\"elementor-element elementor-element-c86dee1 elementor-widget elementor-widget-tp-style-list\" data-id=\"c86dee1\" data-element_type=\"widget\" data-widget_type=\"tp-style-list.default\">\n\t\t\t\t<div class=\"elementor-widget-container\">\n\t\t\t\t\t\t\t\t\t<div class=\"plus-bg-hover-effect\">\r\n\t\t\t\t<div class=\"hover-item-content elementor-repeater-item-c689794 active \"><\/div><div class=\"hover-item-content elementor-repeater-item-ce96db5  \"><\/div><div class=\"hover-item-content elementor-repeater-item-d43b5ef  \"><\/div><div class=\"hover-item-content elementor-repeater-item-81595b7  \"><\/div>\t\t\t\t<\/div>\r\n\t\t\t\r\n\t\t<div class=\"plus-stylist-list-wrapper  animate-general hover-inverse-effect  \"  data-animate-type=\"transition.flipYIn\" data-animate-delay=\"50\" data-animate-offset=\"85%\" data-animate-columns=\"stagger\" data-animate-stagger=\"200\"  data-layout=\"{&quot;desktop&quot;:&quot;default&quot;,&quot;tablet&quot;:&quot;default&quot;,&quot;mobile&quot;:&quot;default&quot;}\" >\r\n\t\t\t\r\n\t\t<ul class=\"plus-icon-list-items d-flex-top\">\r\n\t\t\t\t\t\t\t<li id=\"tooltip69dadf282eec5\" class=\"plus-icon-list-item elementor-repeater-item-c689794  animated-columns active\" data-local=\"true\" >\t\t\t\t\r\n\t\t\t\t\r\n\t\t\t\t\t\t\t\t\t\t\t<div class=\"plus-icon-list-icon \"> \r\n\t\t\t\t\t\t\t\t\t\t\t\t\t\t\t\t<i class=\"fa fa-thumbs-up\" aria-hidden=\"true\"><\/i>\r\n\t\t\t\t\t\t\t\t\t\t\t\t\t\t<\/div>\r\n\t\t\t\t\t\t\r\n\t\t\t\t\t<div class=\"plus-icon-list-text \" >\r\n\t\t\t\t\t\tAnalitzar el sistema de qualitat actual de l\u2019empresa;\t\t\t\t\t<\/div>\r\n\r\n\t\t\t\t\t\t\t\t\t<\/li>\r\n\t\t\t\t\t\t\t\t<li id=\"tooltip69dadf282ef13\" class=\"plus-icon-list-item elementor-repeater-item-ce96db5  animated-columns \" data-local=\"true\" >\t\t\t\t\r\n\t\t\t\t\r\n\t\t\t\t\t\t\t\t\t\t\t<div class=\"plus-icon-list-icon \"> \r\n\t\t\t\t\t\t\t\t\t\t\t\t\t\t\t\t<i class=\"fa fa-laptop\" aria-hidden=\"true\"><\/i>\r\n\t\t\t\t\t\t\t\t\t\t\t\t\t\t<\/div>\r\n\t\t\t\t\t\t\r\n\t\t\t\t\t<div class=\"plus-icon-list-text \" >\r\n\t\t\t\t\t\tExcloure d'aquest sistema de qualitat general totes les operacions i els processos relacionats amb els sistemes inform\u00e0tics;\t\t\t\t\t<\/div>\r\n\r\n\t\t\t\t\t\t\t\t\t<\/li>\r\n\t\t\t\t\t\t\t\t<li id=\"tooltip69dadf282ef40\" class=\"plus-icon-list-item elementor-repeater-item-d43b5ef  animated-columns \" data-local=\"true\" >\t\t\t\t\r\n\t\t\t\t\r\n\t\t\t\t\t\t\t\t\t\t\t<div class=\"plus-icon-list-icon \"> \r\n\t\t\t\t\t\t\t\t\t\t\t\t\t\t\t\t<i class=\"fa fa-file\" aria-hidden=\"true\"><\/i>\r\n\t\t\t\t\t\t\t\t\t\t\t\t\t\t<\/div>\r\n\t\t\t\t\t\t\r\n\t\t\t\t\t<div class=\"plus-icon-list-text \" >\r\n\t\t\t\t\t\tRedactar pol\u00edtiques i procediments espec\u00edfics pels sistemes inform\u00e0tics que garanteixen el compliment de les normatives de manera \u00e0gil per\u00f2 efica\u00e7 i, sobretot, eficient;\t\t\t\t\t<\/div>\r\n\r\n\t\t\t\t\t\t\t\t\t<\/li>\r\n\t\t\t\t\t\t\t\t<li id=\"tooltip69dadf282ef6a\" class=\"plus-icon-list-item elementor-repeater-item-81595b7  animated-columns \" data-local=\"true\" >\t\t\t\t\r\n\t\t\t\t\r\n\t\t\t\t\t\t\t\t\t\t\t<div class=\"plus-icon-list-icon \"> \r\n\t\t\t\t\t\t\t\t\t\t\t\t\t\t\t\t<i class=\"fa fa-user\" aria-hidden=\"true\"><\/i>\r\n\t\t\t\t\t\t\t\t\t\t\t\t\t\t<\/div>\r\n\t\t\t\t\t\t\r\n\t\t\t\t\t<div class=\"plus-icon-list-text \" >\r\n\t\t\t\t\t\tFormar el personal de l'empresa.\t\t\t\t\t<\/div>\r\n\r\n\t\t\t\t\t\t\t\t\t<\/li>\r\n\t\t\t\t\t\t<\/ul>\r\n\r\n\t\t\t\t<\/div>\t\t\r\n\r\n\t\t\t\t\t\t<\/div>\n\t\t\t\t<\/div>\n\t\t\t\t\t<\/div>\n\t\t<\/div>\n\t\t\t\t\t<\/div>\n\t\t<\/section>\n\t\t\t\t<section class=\"elementor-section elementor-top-section elementor-element elementor-element-a3e42dc elementor-section-boxed elementor-section-height-default elementor-section-height-default\" data-id=\"a3e42dc\" data-element_type=\"section\">\n\t\t\t\t\t\t<div class=\"elementor-container elementor-column-gap-default\">\n\t\t\t\t\t<div class=\"elementor-column elementor-col-100 elementor-top-column elementor-element elementor-element-da8850f\" data-id=\"da8850f\" data-element_type=\"column\">\n\t\t\t<div class=\"elementor-widget-wrap elementor-element-populated\">\n\t\t\t\t\t\t<div class=\"elementor-element elementor-element-db410d4 elementor-widget-tablet__width-inherit elementor-widget elementor-widget-text-editor\" data-id=\"db410d4\" data-element_type=\"widget\" data-widget_type=\"text-editor.default\">\n\t\t\t\t<div class=\"elementor-widget-container\">\n\t\t\t\t\t\t\t\t\tSi est\u00e0s cansat d&#8217;invertir temps en documents pesats i processos sense gaire sentit, no ho dubtis m\u00e9s i contacta amb el nostre personal; estarem encantats de fer-te la vida m\u00e9s f\u00e0cil.\t\t\t\t\t\t\t\t<\/div>\n\t\t\t\t<\/div>\n\t\t\t\t\t<\/div>\n\t\t<\/div>\n\t\t\t\t\t<\/div>\n\t\t<\/section>\n\t\t\t\t<\/div>\n\t\t","protected":false},"excerpt":{"rendered":"<p>Gesti\u00f3 de\u00a0qualitat El sistema de qualitat como a eix vehicular de tot el cicle de vida. A Asfalia creem sistemes de qualitat \u00e0gils, eficients i amb sentit com\u00fa espec\u00edfics pels sistemes inform\u00e0tics Al llarg d&#8217;aquests anys hem pogut comprovar que quan es parla de sistemes de qualitat, el primer que ve al cap s\u00f3n desenes [&hellip;]<\/p>\n","protected":false},"author":2,"featured_media":0,"parent":0,"menu_order":0,"comment_status":"closed","ping_status":"closed","template":"","meta":{"footnotes":""},"class_list":["post-839","page","type-page","status-publish","hentry"],"yoast_head":"<!-- This site is optimized with the Yoast SEO plugin v25.5 - https:\/\/yoast.com\/wordpress\/plugins\/seo\/ -->\n<title>Gesti\u00f3 de qualitat - Asfalia CA<\/title>\n<meta name=\"robots\" content=\"index, follow, max-snippet:-1, max-image-preview:large, max-video-preview:-1\" \/>\n<link rel=\"canonical\" href=\"https:\/\/asfalia.es\/ca\/gestio-de-qualitat\/\" \/>\n<meta property=\"og:locale\" content=\"ca_ES\" \/>\n<meta property=\"og:type\" content=\"article\" \/>\n<meta property=\"og:title\" content=\"Gesti\u00f3 de qualitat - Asfalia CA\" \/>\n<meta property=\"og:description\" content=\"Gesti\u00f3 de\u00a0qualitat El sistema de qualitat como a eix vehicular de tot el cicle de vida. A Asfalia creem sistemes de qualitat \u00e0gils, eficients i amb sentit com\u00fa espec\u00edfics pels sistemes inform\u00e0tics Al llarg d&#8217;aquests anys hem pogut comprovar que quan es parla de sistemes de qualitat, el primer que ve al cap s\u00f3n desenes [&hellip;]\" \/>\n<meta property=\"og:url\" content=\"https:\/\/asfalia.es\/ca\/gestio-de-qualitat\/\" \/>\n<meta property=\"og:site_name\" content=\"Asfalia CA\" \/>\n<meta property=\"article:modified_time\" content=\"2022-12-12T17:49:33+00:00\" \/>\n<meta name=\"twitter:card\" content=\"summary_large_image\" \/>\n<meta name=\"twitter:label1\" content=\"Temps estimat de lectura\" \/>\n\t<meta name=\"twitter:data1\" content=\"2 minuts\" \/>\n<script type=\"application\/ld+json\" class=\"yoast-schema-graph\">{\"@context\":\"https:\/\/schema.org\",\"@graph\":[{\"@type\":\"WebPage\",\"@id\":\"https:\/\/asfalia.es\/ca\/gestio-de-qualitat\/\",\"url\":\"https:\/\/asfalia.es\/ca\/gestio-de-qualitat\/\",\"name\":\"Gesti\u00f3 de qualitat - Asfalia CA\",\"isPartOf\":{\"@id\":\"https:\/\/asfalia.es\/ca\/#website\"},\"datePublished\":\"2022-06-16T06:09:03+00:00\",\"dateModified\":\"2022-12-12T17:49:33+00:00\",\"breadcrumb\":{\"@id\":\"https:\/\/asfalia.es\/ca\/gestio-de-qualitat\/#breadcrumb\"},\"inLanguage\":\"ca\",\"potentialAction\":[{\"@type\":\"ReadAction\",\"target\":[\"https:\/\/asfalia.es\/ca\/gestio-de-qualitat\/\"]}]},{\"@type\":\"BreadcrumbList\",\"@id\":\"https:\/\/asfalia.es\/ca\/gestio-de-qualitat\/#breadcrumb\",\"itemListElement\":[{\"@type\":\"ListItem\",\"position\":1,\"name\":\"Portada\",\"item\":\"https:\/\/asfalia.es\/ca\/\"},{\"@type\":\"ListItem\",\"position\":2,\"name\":\"Gesti\u00f3 de qualitat\"}]},{\"@type\":\"WebSite\",\"@id\":\"https:\/\/asfalia.es\/ca\/#website\",\"url\":\"https:\/\/asfalia.es\/ca\/\",\"name\":\"Asfalia CA\",\"description\":\"Validaci\u00f3 de sistemes inform\u00e0tics i consultoria\",\"publisher\":{\"@id\":\"https:\/\/asfalia.es\/ca\/#organization\"},\"potentialAction\":[{\"@type\":\"SearchAction\",\"target\":{\"@type\":\"EntryPoint\",\"urlTemplate\":\"https:\/\/asfalia.es\/ca\/?s={search_term_string}\"},\"query-input\":{\"@type\":\"PropertyValueSpecification\",\"valueRequired\":true,\"valueName\":\"search_term_string\"}}],\"inLanguage\":\"ca\"},{\"@type\":\"Organization\",\"@id\":\"https:\/\/asfalia.es\/ca\/#organization\",\"name\":\"Asfalia CA\",\"url\":\"https:\/\/asfalia.es\/ca\/\",\"logo\":{\"@type\":\"ImageObject\",\"inLanguage\":\"ca\",\"@id\":\"https:\/\/asfalia.es\/ca\/#\/schema\/logo\/image\/\",\"url\":\"https:\/\/asfalia.es\/ca\/wp-content\/uploads\/sites\/3\/2021\/06\/Mesa-de-trabajo-1.png\",\"contentUrl\":\"https:\/\/asfalia.es\/ca\/wp-content\/uploads\/sites\/3\/2021\/06\/Mesa-de-trabajo-1.png\",\"width\":513,\"height\":123,\"caption\":\"Asfalia CA\"},\"image\":{\"@id\":\"https:\/\/asfalia.es\/ca\/#\/schema\/logo\/image\/\"}}]}<\/script>\n<!-- \/ Yoast SEO plugin. -->","yoast_head_json":{"title":"Gesti\u00f3 de qualitat - Asfalia CA","robots":{"index":"index","follow":"follow","max-snippet":"max-snippet:-1","max-image-preview":"max-image-preview:large","max-video-preview":"max-video-preview:-1"},"canonical":"https:\/\/asfalia.es\/ca\/gestio-de-qualitat\/","og_locale":"ca_ES","og_type":"article","og_title":"Gesti\u00f3 de qualitat - Asfalia CA","og_description":"Gesti\u00f3 de\u00a0qualitat El sistema de qualitat como a eix vehicular de tot el cicle de vida. A Asfalia creem sistemes de qualitat \u00e0gils, eficients i amb sentit com\u00fa espec\u00edfics pels sistemes inform\u00e0tics Al llarg d&#8217;aquests anys hem pogut comprovar que quan es parla de sistemes de qualitat, el primer que ve al cap s\u00f3n desenes [&hellip;]","og_url":"https:\/\/asfalia.es\/ca\/gestio-de-qualitat\/","og_site_name":"Asfalia CA","article_modified_time":"2022-12-12T17:49:33+00:00","twitter_card":"summary_large_image","twitter_misc":{"Temps estimat de lectura":"2 minuts"},"schema":{"@context":"https:\/\/schema.org","@graph":[{"@type":"WebPage","@id":"https:\/\/asfalia.es\/ca\/gestio-de-qualitat\/","url":"https:\/\/asfalia.es\/ca\/gestio-de-qualitat\/","name":"Gesti\u00f3 de qualitat - Asfalia CA","isPartOf":{"@id":"https:\/\/asfalia.es\/ca\/#website"},"datePublished":"2022-06-16T06:09:03+00:00","dateModified":"2022-12-12T17:49:33+00:00","breadcrumb":{"@id":"https:\/\/asfalia.es\/ca\/gestio-de-qualitat\/#breadcrumb"},"inLanguage":"ca","potentialAction":[{"@type":"ReadAction","target":["https:\/\/asfalia.es\/ca\/gestio-de-qualitat\/"]}]},{"@type":"BreadcrumbList","@id":"https:\/\/asfalia.es\/ca\/gestio-de-qualitat\/#breadcrumb","itemListElement":[{"@type":"ListItem","position":1,"name":"Portada","item":"https:\/\/asfalia.es\/ca\/"},{"@type":"ListItem","position":2,"name":"Gesti\u00f3 de qualitat"}]},{"@type":"WebSite","@id":"https:\/\/asfalia.es\/ca\/#website","url":"https:\/\/asfalia.es\/ca\/","name":"Asfalia CA","description":"Validaci\u00f3 de sistemes inform\u00e0tics i consultoria","publisher":{"@id":"https:\/\/asfalia.es\/ca\/#organization"},"potentialAction":[{"@type":"SearchAction","target":{"@type":"EntryPoint","urlTemplate":"https:\/\/asfalia.es\/ca\/?s={search_term_string}"},"query-input":{"@type":"PropertyValueSpecification","valueRequired":true,"valueName":"search_term_string"}}],"inLanguage":"ca"},{"@type":"Organization","@id":"https:\/\/asfalia.es\/ca\/#organization","name":"Asfalia CA","url":"https:\/\/asfalia.es\/ca\/","logo":{"@type":"ImageObject","inLanguage":"ca","@id":"https:\/\/asfalia.es\/ca\/#\/schema\/logo\/image\/","url":"https:\/\/asfalia.es\/ca\/wp-content\/uploads\/sites\/3\/2021\/06\/Mesa-de-trabajo-1.png","contentUrl":"https:\/\/asfalia.es\/ca\/wp-content\/uploads\/sites\/3\/2021\/06\/Mesa-de-trabajo-1.png","width":513,"height":123,"caption":"Asfalia CA"},"image":{"@id":"https:\/\/asfalia.es\/ca\/#\/schema\/logo\/image\/"}}]}},"_links":{"self":[{"href":"https:\/\/asfalia.es\/ca\/wp-json\/wp\/v2\/pages\/839","targetHints":{"allow":["GET"]}}],"collection":[{"href":"https:\/\/asfalia.es\/ca\/wp-json\/wp\/v2\/pages"}],"about":[{"href":"https:\/\/asfalia.es\/ca\/wp-json\/wp\/v2\/types\/page"}],"author":[{"embeddable":true,"href":"https:\/\/asfalia.es\/ca\/wp-json\/wp\/v2\/users\/2"}],"replies":[{"embeddable":true,"href":"https:\/\/asfalia.es\/ca\/wp-json\/wp\/v2\/comments?post=839"}],"version-history":[{"count":3,"href":"https:\/\/asfalia.es\/ca\/wp-json\/wp\/v2\/pages\/839\/revisions"}],"predecessor-version":[{"id":6110,"href":"https:\/\/asfalia.es\/ca\/wp-json\/wp\/v2\/pages\/839\/revisions\/6110"}],"wp:attachment":[{"href":"https:\/\/asfalia.es\/ca\/wp-json\/wp\/v2\/media?parent=839"}],"curies":[{"name":"wp","href":"https:\/\/api.w.org\/{rel}","templated":true}]}}