{"id":837,"date":"2022-06-16T06:08:39","date_gmt":"2022-06-16T06:08:39","guid":{"rendered":"https:\/\/asfalia.es\/?page_id=837"},"modified":"2022-12-12T17:23:50","modified_gmt":"2022-12-12T17:23:50","slug":"cicle-de-vida-dun-sistema","status":"publish","type":"page","link":"https:\/\/asfalia.es\/ca\/cicle-de-vida-dun-sistema\/","title":{"rendered":"Cicle de vida d&#8217;un sistema"},"content":{"rendered":"\t\t<div data-elementor-type=\"wp-page\" data-elementor-id=\"837\" class=\"elementor elementor-837\" data-elementor-post-type=\"page\">\n\t\t\t\t\t\t<header class=\"elementor-section elementor-top-section elementor-element elementor-element-271240d elementor-section-height-min-height elementor-section-items-stretch elementor-section-boxed elementor-section-height-default\" data-id=\"271240d\" data-element_type=\"section\" data-settings=\"{&quot;background_background&quot;:&quot;classic&quot;,&quot;background_motion_fx_motion_fx_scrolling&quot;:&quot;yes&quot;,&quot;background_motion_fx_translateY_effect&quot;:&quot;yes&quot;,&quot;background_motion_fx_translateY_speed&quot;:{&quot;unit&quot;:&quot;px&quot;,&quot;size&quot;:10,&quot;sizes&quot;:[]},&quot;background_motion_fx_scale_effect&quot;:&quot;yes&quot;,&quot;background_motion_fx_scale_speed&quot;:{&quot;unit&quot;:&quot;px&quot;,&quot;size&quot;:10,&quot;sizes&quot;:[]},&quot;background_motion_fx_scale_range&quot;:{&quot;unit&quot;:&quot;%&quot;,&quot;size&quot;:&quot;&quot;,&quot;sizes&quot;:{&quot;start&quot;:0,&quot;end&quot;:100}},&quot;background_motion_fx_translateY_affectedRange&quot;:{&quot;unit&quot;:&quot;%&quot;,&quot;size&quot;:&quot;&quot;,&quot;sizes&quot;:{&quot;start&quot;:0,&quot;end&quot;:100}},&quot;background_motion_fx_scale_direction&quot;:&quot;out-in&quot;,&quot;background_motion_fx_devices&quot;:[&quot;desktop&quot;,&quot;tablet&quot;,&quot;mobile&quot;]}\">\n\t\t\t\t\t\t\t<div class=\"elementor-background-overlay\"><\/div>\n\t\t\t\t\t\t\t<div class=\"elementor-container elementor-column-gap-default\">\n\t\t\t\t\t<div class=\"elementor-column elementor-col-100 elementor-top-column elementor-element elementor-element-728ea42\" data-id=\"728ea42\" data-element_type=\"column\">\n\t\t\t<div class=\"elementor-widget-wrap elementor-element-populated\">\n\t\t\t\t\t\t<div class=\"elementor-element elementor-element-6284f40 elementor-widget elementor-widget-heading\" data-id=\"6284f40\" data-element_type=\"widget\" data-widget_type=\"heading.default\">\n\t\t\t\t<div class=\"elementor-widget-container\">\n\t\t\t\t\t<h1 class=\"elementor-heading-title elementor-size-default\">Cicle de vida\u00a0<span class=\"destacat\">d\u2019un sistema<\/span><\/h1>\t\t\t\t<\/div>\n\t\t\t\t<\/div>\n\t\t\t\t<div class=\"elementor-element elementor-element-e50cccd elementor-widget__width-initial elementor-widget-tablet__width-initial elementor-widget elementor-widget-text-editor\" data-id=\"e50cccd\" data-element_type=\"widget\" data-widget_type=\"text-editor.default\">\n\t\t\t\t<div class=\"elementor-widget-container\">\n\t\t\t\t\t\t\t\t\tUn <span class=\"destacatsubtit\">cicle de vida adequat, aplicat correctament, permet assegurar la qualitat i la idone\u00eftat <\/span>per a l\u2019\u00fas previst, aix\u00ed com assolir i mantenir la conformitat amb els requisits reglamentaris.\t\t\t\t\t\t\t\t<\/div>\n\t\t\t\t<\/div>\n\t\t\t\t\t<\/div>\n\t\t<\/div>\n\t\t\t\t\t<\/div>\n\t\t<\/header>\n\t\t\t\t<section class=\"elementor-section elementor-top-section elementor-element elementor-element-9eaba6e elementor-section-boxed elementor-section-height-default elementor-section-height-default\" data-id=\"9eaba6e\" data-element_type=\"section\">\n\t\t\t\t\t\t<div class=\"elementor-container elementor-column-gap-default\">\n\t\t\t\t\t<div class=\"elementor-column elementor-col-100 elementor-top-column elementor-element elementor-element-4e6167b\" data-id=\"4e6167b\" data-element_type=\"column\">\n\t\t\t<div class=\"elementor-widget-wrap elementor-element-populated\">\n\t\t\t\t\t\t<div class=\"elementor-element elementor-element-70a71b4 elementor-widget elementor-widget-heading\" data-id=\"70a71b4\" data-element_type=\"widget\" data-widget_type=\"heading.default\">\n\t\t\t\t<div class=\"elementor-widget-container\">\n\t\t\t\t\t<h2 class=\"elementor-heading-title elementor-size-default\">Gesti\u00f3 de projectes<\/h2>\t\t\t\t<\/div>\n\t\t\t\t<\/div>\n\t\t\t\t<div class=\"elementor-element elementor-element-b408e71 elementor-widget-divider--view-line elementor-widget elementor-widget-divider\" data-id=\"b408e71\" data-element_type=\"widget\" data-widget_type=\"divider.default\">\n\t\t\t\t<div class=\"elementor-widget-container\">\n\t\t\t\t\t\t\t<div class=\"elementor-divider\">\n\t\t\t<span class=\"elementor-divider-separator\">\n\t\t\t\t\t\t<\/span>\n\t\t<\/div>\n\t\t\t\t\t\t<\/div>\n\t\t\t\t<\/div>\n\t\t\t\t<div class=\"elementor-element elementor-element-2f1cffd elementor-widget__width-initial elementor-widget-mobile__width-inherit elementor-widget elementor-widget-heading\" data-id=\"2f1cffd\" data-element_type=\"widget\" data-widget_type=\"heading.default\">\n\t\t\t\t<div class=\"elementor-widget-container\">\n\t\t\t\t\t<h2 class=\"elementor-heading-title elementor-size-default\">Estem al teu  costat durant tot el cam\u00ed<\/h2>\t\t\t\t<\/div>\n\t\t\t\t<\/div>\n\t\t\t\t<div class=\"elementor-element elementor-element-15747f1 elementor-widget elementor-widget-text-editor\" data-id=\"15747f1\" data-element_type=\"widget\" data-widget_type=\"text-editor.default\">\n\t\t\t\t<div class=\"elementor-widget-container\">\n\t\t\t\t\t\t\t\t\t<p>A Asfalia sabem que la <b>gesti\u00f3 de projectes<\/b>, a m\u00e9s de la planificaci\u00f3 i el control dels recursos per aconseguir un objectiu espec\u00edfic, ha d&#8217;incloure la motivaci\u00f3 i l&#8217;est\u00edmul del personal involucrat. Per aix\u00f2 ajudem a fer que l&#8217;equip s&#8217;involucri durant totes les <b>fases del projecte inform\u00e0tic<\/b>, ja que considerem que aquesta \u00e9s la clau principal perqu\u00e8 el projecte tingui \u00e8xit. El nostre objectiu \u00e9s gestionar el projecte minimitzant l&#8217;impacte que comporta a la rutina di\u00e0ria del personal de l&#8217;empresa, oferint-vos la m\u00e0xima llibertat d&#8217;implicaci\u00f3. A Asfalia gestionem projectes de validaci\u00f3, tant de noves implementacions com de sistemes inform\u00e0tics ja existents a l&#8217;empresa. Si vols saber-ne m\u00e9s, contacta amb nosaltres.<\/p>\t\t\t\t\t\t\t\t<\/div>\n\t\t\t\t<\/div>\n\t\t\t\t\t<\/div>\n\t\t<\/div>\n\t\t\t\t\t<\/div>\n\t\t<\/section>\n\t\t\t\t<section class=\"elementor-section elementor-top-section elementor-element elementor-element-c8dfe8d elementor-section-boxed elementor-section-height-default elementor-section-height-default\" data-id=\"c8dfe8d\" data-element_type=\"section\">\n\t\t\t\t\t\t<div class=\"elementor-container elementor-column-gap-default\">\n\t\t\t\t\t<div class=\"elementor-column elementor-col-50 elementor-top-column elementor-element elementor-element-f4d34b1\" data-id=\"f4d34b1\" data-element_type=\"column\" data-settings=\"{&quot;background_background&quot;:&quot;classic&quot;}\">\n\t\t\t<div class=\"elementor-widget-wrap elementor-element-populated\">\n\t\t\t\t\t\t<div class=\"elementor-element elementor-element-1148705 elementor-widget elementor-widget-spacer\" data-id=\"1148705\" data-element_type=\"widget\" data-widget_type=\"spacer.default\">\n\t\t\t\t<div class=\"elementor-widget-container\">\n\t\t\t\t\t\t\t<div class=\"elementor-spacer\">\n\t\t\t<div class=\"elementor-spacer-inner\"><\/div>\n\t\t<\/div>\n\t\t\t\t\t\t<\/div>\n\t\t\t\t<\/div>\n\t\t\t\t\t<\/div>\n\t\t<\/div>\n\t\t\t\t<div class=\"elementor-column elementor-col-50 elementor-top-column elementor-element elementor-element-dd38907\" data-id=\"dd38907\" data-element_type=\"column\" data-settings=\"{&quot;background_background&quot;:&quot;classic&quot;}\">\n\t\t\t<div class=\"elementor-widget-wrap elementor-element-populated\">\n\t\t\t\t\t\t<div class=\"elementor-element elementor-element-6eed894 elementor-widget elementor-widget-heading\" data-id=\"6eed894\" data-element_type=\"widget\" data-widget_type=\"heading.default\">\n\t\t\t\t<div class=\"elementor-widget-container\">\n\t\t\t\t\t<h2 class=\"elementor-heading-title elementor-size-default\">Inici de projecte<\/h2>\t\t\t\t<\/div>\n\t\t\t\t<\/div>\n\t\t\t\t<div class=\"elementor-element elementor-element-a7c1162 elementor-widget-divider--view-line elementor-widget elementor-widget-divider\" data-id=\"a7c1162\" data-element_type=\"widget\" data-widget_type=\"divider.default\">\n\t\t\t\t<div class=\"elementor-widget-container\">\n\t\t\t\t\t\t\t<div class=\"elementor-divider\">\n\t\t\t<span class=\"elementor-divider-separator\">\n\t\t\t\t\t\t<\/span>\n\t\t<\/div>\n\t\t\t\t\t\t<\/div>\n\t\t\t\t<\/div>\n\t\t\t\t<div class=\"elementor-element elementor-element-d759b43 elementor-widget elementor-widget-heading\" data-id=\"d759b43\" data-element_type=\"widget\" data-widget_type=\"heading.default\">\n\t\t\t\t<div class=\"elementor-widget-container\">\n\t\t\t\t\t<h2 class=\"elementor-heading-title elementor-size-default\">Si est\u00e0s pensant en comprar un nou sistema inform\u00e0tic,  <span class=\"destacatsubtit\"> has arribat al lloc correcte<\/span><\/h2>\t\t\t\t<\/div>\n\t\t\t\t<\/div>\n\t\t\t\t<div class=\"elementor-element elementor-element-2f4a6eb elementor-widget elementor-widget-text-editor\" data-id=\"2f4a6eb\" data-element_type=\"widget\" data-widget_type=\"text-editor.default\">\n\t\t\t\t<div class=\"elementor-widget-container\">\n\t\t\t\t\t\t\t\t\t<p>A Asfalia estem capacitats per assessorar-te al proc\u00e9s de\u00a0<strong>selecci\u00f3 dels sistemes<\/strong>\u00a0i prove\u00efdors. Escoltem i analitzem les necessitats de la teva empresa per aportar solucions, com ara:<\/p>\t\t\t\t\t\t\t\t<\/div>\n\t\t\t\t<\/div>\n\t\t\t\t<div class=\"elementor-element elementor-element-e4dfb03 elementor-widget elementor-widget-tp-style-list\" data-id=\"e4dfb03\" data-element_type=\"widget\" data-widget_type=\"tp-style-list.default\">\n\t\t\t\t<div class=\"elementor-widget-container\">\n\t\t\t\t\t\t\t\t\t<div class=\"plus-bg-hover-effect\">\r\n\t\t\t\t<div class=\"hover-item-content elementor-repeater-item-c689794 active \"><\/div><div class=\"hover-item-content elementor-repeater-item-ce96db5  \"><\/div><div class=\"hover-item-content elementor-repeater-item-d43b5ef  \"><\/div><div class=\"hover-item-content elementor-repeater-item-81595b7  \"><\/div><div class=\"hover-item-content elementor-repeater-item-9f1e631  \"><\/div>\t\t\t\t<\/div>\r\n\t\t\t\r\n\t\t<div class=\"plus-stylist-list-wrapper  animate-general hover-inverse-effect  \"  data-animate-type=\"transition.flipYIn\" data-animate-delay=\"50\" data-animate-offset=\"85%\" data-animate-columns=\"stagger\" data-animate-stagger=\"200\"  data-layout=\"{&quot;desktop&quot;:&quot;default&quot;,&quot;tablet&quot;:&quot;default&quot;,&quot;mobile&quot;:&quot;default&quot;}\" >\r\n\t\t\t\r\n\t\t<ul class=\"plus-icon-list-items d-flex-top\">\r\n\t\t\t\t\t\t\t<li id=\"tooltip69dadf05e368a\" class=\"plus-icon-list-item elementor-repeater-item-c689794  animated-columns active\" data-local=\"true\" >\t\t\t\t\r\n\t\t\t\t\r\n\t\t\t\t\t\t\t\t\t\t\t<div class=\"plus-icon-list-icon \"> \r\n\t\t\t\t\t\t\t\t\t\t\t\t\t\t\t\t<i class=\"fa fa-user\" aria-hidden=\"true\"><\/i>\r\n\t\t\t\t\t\t\t\t\t\t\t\t\t\t<\/div>\r\n\t\t\t\t\t\t\r\n\t\t\t\t\t<div class=\"plus-icon-list-text \" >\r\n\t\t\t\t\t\t<p>La redacci\u00f3 o l\u2019avaluaci\u00f3 dels requeriments dels usuaris (URS).<\/p>\t\t\t\t\t<\/div>\r\n\r\n\t\t\t\t\t\t\t\t\t<\/li>\r\n\t\t\t\t\t\t\t\t<li id=\"tooltip69dadf05e36d7\" class=\"plus-icon-list-item elementor-repeater-item-ce96db5  animated-columns \" data-local=\"true\" >\t\t\t\t\r\n\t\t\t\t\r\n\t\t\t\t\t\t\t\t\t\t\t<div class=\"plus-icon-list-icon \"> \r\n\t\t\t\t\t\t\t\t\t\t\t\t\t\t\t\t<i class=\"fa fa-eye\" aria-hidden=\"true\"><\/i>\r\n\t\t\t\t\t\t\t\t\t\t\t\t\t\t<\/div>\r\n\t\t\t\t\t\t\r\n\t\t\t\t\t<div class=\"plus-icon-list-text \" >\r\n\t\t\t\t\t\t<p>La cerca al mercat de prove\u00efdors que ofereixin el tipus de sistema requerit.<\/p>\t\t\t\t\t<\/div>\r\n\r\n\t\t\t\t\t\t\t\t\t<\/li>\r\n\t\t\t\t\t\t\t\t<li id=\"tooltip69dadf05e36fd\" class=\"plus-icon-list-item elementor-repeater-item-d43b5ef  animated-columns \" data-local=\"true\" >\t\t\t\t\r\n\t\t\t\t\r\n\t\t\t\t\t\t\t\t\t\t\t<div class=\"plus-icon-list-icon \"> \r\n\t\t\t\t\t\t\t\t\t\t\t\t\t\t\t\t<i class=\"fa fa-fire\" aria-hidden=\"true\"><\/i>\r\n\t\t\t\t\t\t\t\t\t\t\t\t\t\t<\/div>\r\n\t\t\t\t\t\t\r\n\t\t\t\t\t<div class=\"plus-icon-list-text \" >\r\n\t\t\t\t\t\t<p>Una avaluaci\u00f3 qualitativa i quantitativa dels sistemes i prove\u00efdors del mercat.<\/p>\t\t\t\t\t<\/div>\r\n\r\n\t\t\t\t\t\t\t\t\t<\/li>\r\n\t\t\t\t\t\t\t\t<li id=\"tooltip69dadf05e3720\" class=\"plus-icon-list-item elementor-repeater-item-81595b7  animated-columns \" data-local=\"true\" >\t\t\t\t\r\n\t\t\t\t\r\n\t\t\t\t\t\t\t\t\t\t\t<div class=\"plus-icon-list-icon \"> \r\n\t\t\t\t\t\t\t\t\t\t\t\t\t\t\t\t<i class=\"fa fa-file\" aria-hidden=\"true\"><\/i>\r\n\t\t\t\t\t\t\t\t\t\t\t\t\t\t<\/div>\r\n\t\t\t\t\t\t\r\n\t\t\t\t\t<div class=\"plus-icon-list-text \" >\r\n\t\t\t\t\t\t<p>La revisi\u00f3 de la documentaci\u00f3 proporcionada pel prove\u00efdor.<\/p>\t\t\t\t\t<\/div>\r\n\r\n\t\t\t\t\t\t\t\t\t<\/li>\r\n\t\t\t\t\t\t\t\t<li id=\"tooltip69dadf05e3741\" class=\"plus-icon-list-item elementor-repeater-item-9f1e631  animated-columns \" data-local=\"true\" >\t\t\t\t\r\n\t\t\t\t\r\n\t\t\t\t\t\t\t\t\t\t\t<div class=\"plus-icon-list-icon \"> \r\n\t\t\t\t\t\t\t\t\t\t\t\t\t\t\t\t<i class=\"fa fa-th-list\" aria-hidden=\"true\"><\/i>\r\n\t\t\t\t\t\t\t\t\t\t\t\t\t\t<\/div>\r\n\t\t\t\t\t\t\r\n\t\t\t\t\t<div class=\"plus-icon-list-text \" >\r\n\t\t\t\t\t\t<p>La redacci\u00f3 d'un informe de conclusions amb els pros i els contres dels sistemes analitzats.<\/p>\t\t\t\t\t<\/div>\r\n\r\n\t\t\t\t\t\t\t\t\t<\/li>\r\n\t\t\t\t\t\t<\/ul>\r\n\r\n\t\t\t\t<\/div>\t\t\r\n\r\n\t\t\t\t\t\t<\/div>\n\t\t\t\t<\/div>\n\t\t\t\t\t<\/div>\n\t\t<\/div>\n\t\t\t\t\t<\/div>\n\t\t<\/section>\n\t\t\t\t<section class=\"elementor-section elementor-top-section elementor-element elementor-element-2388a67 elementor-section-boxed elementor-section-height-default elementor-section-height-default\" data-id=\"2388a67\" data-element_type=\"section\">\n\t\t\t\t\t\t<div class=\"elementor-container elementor-column-gap-default\">\n\t\t\t\t\t<div class=\"elementor-column elementor-col-100 elementor-top-column elementor-element elementor-element-4c241b2\" data-id=\"4c241b2\" data-element_type=\"column\">\n\t\t\t<div class=\"elementor-widget-wrap elementor-element-populated\">\n\t\t\t\t\t\t<div class=\"elementor-element elementor-element-40b3645 elementor-widget elementor-widget-text-editor\" data-id=\"40b3645\" data-element_type=\"widget\" data-widget_type=\"text-editor.default\">\n\t\t\t\t<div class=\"elementor-widget-container\">\n\t\t\t\t\t\t\t\t\tSabem que prendre aquest tipus de decisions mai \u00e9s f\u00e0cil, comporta un gran comprom\u00eds i molts recursos. Nosaltres aportem eines perqu\u00e8 la selecci\u00f3 es faci amb m\u00e9s garanties d&#8217;\u00e8xit. Si teniu alguna de les necessitats aqu\u00ed descrites, ja es tracti de l&#8217;adquisici\u00f3 d&#8217;un ERP, un sistema de gesti\u00f3 de magatzems (SGA o WMS), un sistema de gesti\u00f3 d&#8217;informaci\u00f3 de laboratoris (LIMS), un sistema de gesti\u00f3 documental (SGD o DMS), un SCADA, etc., pots contactar amb nosaltres sense comprom\u00eds.\t\t\t\t\t\t\t\t<\/div>\n\t\t\t\t<\/div>\n\t\t\t\t\t<\/div>\n\t\t<\/div>\n\t\t\t\t\t<\/div>\n\t\t<\/section>\n\t\t\t\t<\/div>\n\t\t","protected":false},"excerpt":{"rendered":"<p>Cicle de vida\u00a0d\u2019un sistema Un cicle de vida adequat, aplicat correctament, permet assegurar la qualitat i la idone\u00eftat per a l\u2019\u00fas previst, aix\u00ed com assolir i mantenir la conformitat amb els requisits reglamentaris. Gesti\u00f3 de projectes Estem al teu costat durant tot el cam\u00ed A Asfalia sabem que la gesti\u00f3 de projectes, a m\u00e9s de [&hellip;]<\/p>\n","protected":false},"author":2,"featured_media":0,"parent":0,"menu_order":0,"comment_status":"closed","ping_status":"closed","template":"","meta":{"footnotes":""},"class_list":["post-837","page","type-page","status-publish","hentry"],"yoast_head":"<!-- This site is optimized with the Yoast SEO plugin v25.5 - https:\/\/yoast.com\/wordpress\/plugins\/seo\/ -->\n<title>Cicle de vida d&#039;un sistema - Asfalia CA<\/title>\n<meta name=\"robots\" content=\"index, follow, max-snippet:-1, max-image-preview:large, max-video-preview:-1\" \/>\n<link rel=\"canonical\" href=\"https:\/\/asfalia.es\/ca\/cicle-de-vida-dun-sistema\/\" \/>\n<meta property=\"og:locale\" content=\"ca_ES\" \/>\n<meta property=\"og:type\" content=\"article\" \/>\n<meta property=\"og:title\" content=\"Cicle de vida d&#039;un sistema - Asfalia CA\" \/>\n<meta property=\"og:description\" content=\"Cicle de vida\u00a0d\u2019un sistema Un cicle de vida adequat, aplicat correctament, permet assegurar la qualitat i la idone\u00eftat per a l\u2019\u00fas previst, aix\u00ed com assolir i mantenir la conformitat amb els requisits reglamentaris. Gesti\u00f3 de projectes Estem al teu costat durant tot el cam\u00ed A Asfalia sabem que la gesti\u00f3 de projectes, a m\u00e9s de [&hellip;]\" \/>\n<meta property=\"og:url\" content=\"https:\/\/asfalia.es\/ca\/cicle-de-vida-dun-sistema\/\" \/>\n<meta property=\"og:site_name\" content=\"Asfalia CA\" \/>\n<meta property=\"article:modified_time\" content=\"2022-12-12T17:23:50+00:00\" \/>\n<meta name=\"twitter:card\" content=\"summary_large_image\" \/>\n<meta name=\"twitter:label1\" content=\"Temps estimat de lectura\" \/>\n\t<meta name=\"twitter:data1\" content=\"2 minuts\" \/>\n<script type=\"application\/ld+json\" class=\"yoast-schema-graph\">{\"@context\":\"https:\/\/schema.org\",\"@graph\":[{\"@type\":\"WebPage\",\"@id\":\"https:\/\/asfalia.es\/ca\/cicle-de-vida-dun-sistema\/\",\"url\":\"https:\/\/asfalia.es\/ca\/cicle-de-vida-dun-sistema\/\",\"name\":\"Cicle de vida d'un sistema - Asfalia CA\",\"isPartOf\":{\"@id\":\"https:\/\/asfalia.es\/ca\/#website\"},\"datePublished\":\"2022-06-16T06:08:39+00:00\",\"dateModified\":\"2022-12-12T17:23:50+00:00\",\"breadcrumb\":{\"@id\":\"https:\/\/asfalia.es\/ca\/cicle-de-vida-dun-sistema\/#breadcrumb\"},\"inLanguage\":\"ca\",\"potentialAction\":[{\"@type\":\"ReadAction\",\"target\":[\"https:\/\/asfalia.es\/ca\/cicle-de-vida-dun-sistema\/\"]}]},{\"@type\":\"BreadcrumbList\",\"@id\":\"https:\/\/asfalia.es\/ca\/cicle-de-vida-dun-sistema\/#breadcrumb\",\"itemListElement\":[{\"@type\":\"ListItem\",\"position\":1,\"name\":\"Portada\",\"item\":\"https:\/\/asfalia.es\/ca\/\"},{\"@type\":\"ListItem\",\"position\":2,\"name\":\"Cicle de vida d&#8217;un sistema\"}]},{\"@type\":\"WebSite\",\"@id\":\"https:\/\/asfalia.es\/ca\/#website\",\"url\":\"https:\/\/asfalia.es\/ca\/\",\"name\":\"Asfalia CA\",\"description\":\"Validaci\u00f3 de sistemes inform\u00e0tics i consultoria\",\"publisher\":{\"@id\":\"https:\/\/asfalia.es\/ca\/#organization\"},\"potentialAction\":[{\"@type\":\"SearchAction\",\"target\":{\"@type\":\"EntryPoint\",\"urlTemplate\":\"https:\/\/asfalia.es\/ca\/?s={search_term_string}\"},\"query-input\":{\"@type\":\"PropertyValueSpecification\",\"valueRequired\":true,\"valueName\":\"search_term_string\"}}],\"inLanguage\":\"ca\"},{\"@type\":\"Organization\",\"@id\":\"https:\/\/asfalia.es\/ca\/#organization\",\"name\":\"Asfalia CA\",\"url\":\"https:\/\/asfalia.es\/ca\/\",\"logo\":{\"@type\":\"ImageObject\",\"inLanguage\":\"ca\",\"@id\":\"https:\/\/asfalia.es\/ca\/#\/schema\/logo\/image\/\",\"url\":\"https:\/\/asfalia.es\/ca\/wp-content\/uploads\/sites\/3\/2021\/06\/Mesa-de-trabajo-1.png\",\"contentUrl\":\"https:\/\/asfalia.es\/ca\/wp-content\/uploads\/sites\/3\/2021\/06\/Mesa-de-trabajo-1.png\",\"width\":513,\"height\":123,\"caption\":\"Asfalia CA\"},\"image\":{\"@id\":\"https:\/\/asfalia.es\/ca\/#\/schema\/logo\/image\/\"}}]}<\/script>\n<!-- \/ Yoast SEO plugin. -->","yoast_head_json":{"title":"Cicle de vida d'un sistema - Asfalia CA","robots":{"index":"index","follow":"follow","max-snippet":"max-snippet:-1","max-image-preview":"max-image-preview:large","max-video-preview":"max-video-preview:-1"},"canonical":"https:\/\/asfalia.es\/ca\/cicle-de-vida-dun-sistema\/","og_locale":"ca_ES","og_type":"article","og_title":"Cicle de vida d'un sistema - Asfalia CA","og_description":"Cicle de vida\u00a0d\u2019un sistema Un cicle de vida adequat, aplicat correctament, permet assegurar la qualitat i la idone\u00eftat per a l\u2019\u00fas previst, aix\u00ed com assolir i mantenir la conformitat amb els requisits reglamentaris. Gesti\u00f3 de projectes Estem al teu costat durant tot el cam\u00ed A Asfalia sabem que la gesti\u00f3 de projectes, a m\u00e9s de [&hellip;]","og_url":"https:\/\/asfalia.es\/ca\/cicle-de-vida-dun-sistema\/","og_site_name":"Asfalia CA","article_modified_time":"2022-12-12T17:23:50+00:00","twitter_card":"summary_large_image","twitter_misc":{"Temps estimat de lectura":"2 minuts"},"schema":{"@context":"https:\/\/schema.org","@graph":[{"@type":"WebPage","@id":"https:\/\/asfalia.es\/ca\/cicle-de-vida-dun-sistema\/","url":"https:\/\/asfalia.es\/ca\/cicle-de-vida-dun-sistema\/","name":"Cicle de vida d'un sistema - Asfalia CA","isPartOf":{"@id":"https:\/\/asfalia.es\/ca\/#website"},"datePublished":"2022-06-16T06:08:39+00:00","dateModified":"2022-12-12T17:23:50+00:00","breadcrumb":{"@id":"https:\/\/asfalia.es\/ca\/cicle-de-vida-dun-sistema\/#breadcrumb"},"inLanguage":"ca","potentialAction":[{"@type":"ReadAction","target":["https:\/\/asfalia.es\/ca\/cicle-de-vida-dun-sistema\/"]}]},{"@type":"BreadcrumbList","@id":"https:\/\/asfalia.es\/ca\/cicle-de-vida-dun-sistema\/#breadcrumb","itemListElement":[{"@type":"ListItem","position":1,"name":"Portada","item":"https:\/\/asfalia.es\/ca\/"},{"@type":"ListItem","position":2,"name":"Cicle de vida d&#8217;un sistema"}]},{"@type":"WebSite","@id":"https:\/\/asfalia.es\/ca\/#website","url":"https:\/\/asfalia.es\/ca\/","name":"Asfalia CA","description":"Validaci\u00f3 de sistemes inform\u00e0tics i consultoria","publisher":{"@id":"https:\/\/asfalia.es\/ca\/#organization"},"potentialAction":[{"@type":"SearchAction","target":{"@type":"EntryPoint","urlTemplate":"https:\/\/asfalia.es\/ca\/?s={search_term_string}"},"query-input":{"@type":"PropertyValueSpecification","valueRequired":true,"valueName":"search_term_string"}}],"inLanguage":"ca"},{"@type":"Organization","@id":"https:\/\/asfalia.es\/ca\/#organization","name":"Asfalia CA","url":"https:\/\/asfalia.es\/ca\/","logo":{"@type":"ImageObject","inLanguage":"ca","@id":"https:\/\/asfalia.es\/ca\/#\/schema\/logo\/image\/","url":"https:\/\/asfalia.es\/ca\/wp-content\/uploads\/sites\/3\/2021\/06\/Mesa-de-trabajo-1.png","contentUrl":"https:\/\/asfalia.es\/ca\/wp-content\/uploads\/sites\/3\/2021\/06\/Mesa-de-trabajo-1.png","width":513,"height":123,"caption":"Asfalia CA"},"image":{"@id":"https:\/\/asfalia.es\/ca\/#\/schema\/logo\/image\/"}}]}},"_links":{"self":[{"href":"https:\/\/asfalia.es\/ca\/wp-json\/wp\/v2\/pages\/837","targetHints":{"allow":["GET"]}}],"collection":[{"href":"https:\/\/asfalia.es\/ca\/wp-json\/wp\/v2\/pages"}],"about":[{"href":"https:\/\/asfalia.es\/ca\/wp-json\/wp\/v2\/types\/page"}],"author":[{"embeddable":true,"href":"https:\/\/asfalia.es\/ca\/wp-json\/wp\/v2\/users\/2"}],"replies":[{"embeddable":true,"href":"https:\/\/asfalia.es\/ca\/wp-json\/wp\/v2\/comments?post=837"}],"version-history":[{"count":4,"href":"https:\/\/asfalia.es\/ca\/wp-json\/wp\/v2\/pages\/837\/revisions"}],"predecessor-version":[{"id":6099,"href":"https:\/\/asfalia.es\/ca\/wp-json\/wp\/v2\/pages\/837\/revisions\/6099"}],"wp:attachment":[{"href":"https:\/\/asfalia.es\/ca\/wp-json\/wp\/v2\/media?parent=837"}],"curies":[{"name":"wp","href":"https:\/\/api.w.org\/{rel}","templated":true}]}}