{"id":3,"date":"2021-06-29T07:42:56","date_gmt":"2021-06-29T07:42:56","guid":{"rendered":"https:\/\/asfalia.es\/?page_id=3"},"modified":"2022-12-02T12:44:29","modified_gmt":"2022-12-02T12:44:29","slug":"politica-de-privacitat","status":"publish","type":"page","link":"https:\/\/asfalia.es\/ca\/politica-de-privacitat\/","title":{"rendered":"Pol\u00edtica de privacitat"},"content":{"rendered":"\t\t<div data-elementor-type=\"wp-page\" data-elementor-id=\"3\" class=\"elementor elementor-3\" data-elementor-post-type=\"page\">\n\t\t\t\t\t\t<section class=\"elementor-section elementor-top-section elementor-element elementor-element-b798236 elementor-section-boxed elementor-section-height-default elementor-section-height-default\" data-id=\"b798236\" data-element_type=\"section\">\n\t\t\t\t\t\t<div class=\"elementor-container elementor-column-gap-default\">\n\t\t\t\t\t<div class=\"elementor-column elementor-col-100 elementor-top-column elementor-element elementor-element-49602be\" data-id=\"49602be\" data-element_type=\"column\">\n\t\t\t<div class=\"elementor-widget-wrap elementor-element-populated\">\n\t\t\t\t\t\t<div class=\"elementor-element elementor-element-9802c63 elementor-widget elementor-widget-heading\" data-id=\"9802c63\" data-element_type=\"widget\" data-widget_type=\"heading.default\">\n\t\t\t\t<div class=\"elementor-widget-container\">\n\t\t\t\t\t<h1 class=\"elementor-heading-title elementor-size-default\">Pol\u00edtica de privacitat<\/h1>\t\t\t\t<\/div>\n\t\t\t\t<\/div>\n\t\t\t\t<div class=\"elementor-element elementor-element-f7f343e elementor-widget elementor-widget-text-editor\" data-id=\"f7f343e\" data-element_type=\"widget\" data-widget_type=\"text-editor.default\">\n\t\t\t\t<div class=\"elementor-widget-container\">\n\t\t\t\t\t\t\t\t\t<ol><li><strong><u>POL\u00cdTICA D\u2019ENLLA\u00c7OS I EXENCIONS DE RESPONSABILITAT<\/u><\/strong><\/li><\/ol><p><strong>CONSULTORIA ASFALIA SL<\/strong> no es fa responsable del contingut de les p\u00e0gines web a qu\u00e8 pugui accedir l&#8217;usuari a trav\u00e9s dels enlla\u00e7os establerts als seus llocs web i declara que en cap cas examinar\u00e0 ni exercitar\u00e0 cap mena de control sobre el contingut d&#8217;altres p\u00e0gines de la xarxa.<\/p><p>Aix\u00ed mateix, tampoc no garanteix la disponibilitat t\u00e8cnica, exactitud, veracitat, validesa o legalitat de p\u00e0gines alienes a la seva propietat a qu\u00e8 es pugui accedir a trav\u00e9s dels enlla\u00e7os d&#8217;aquesta web.<\/p><p><strong>CONSULTORIA ASFALIA SL<\/strong> declara que ha adoptat totes les mesures necess\u00e0ries per evitar qualsevol dany que es pugui derivar de la navegaci\u00f3 per la seva p\u00e0gina web. En conseq\u00fc\u00e8ncia,<strong> CONSULTORIA ASFALIA SL<\/strong> no es fa responsable, en cap cas, dels danys eventuals que pugui patir l&#8217;usuari a causa de la navegaci\u00f3 per Internet.<\/p><p><strong>CONSULTORIA ASFALIA SL<\/strong> no es responsabilitza dels danys o perjudicis de qualsevol tipus produ\u00efts a l&#8217;Usuari que portin causa de fallades o desconnexions a les xarxes de telecomunicacions que produeixin la suspensi\u00f3, cancel\u00b7laci\u00f3, instal\u00b7laci\u00f3 o interrupci\u00f3 del servei del web durant la prestaci\u00f3 del mateix o amb car\u00e0cter previ.<\/p><p>L&#8217;acc\u00e9s a la web <strong>https:\/\/asfalia.es<\/strong> no implica l&#8217;obligaci\u00f3 per part de l&#8217;entitat de controlar l&#8217;abs\u00e8ncia de virus o qualsevol altre element inform\u00e0tic nociu. Correspon a l&#8217;Usuari, en tot cas, la disponibilitat d&#8217;eines adequades per a la detecci\u00f3 i desinfecci\u00f3 i protecci\u00f3 de programes inform\u00e0tics nocius.<\/p><p><strong>CONSULTORIA ASFALIA SL<\/strong> no es responsabilitza dels danys produ\u00efts als equips inform\u00e0tics, documents i\/o fitxers dels Usuaris o de tercers durant la prestaci\u00f3 del servei en aquest Portal web.<\/p><p>\u00a0<\/p><ol start=\"2\"><li><strong><u>PUBLICITAT<\/u><\/strong><\/li><\/ol><p>La web: <strong>https:\/\/asfalia.es<\/strong> podr\u00e0 allotjar continguts publicitaris o patrocinats. Els anunciants o patrocinadors s\u00f3n els \u00fanics responsables d&#8217;assegurar-se que el material rem\u00e8s per a la seva inclusi\u00f3 a la web compleix les lleis que en cada cas puguin ser aplicables.<\/p><p><strong>CONSULTORIA ASFALIA SL<\/strong> no ser\u00e0 responsable de qualsevol error, inexactitud o irregularitat que puguin contenir els continguts publicitaris o dels patrocinadors en aquesta web.<\/p><p>\u00a0<\/p><ol start=\"3\"><li><strong><u>MODIFICACIONS<\/u><\/strong><\/li><\/ol><p><strong>CONSULTORIA ASFALIA SL<\/strong> es reserva el dret a realitzar les modificacions que consideri oportunes, sense av\u00eds previ, en el contingut del seu lloc web, tant pel que fa als continguts com per les condicions d&#8217;\u00fas o per les condicions generals de contractaci\u00f3. Aquestes modificacions podran realitzar-se, a trav\u00e9s dels seus llocs web, de qualsevol forma admissible en dret i seran de compliment obligat durant el temps que estiguin publicades a la web i fins que no siguin modificades per altres posteriors.<\/p><p>\u00a0<\/p><ol start=\"4\"><li><strong><u>PROPIETAT INTEL\u00b7LECTUAL<\/u><\/strong><\/li><\/ol><p>Els drets de propietat intel\u00b7lectual i industrial derivats de tots els textos, imatges, aix\u00ed com dels mitjans i les formes de presentaci\u00f3 i muntatge de les seves p\u00e0gines pertanyen, per si mateixos o com a cession\u00e0ria, a <strong>CONSULTORIA ASFALIA SL. <\/strong><\/p><p>Seran, per tant, obres protegides amb propietat intel\u00b7lectual per l&#8217;ordenament jur\u00eddic espanyol i se&#8217;ls podr\u00e0 aplicar tant la normativa espanyola i comunit\u00e0ria en aquest camp, com els tractats internacionals relatius a la mat\u00e8ria i subscrits per Espanya, Reial Decret Legislatiu 1\/1996 i posteriors modificacions.<\/p><p>Directiva-UE-2019\/790 del Parlament Europeu i del Consell de 17 d&#8217;abril de 2019 sobre els drets d&#8217;autor i drets afins al mercat \u00fanic digital.<\/p><p>Tots els drets reservats. En compliment de la Llei de la Propietat Intel\u00b7lectual es prohibeix expressament la reproducci\u00f3, distribuci\u00f3, comunicaci\u00f3 p\u00fablica i utilitzaci\u00f3 de la totalitat o part dels continguts de les p\u00e0gines web sense el consentiment expl\u00edcit de <strong>CONSULTORIA ASFALIA SL.<\/strong><\/p><p>Aix\u00ed mateix, <strong>CONSULTORIA ASFALIA SL<\/strong> es reserva la facultat de presentar les accions civils o penals que consideri oportunes per la utilitzaci\u00f3 indeguda de les p\u00e0gines web i continguts o per l&#8217;incompliment d&#8217;aquestes condicions.<\/p><p>\u00a0<\/p><ol start=\"5\"><li><strong><u>CERTIFICATS DE LSSI-CE I PROTECCI\u00d3 DE DADES<\/u><\/strong><\/li><\/ol><p>Per a l&#8217;adequaci\u00f3 de la p\u00e0gina web <strong>https:\/\/asfalia.es<\/strong>, <strong>CONSULTORIA ASFALIA SL<\/strong> ha estat assessorada a les normatives de protecci\u00f3 de dades i LSSI-CE per GRUP QUALIA, fet pel qual se li atorga un certificat en format d&#8217;imatge digital perqu\u00e8 pugui exposar-ho en aquesta p\u00e0gina web.<\/p><p>\u00a0<\/p><ol start=\"6\"><li><strong><u>ACCIONS LEGALS, LEGISLACI\u00d3 APLICABLE I JURISDICCI\u00d3<\/u><\/strong><\/li><\/ol><p>La relaci\u00f3 entre l&#8217;usuari i <strong>CONSULTORIA ASFALIA SL<\/strong> es regir\u00e0 per la normativa espanyola vigent i seran competents per decidir sobre qualsevol controv\u00e8rsia que pugui sorgir entre l&#8217;usuari i <strong>CONSULTORIA ASFALIA SL, <\/strong>els jutjats o els tribunals del Partit Judicial de la localitat de MATAR\u00d3.<\/p><p><strong>\u00a0<\/strong><\/p><ol start=\"7\"><li><strong><u>RESERVA DE COOKIES<\/u><\/strong><\/li><\/ol><p><strong>CONSULTORIA ASFALIA SL<\/strong> es reserva el dret d&#8217;utilitzar cookies en la navegaci\u00f3 de l&#8217;usuari pels seus llocs web per facilitar la personalitzaci\u00f3 i la comoditat de la navegaci\u00f3. Seguint la pol\u00edtica de protecci\u00f3 de dades de l&#8217;entitat, <strong>CONSULTORIA ASFALIA SL<\/strong> informa que les cookies s&#8217;associen a l&#8217;usuari an\u00f2nim i al vostre ordinador i no proporcionen per si mateixes les dades personals de l&#8217;usuari.<\/p><p>En aquest sentit, d&#8217;acord amb la sent\u00e8ncia de la Gran Sala de Just\u00edcia de la Uni\u00f3 Europea, d&#8217;1 d&#8217;octubre del 2019, i per la Guia de l&#8217;AEPD de juliol del 2020, la nostra &#8216;pol\u00edtica de cookies&#8217; informa a l&#8217;usuari del temps que aquestes cookies romandran actives al terminal de l&#8217;usuari i de la possibilitat que tercers tinguin acc\u00e9s a la informaci\u00f3 que aquestes emmagatzemen. Aquesta sent\u00e8ncia modifica l\u2019article 5, apartat 3, de la Directiva 2002\/58 per la Directiva 2009\/136.<\/p><p>Arran d&#8217;aquesta sent\u00e8ncia i del contingut de la Guia de l&#8217;AEPD de juliol de 2020, l&#8217;usuari t\u00e9 la possibilitat d&#8217;acceptar o rebutjar expl\u00edcitament l&#8217;\u00fas de les galetes i rebre&#8217;n m\u00e9s informaci\u00f3. Addicionalment, l&#8217;Usuari t\u00e9 la possibilitat de configurar el vostre navegador de manera que sigui informat de la recepci\u00f3 de cookies, amb la possibilitat, si aix\u00ed ho desitja, d&#8217;impedir que s&#8217;instal\u00b7lin al vostre disc dur. En aquest sentit, per accedir als llocs web de <strong>CONSULTORIA ASFALIA SL<\/strong>, no \u00e9s preceptiva la instal\u00b7laci\u00f3 de cookies.<\/p><p>L&#8217;usuari es compromet a abstenir-se de reproduir, copiar, distribuir, posar a disposici\u00f3 de tercers o de comunicar p\u00fablicament informaci\u00f3 o transformar i modificar els continguts, llevat que es compti amb l&#8217;autoritzaci\u00f3 del titular dels drets corresponents.<\/p><p><strong>\u00a0<\/strong><\/p><ol start=\"8\"><li><strong><u>PROTECCI\u00d3 DE DADES PERSONALS<\/u><\/strong><\/li><\/ol><p>De conformitat amb el que estableix el Reglament General-UE-2016\/679 del Parlament i Consell d&#8217;Europa de Protecci\u00f3 de Dades de Car\u00e0cter Personal, aprovat el 27 d&#8217;abril del 2016, la LOPD 3\/2018, de Garantia dels Drets Digitals, la Llei 34\/2002, de Serveis de la Societat de la Informaci\u00f3 i el Comer\u00e7 Electr\u00f2nic, i la Llei 9\/2014, General de Telecomunicacions, <strong>CONSULTORIA ASFALIA <\/strong>informa els usuaris dels seus llocs web que estem obligats a guardar secret professional sobre les dades personals recollides per l&#8217;entitat mitjan\u00e7ant els formularis de registre o contacte a les vostres p\u00e0gines. Aquesta obligaci\u00f3 continuar\u00e0 fins i tot despr\u00e9s d&#8217;haver finalitzat la nostra relaci\u00f3 comercial o contractual, i en cap cas no podrem fer p\u00fabliques les dades personals dels visitants i clients a la web sense el seu consentiment. Els menors de 16 anys no poden prestar el seu consentiment perqu\u00e8 un comer\u00e7 electr\u00f2nic reculli i tracti les dades personals; nom\u00e9s els seus representants legals (pares o tutors) s\u00f3n els que poden fer-ho en nom seu. Aquells comer\u00e7os que necessitin tractar dades de menors de 16 anys, han de disposar dels mitjans per obtenir el consentiment dels pares o tutors, per exemple, mitjan\u00e7ant un missatge de correu electr\u00f2nic dirigit a algun d&#8217;ells que contingui un enlla\u00e7 a un formulari electr\u00f2nic. No es poden demanar als menors de 14 anys dades sobre l&#8217;\u00e0mbit familiar, l&#8217;\u00fanica excepci\u00f3 \u00e9s les dades d&#8217;identificaci\u00f3 i contacte dels pares o tutors.<\/p><p>Aquestes dades seran introdu\u00efdes en un fitxer automatitzat sota la responsabilitat de l&#8217;administrador del web de <strong>CONSULTORIA ASFALIA SL<\/strong> amb la finalitat de poder facilitar, agilitzar i complir els compromisos establerts entre les dues parts. Aix\u00ed mateix, <strong>CONSULTORIA ASFALIA SL<\/strong> informa de la possibilitat d&#8217;exercir els drets d&#8217;acc\u00e9s, que permet a l&#8217;usuari web con\u00e8ixer quines dades personals t\u00e9 l&#8217;administrador d&#8217;aquesta p\u00e0gina i en aquest cas contest\u00e9s en un termini de 30 dies, sempre que conservin les dades personals, rectificaci\u00f3, que permet corregir errors en les dades personals, modificar els que siguin inexactes o incomplets i garantir la certesa de la informaci\u00f3, oposici\u00f3 que podr\u00e0 sol\u00b7licitar i aconseguir que no dugui a terme el tractament de dades, supressi\u00f3 que permet que se suprimeixin les dades inadequades o excessius, limitaci\u00f3, pel qual pot sol\u00b7licitar que es limiti el tractament de les seves dades quan hagi exercit el seu dret a la rectificaci\u00f3 de les seves dades personals, i portabilitat, perqu\u00e8 l&#8217;usuari pugui obtenir una c\u00f2pia de les dades personals que hagi facilitat a la web a fi de poder transmetre&#8217;ls a altres serveis, aquests drets es podran exercir per qualsevol mitj\u00e0 que deixi const\u00e0ncia del seu enviament i recepci\u00f3 a l&#8217;adre\u00e7a de l&#8217;administrador d&#8217;aquest web o al correu electr\u00f2nic: <strong><u>asfalia@asfalia.es<\/u><\/strong>, aportant fotoc\u00f2pia del DNI o documentaci\u00f3 alternativa que acrediti la seva identitat.<\/p><p>Mentre no ens comuniqueu el contrari, entendrem que les vostres dades no han estat modificades, que vost\u00e8 es compromet a notificar-nos qualsevol variaci\u00f3 i que tenim el consentiment per utilitzar-les per a la relaci\u00f3 entre les parts.<\/p><p>L&#8217;enviament de les vostres dades mitjan\u00e7ant el\/s formularis de la nostra web estar\u00e0 supeditat obligat\u00f2riament a que hagueu llegit\/acceptat la Pol\u00edtica de Privacitat, mitjan\u00e7ant un check box obligatori al peu del formulari de registre o contacte.<\/p><p>D&#8217;acord amb all\u00f2 establert a la Llei 34\/2002, de Serveis de la Societat de la Informaci\u00f3 i el Comer\u00e7 Electr\u00f2nic a l&#8217;article 21, demanem el seu consentiment per poder realitzar comunicacions publicit\u00e0ries o informaci\u00f3 de la nostra entitat que considerem que puguin ser del seu inter\u00e8s, per correu electr\u00f2nic o per qualsevol altre mitj\u00e0 de comunicaci\u00f3 electr\u00f2nica equivalent. Aquest consentiment l&#8217;atorgar\u00e0, o no, mitjan\u00e7ant l&#8217;acceptaci\u00f3 de la Pol\u00edtica de Privadesa a l&#8217;esmentat check box al peu del formulari de registre i\/o contacte.<\/p><p><strong><u>CONFECCI\u00d3 DE LES CL\u00c0USULES: 24\/11\/2022.<\/u><\/strong><\/p>\t\t\t\t\t\t\t\t<\/div>\n\t\t\t\t<\/div>\n\t\t\t\t\t<\/div>\n\t\t<\/div>\n\t\t\t\t\t<\/div>\n\t\t<\/section>\n\t\t\t\t<\/div>\n\t\t","protected":false},"excerpt":{"rendered":"<p>POL\u00cdTICA D\u2019ENLLA\u00c7OS I EXENCIONS DE RESPONSABILITAT CONSULTORIA ASFALIA SL no es fa responsable del contingut de les p\u00e0gines web a qu\u00e8 pugui accedir l&#8217;usuari a trav\u00e9s dels enlla\u00e7os establerts als seus llocs web i declara que en cap cas examinar\u00e0 ni exercitar\u00e0 cap mena de control sobre el contingut d&#8217;altres p\u00e0gines de la xarxa. Aix\u00ed [&hellip;]<\/p>\n","protected":false},"author":2,"featured_media":0,"parent":0,"menu_order":0,"comment_status":"closed","ping_status":"open","template":"","meta":{"footnotes":""},"class_list":["post-3","page","type-page","status-publish","hentry"],"yoast_head":"<!-- This site is optimized with the Yoast SEO plugin v25.5 - https:\/\/yoast.com\/wordpress\/plugins\/seo\/ -->\n<title>Pol\u00edtica de privacitat - Asfalia CA<\/title>\n<meta name=\"robots\" content=\"index, follow, max-snippet:-1, max-image-preview:large, max-video-preview:-1\" \/>\n<link rel=\"canonical\" href=\"https:\/\/asfalia.es\/ca\/politica-de-privacitat\/\" \/>\n<meta property=\"og:locale\" content=\"ca_ES\" \/>\n<meta property=\"og:type\" content=\"article\" \/>\n<meta property=\"og:title\" content=\"Pol\u00edtica de privacitat - Asfalia CA\" \/>\n<meta property=\"og:description\" content=\"POL\u00cdTICA D\u2019ENLLA\u00c7OS I EXENCIONS DE RESPONSABILITAT CONSULTORIA ASFALIA SL no es fa responsable del contingut de les p\u00e0gines web a qu\u00e8 pugui accedir l&#8217;usuari a trav\u00e9s dels enlla\u00e7os establerts als seus llocs web i declara que en cap cas examinar\u00e0 ni exercitar\u00e0 cap mena de control sobre el contingut d&#8217;altres p\u00e0gines de la xarxa. Aix\u00ed [&hellip;]\" \/>\n<meta property=\"og:url\" content=\"https:\/\/asfalia.es\/ca\/politica-de-privacitat\/\" \/>\n<meta property=\"og:site_name\" content=\"Asfalia CA\" \/>\n<meta property=\"article:modified_time\" content=\"2022-12-02T12:44:29+00:00\" \/>\n<meta name=\"twitter:card\" content=\"summary_large_image\" \/>\n<meta name=\"twitter:label1\" content=\"Temps estimat de lectura\" \/>\n\t<meta name=\"twitter:data1\" content=\"9 minuts\" \/>\n<script type=\"application\/ld+json\" class=\"yoast-schema-graph\">{\"@context\":\"https:\/\/schema.org\",\"@graph\":[{\"@type\":\"WebPage\",\"@id\":\"https:\/\/asfalia.es\/ca\/politica-de-privacitat\/\",\"url\":\"https:\/\/asfalia.es\/ca\/politica-de-privacitat\/\",\"name\":\"Pol\u00edtica de privacitat - Asfalia CA\",\"isPartOf\":{\"@id\":\"https:\/\/asfalia.es\/ca\/#website\"},\"datePublished\":\"2021-06-29T07:42:56+00:00\",\"dateModified\":\"2022-12-02T12:44:29+00:00\",\"breadcrumb\":{\"@id\":\"https:\/\/asfalia.es\/ca\/politica-de-privacitat\/#breadcrumb\"},\"inLanguage\":\"ca\",\"potentialAction\":[{\"@type\":\"ReadAction\",\"target\":[\"https:\/\/asfalia.es\/ca\/politica-de-privacitat\/\"]}]},{\"@type\":\"BreadcrumbList\",\"@id\":\"https:\/\/asfalia.es\/ca\/politica-de-privacitat\/#breadcrumb\",\"itemListElement\":[{\"@type\":\"ListItem\",\"position\":1,\"name\":\"Portada\",\"item\":\"https:\/\/asfalia.es\/ca\/\"},{\"@type\":\"ListItem\",\"position\":2,\"name\":\"Pol\u00edtica de privacitat\"}]},{\"@type\":\"WebSite\",\"@id\":\"https:\/\/asfalia.es\/ca\/#website\",\"url\":\"https:\/\/asfalia.es\/ca\/\",\"name\":\"Asfalia CA\",\"description\":\"Validaci\u00f3 de sistemes inform\u00e0tics i consultoria\",\"publisher\":{\"@id\":\"https:\/\/asfalia.es\/ca\/#organization\"},\"potentialAction\":[{\"@type\":\"SearchAction\",\"target\":{\"@type\":\"EntryPoint\",\"urlTemplate\":\"https:\/\/asfalia.es\/ca\/?s={search_term_string}\"},\"query-input\":{\"@type\":\"PropertyValueSpecification\",\"valueRequired\":true,\"valueName\":\"search_term_string\"}}],\"inLanguage\":\"ca\"},{\"@type\":\"Organization\",\"@id\":\"https:\/\/asfalia.es\/ca\/#organization\",\"name\":\"Asfalia CA\",\"url\":\"https:\/\/asfalia.es\/ca\/\",\"logo\":{\"@type\":\"ImageObject\",\"inLanguage\":\"ca\",\"@id\":\"https:\/\/asfalia.es\/ca\/#\/schema\/logo\/image\/\",\"url\":\"https:\/\/asfalia.es\/ca\/wp-content\/uploads\/sites\/3\/2021\/06\/Mesa-de-trabajo-1.png\",\"contentUrl\":\"https:\/\/asfalia.es\/ca\/wp-content\/uploads\/sites\/3\/2021\/06\/Mesa-de-trabajo-1.png\",\"width\":513,\"height\":123,\"caption\":\"Asfalia CA\"},\"image\":{\"@id\":\"https:\/\/asfalia.es\/ca\/#\/schema\/logo\/image\/\"}}]}<\/script>\n<!-- \/ Yoast SEO plugin. -->","yoast_head_json":{"title":"Pol\u00edtica de privacitat - Asfalia CA","robots":{"index":"index","follow":"follow","max-snippet":"max-snippet:-1","max-image-preview":"max-image-preview:large","max-video-preview":"max-video-preview:-1"},"canonical":"https:\/\/asfalia.es\/ca\/politica-de-privacitat\/","og_locale":"ca_ES","og_type":"article","og_title":"Pol\u00edtica de privacitat - Asfalia CA","og_description":"POL\u00cdTICA D\u2019ENLLA\u00c7OS I EXENCIONS DE RESPONSABILITAT CONSULTORIA ASFALIA SL no es fa responsable del contingut de les p\u00e0gines web a qu\u00e8 pugui accedir l&#8217;usuari a trav\u00e9s dels enlla\u00e7os establerts als seus llocs web i declara que en cap cas examinar\u00e0 ni exercitar\u00e0 cap mena de control sobre el contingut d&#8217;altres p\u00e0gines de la xarxa. Aix\u00ed [&hellip;]","og_url":"https:\/\/asfalia.es\/ca\/politica-de-privacitat\/","og_site_name":"Asfalia CA","article_modified_time":"2022-12-02T12:44:29+00:00","twitter_card":"summary_large_image","twitter_misc":{"Temps estimat de lectura":"9 minuts"},"schema":{"@context":"https:\/\/schema.org","@graph":[{"@type":"WebPage","@id":"https:\/\/asfalia.es\/ca\/politica-de-privacitat\/","url":"https:\/\/asfalia.es\/ca\/politica-de-privacitat\/","name":"Pol\u00edtica de privacitat - Asfalia CA","isPartOf":{"@id":"https:\/\/asfalia.es\/ca\/#website"},"datePublished":"2021-06-29T07:42:56+00:00","dateModified":"2022-12-02T12:44:29+00:00","breadcrumb":{"@id":"https:\/\/asfalia.es\/ca\/politica-de-privacitat\/#breadcrumb"},"inLanguage":"ca","potentialAction":[{"@type":"ReadAction","target":["https:\/\/asfalia.es\/ca\/politica-de-privacitat\/"]}]},{"@type":"BreadcrumbList","@id":"https:\/\/asfalia.es\/ca\/politica-de-privacitat\/#breadcrumb","itemListElement":[{"@type":"ListItem","position":1,"name":"Portada","item":"https:\/\/asfalia.es\/ca\/"},{"@type":"ListItem","position":2,"name":"Pol\u00edtica de privacitat"}]},{"@type":"WebSite","@id":"https:\/\/asfalia.es\/ca\/#website","url":"https:\/\/asfalia.es\/ca\/","name":"Asfalia CA","description":"Validaci\u00f3 de sistemes inform\u00e0tics i consultoria","publisher":{"@id":"https:\/\/asfalia.es\/ca\/#organization"},"potentialAction":[{"@type":"SearchAction","target":{"@type":"EntryPoint","urlTemplate":"https:\/\/asfalia.es\/ca\/?s={search_term_string}"},"query-input":{"@type":"PropertyValueSpecification","valueRequired":true,"valueName":"search_term_string"}}],"inLanguage":"ca"},{"@type":"Organization","@id":"https:\/\/asfalia.es\/ca\/#organization","name":"Asfalia CA","url":"https:\/\/asfalia.es\/ca\/","logo":{"@type":"ImageObject","inLanguage":"ca","@id":"https:\/\/asfalia.es\/ca\/#\/schema\/logo\/image\/","url":"https:\/\/asfalia.es\/ca\/wp-content\/uploads\/sites\/3\/2021\/06\/Mesa-de-trabajo-1.png","contentUrl":"https:\/\/asfalia.es\/ca\/wp-content\/uploads\/sites\/3\/2021\/06\/Mesa-de-trabajo-1.png","width":513,"height":123,"caption":"Asfalia CA"},"image":{"@id":"https:\/\/asfalia.es\/ca\/#\/schema\/logo\/image\/"}}]}},"_links":{"self":[{"href":"https:\/\/asfalia.es\/ca\/wp-json\/wp\/v2\/pages\/3","targetHints":{"allow":["GET"]}}],"collection":[{"href":"https:\/\/asfalia.es\/ca\/wp-json\/wp\/v2\/pages"}],"about":[{"href":"https:\/\/asfalia.es\/ca\/wp-json\/wp\/v2\/types\/page"}],"author":[{"embeddable":true,"href":"https:\/\/asfalia.es\/ca\/wp-json\/wp\/v2\/users\/2"}],"replies":[{"embeddable":true,"href":"https:\/\/asfalia.es\/ca\/wp-json\/wp\/v2\/comments?post=3"}],"version-history":[{"count":0,"href":"https:\/\/asfalia.es\/ca\/wp-json\/wp\/v2\/pages\/3\/revisions"}],"wp:attachment":[{"href":"https:\/\/asfalia.es\/ca\/wp-json\/wp\/v2\/media?parent=3"}],"curies":[{"name":"wp","href":"https:\/\/api.w.org\/{rel}","templated":true}]}}