{"id":24,"date":"2021-06-29T08:05:46","date_gmt":"2021-06-29T08:05:46","guid":{"rendered":"https:\/\/asfalia.es\/?page_id=24"},"modified":"2022-12-02T12:43:21","modified_gmt":"2022-12-02T12:43:21","slug":"politica-de-cookies","status":"publish","type":"page","link":"https:\/\/asfalia.es\/ca\/politica-de-cookies\/","title":{"rendered":"Pol\u00edtica de cookies"},"content":{"rendered":"\t\t<div data-elementor-type=\"wp-page\" data-elementor-id=\"24\" class=\"elementor elementor-24\" data-elementor-post-type=\"page\">\n\t\t\t\t\t\t<section class=\"elementor-section elementor-top-section elementor-element elementor-element-240e2b8 elementor-section-boxed elementor-section-height-default elementor-section-height-default\" data-id=\"240e2b8\" data-element_type=\"section\">\n\t\t\t\t\t\t<div class=\"elementor-container elementor-column-gap-default\">\n\t\t\t\t\t<div class=\"elementor-column elementor-col-100 elementor-top-column elementor-element elementor-element-34a46bf\" data-id=\"34a46bf\" data-element_type=\"column\">\n\t\t\t<div class=\"elementor-widget-wrap elementor-element-populated\">\n\t\t\t\t\t\t<div class=\"elementor-element elementor-element-771f4cc elementor-widget elementor-widget-heading\" data-id=\"771f4cc\" data-element_type=\"widget\" data-widget_type=\"heading.default\">\n\t\t\t\t<div class=\"elementor-widget-container\">\n\t\t\t\t\t<h1 class=\"elementor-heading-title elementor-size-default\">Pol\u00edtica de cookies<\/h1>\t\t\t\t<\/div>\n\t\t\t\t<\/div>\n\t\t\t\t<div class=\"elementor-element elementor-element-2cf37cd elementor-widget elementor-widget-text-editor\" data-id=\"2cf37cd\" data-element_type=\"widget\" data-widget_type=\"text-editor.default\">\n\t\t\t\t<div class=\"elementor-widget-container\">\n\t\t\t\t\t\t\t\t\t<p><strong><u>QUE SON LAS COOKIES?<\/u><\/strong><\/p><p>Las cookies son peque\u00f1os \u00a0archivos de datos que se reciben en el terminal desde el sitio web visitado y se usan para registrar ciertas interacciones de la navegaci\u00f3n en un sitio web almacenando datos que podr\u00e1n ser actualizados y recuperados. Estos archivos se almacenan en el dispositivo del usuario y contiene datos an\u00f3nimos que no son perjudiciales para su equipo. Se utilizan para recordar las preferencias del usuario, como el idioma seleccionado, datos de acceso o personalizaci\u00f3n de la p\u00e1gina web.<\/p><p>Las cookies tambi\u00e9n pueden ser utilizadas para registrar informaci\u00f3n an\u00f3nima sobre c\u00f3mo un visitante que utiliza un sitio. Por ejemplo, desde qu\u00e9 p\u00e1gina web ha accedido, o si ha utilizado un &#8220;banner&#8221; publicitario para llegar.<\/p><ol><li><strong><u>\u00bfPOR QUE UTILIZAMOS COOKIES?<\/u><\/strong><\/li><\/ol><p><strong>CONSULTORIA ASFALIA SL<\/strong><strong>,<\/strong> utiliza cookies estrictamente necesarias y esenciales para que utilice nuestros sitios web y le permitan moverse libremente, utilizar \u00e1reas seguras, opciones personalizadas, etc. Adem\u00e1s, <strong>CONSULTORIA ASFALIA SL<\/strong><strong>, <\/strong>utiliza cookies que recogen datos relativos al an\u00e1lisis de uso de la web. Estas se utilizan para ayudar a mejorar el servicio al cliente, midiendo el uso y el rendimiento de la p\u00e1gina web, para optimizarla y personalizarla.<\/p><p>Nuestros sitios tambi\u00e9n pueden tener enlaces de redes sociales como Facebook, Twitter y otras<strong>,<\/strong> <strong>CONSULTORIA ASFALIA SL<\/strong><strong>,<\/strong> no controla las cookies utilizadas por estas webs o plataformas \u00a0externas. Para m\u00e1s informaci\u00f3n sobre las cookies de las redes sociales u otras Webs ajenas, aconsejamos revisar sus propias pol\u00edticas de cookies.<\/p><p>Este sitio web utiliza &#8220;cookies&#8221; de la siguiente manera:<\/p><ul><li><strong> Cookie de Google,<\/strong> ANALYTICS: Google ANALYTICS es un servicio gratuito que ofrece Google Inc. y que recoge informaci\u00f3n sobre las p\u00e1ginas de la web consultada, a qu\u00e9 hora, qu\u00e9 navegador Web, etc. Posteriormente, esta informaci\u00f3n se env\u00eda a los servidores de Google Inc.<\/li><li><strong> Cookies de aplicaci\u00f3n,<\/strong> &#8220;Add-this&#8221;: Add-this es un servicio gratuito que le permite compartir p\u00e1ginas de este sitio web por diferentes medios (correo electr\u00f3nico, redes sociales, etc.). Add-his recoge informaci\u00f3n estad\u00edstica de su navegaci\u00f3n para proporcionar publicidad adaptada a sus h\u00e1bitos de navegaci\u00f3n en este sitio web o en cualquier otro lugar.<\/li><\/ul><ol start=\"2\"><li><strong><u>\u00bfQUE USO LE DAMOS A LOS DIFERENTES TIPOS DE COOKIES?<\/u><\/strong><\/li><\/ol><p><strong>Seg\u00fan su finalidad:<\/strong><\/p><ul><li><strong> Cookies t\u00e9cnicas:<\/strong> Las cookies t\u00e9cnicas son aquellas imprescindibles y estrictamente necesarias para el correcto funcionamiento de un portal web y la utilizaci\u00f3n de las diferentes opciones y servicios que ofrece. Por ejemplo, las que sirven para el mantenimiento de la sesi\u00f3n, la gesti\u00f3n del tiempo de respuesta, rendimiento o validaci\u00f3n de opciones, utilizar elementos de seguridad, compartir contenido con redes sociales, etc.<\/li><li><strong> Cookies de personalizaci\u00f3n:<\/strong> Estas cookies permiten al usuario especificar o personalizar algunas caracter\u00edsticas de las opciones generales de la p\u00e1gina web, por ejemplo, definir el idioma, configuraci\u00f3n regional o tipo de navegador.<\/li><li><strong> Cookies anal\u00edticas (analytics):<\/strong> Las cookies analytics son las utilizadas por nuestro portal web, para elaborar perfiles navegaci\u00f3n y poder conocer las preferencias de los usuarios del mismo con el fin de mejorar la oferta de productos y servicios. Por ejemplo, mediante una cookie anal\u00edtica se controlar\u00edan las \u00e1reas geogr\u00e1ficas de mayor inter\u00e9s de un usuario, cu\u00e1l es el producto de m\u00e1s aceptaci\u00f3n, etc.<\/li><li><strong> Cookies publicitarias\/de publicidad:<\/strong> Las cookies publicitarias permiten la gesti\u00f3n de los espacios publicitarios en base a criterios concretos. Por ejemplo, la frecuencia de acceso, el contenido editado, etc. Las cookies de publicidad permiten a trav\u00e9s de la gesti\u00f3n de la publicidad almacenar informaci\u00f3n del comportamiento a trav\u00e9s de la observaci\u00f3n de h\u00e1bitos, estudiando los accesos y formando un perfil de preferencias del usuario, para ofrecer publicidad relacionada con los intereses de su perfil.<\/li><\/ul><p><strong>Seg\u00fan plazo:<\/strong><\/p><ul><li><strong> Cookies de sesi\u00f3n:<\/strong> Las cookies de sesi\u00f3n son aquellas que duran el tiempo que el usuario est\u00e1 navegando por la p\u00e1gina web y se borran al t\u00e9rmino.<\/li><li><strong> Cookies persistentes:<\/strong> Estas cookies quedan almacenadas en el terminal del usuario, por un tiempo indefinido, facilitando as\u00ed el control de las preferencias elegidas sin tener que repetir ciertos par\u00e1metros cada vez que se visite el sitio web.<\/li><\/ul><p>Estas cookies, deben cumplir con el RGPD-UE-2016\/679, la, LOPD-3\/2018, de Garant\u00eda de los Derechos Digitales y la normativa de la LSSI-CE-34\/2002.<\/p><p>\u00a0<strong><u>COOKIES PROPIAS EN USO:<\/u><\/strong><\/p><p><strong>Se han permitido algunas de las siguientes cookies entre otras al visitar esta p\u00e1gina web<\/strong>:<\/p><table width=\"624\"><tbody><tr><td width=\"123\"><p><strong>\u00a0<\/strong><\/p><p><strong>DOMINIO<\/strong><\/p><\/td><td width=\"142\"><p><strong>COOKIE<\/strong><\/p><\/td><td width=\"85\"><p><strong>EMPRESA<\/strong><\/p><\/td><td width=\"189\"><p><strong>FUNCI\u00d3N<\/strong><\/p><\/td><td width=\"85\"><p><strong>CADUCIDAD<\/strong><\/p><\/td><\/tr><tr><td width=\"123\"><p><strong>Asfalia.es<\/strong><\/p><\/td><td width=\"142\"><p>moove_gdpr<\/p><p>_popup<\/p><\/td><td width=\"85\"><p>Moove<\/p><\/td><td width=\"189\"><p>Emmagatzema el consentimient de cookies.<\/p><\/td><td width=\"85\"><p>Sesi\u00f3<\/p><\/td><\/tr><\/tbody><\/table><p><strong><u>COOKIES EXTERNAS EN USO:<\/u><\/strong><\/p><p><strong>Algunas de las cookies en uso:<\/strong><\/p><p><strong>\u00a0<\/strong><\/p><table width=\"624\"><tbody><tr><td width=\"142\"><p><strong>\u00a0<\/strong><\/p><p><strong>DOMINIO<\/strong><\/p><\/td><td width=\"151\"><p><strong>COOKIE<\/strong><\/p><\/td><td width=\"85\"><p><strong>EMPRESA<\/strong><\/p><\/td><td width=\"161\"><p><strong>FUNCI\u00d3N<\/strong><\/p><\/td><td width=\"85\"><p><strong>CADUCIDAD<\/strong><\/p><\/td><\/tr><tr><td width=\"142\"><p><strong>\u00a0<\/strong><\/p><\/td><td width=\"151\"><p>_ga<\/p><\/td><td width=\"85\"><p>Google<\/p><\/td><td width=\"161\"><p>Emmagatzema i compta p\u00e0gines visitades.<\/p><\/td><td width=\"85\"><p>2 anys<\/p><\/td><\/tr><tr><td width=\"142\">\u00a0<\/td><td width=\"151\"><p>_gat<\/p><\/td><td width=\"85\"><p>Google<\/p><\/td><td width=\"161\"><p>Llegeix i filtra sol\u00b7licituds de bots.<\/p><\/td><td width=\"85\"><p>1 minut<\/p><\/td><\/tr><tr><td width=\"142\"><p><strong>\u00a0<\/strong><\/p><\/td><td width=\"151\"><p>_gat_gtag_UA<\/p><\/td><td width=\"85\"><p>Google<\/p><\/td><td width=\"161\"><p>Identificaci\u00f3 d\u2019usuaris.<\/p><\/td><td width=\"85\"><p>1 minut<\/p><\/td><\/tr><tr><td width=\"142\"><p><strong>\u00a0<\/strong><\/p><\/td><td width=\"151\"><p>_gid<\/p><\/td><td width=\"85\"><p>Google<\/p><\/td><td width=\"161\"><p>Emmagatzema i compta p\u00e0gines de visites.<\/p><\/td><td width=\"85\"><p>1 dia<\/p><\/td><\/tr><\/tbody><\/table><p><strong><u>\u00bfPOR QU\u00c9 NECESITAMOS SU CONSENTIMIENTO EXPL\u00cdCITO PARA UTILIZARLAS LAS COOKIES?<\/u><\/strong><\/p><p><strong><u>Por la sentencia de la Gran Sala del Tribunal de Justicia de la Uni\u00f3n Europea, de 1 de octubre de 2019, y Gu\u00eda sobre el uso de las cookies de la AEPD, julio de 2020 y de la Comisi\u00f3n Europea.<\/u><\/strong><\/p><p>La sentencia de la Gran Sala del Tribunal de Justicia de la Uni\u00f3n Europea, del d\u00eda 1 de octubre de 2019, debe interpretarse en el sentido de que el consentimiento no se presta de manera v\u00e1lida cuando el almacenamiento de informaci\u00f3n, o el acceso a la informaci\u00f3n ya almacenada en el equipo terminal del usuario de un sitio web, a trav\u00e9s de cookies se autoriza mediante un \u201cCheck\u201d marcado por defecto de la que el usuario tendr\u00e1 que retirar en el caso que quiera rechazar su uso. La autorizaci\u00f3n debe basarse en un consentimiento expl\u00edcito mediante un \u201cCheck\u201d de, \u00a0<strong><u>aceptaci\u00f3n,<\/u><\/strong> expl\u00edcita, un bot\u00f3n de, <strong><u>rechazo,<\/u><\/strong> por parte del usuario y un bot\u00f3n de,\u00a0 <strong><u>m\u00e1s informaci\u00f3n<\/u><\/strong>, de las cookies expuestas. Esta interpretaci\u00f3n no puede variar en funci\u00f3n de si la informaci\u00f3n almacenada o consultada en el terminal del usuario de un sitio de internet conste o no de datos de car\u00e1cter personal.<\/p><p>La Gran Sala del Tribunal de Justicia de la Uni\u00f3n Europea tambi\u00e9n dispone en esta sentencia que la informaci\u00f3n que el proveedor de servicios debe facilitar al usuario de un sitio web de internet que tiene que incluir el tiempo en que las cookies permanecer\u00e1n activas y la posibilidad de que terceros puedan acceder a la informaci\u00f3n que \u00e9stas almacenan. Este requisito lo establece la versi\u00f3n modificada por la Directiva 2009\/136, que modifica el art\u00edculo 5, apartado 3, de la Directiva 2002\/58\/UE, y por la Gu\u00eda de la AEPD de julio de 2020.<\/p><p>En relaci\u00f3n a la posibilidad de que el usuario pueda rechazar el uso de las cookies, hay que tener en cuenta que si rechaza las cookies de navegaci\u00f3n por la Web, no podremos mantener sus preferencias, algunas caracter\u00edsticas de les p\u00e1ginas no estar\u00e1n operativas, no podremos ofrecerle servicios personalizados y cada vez que vaya a navegar por nuestra web tendremos que solicitarle de nuevo su autorizaci\u00f3n para el uso de cookies. Si aun as\u00ed, decide modificar la configuraci\u00f3n de su acceso a la p\u00e1gina web, debe saber que es posible eliminar las cookies o impedir que se registre esta informaci\u00f3n en su equipo en cualquier momento mediante la modificaci\u00f3n de los par\u00e1metros de configuraci\u00f3n de su navegador:<\/p><p><a href=\"https:\/\/support.microsoft.com\/es-es\/help\/17442\/windows-internet-explorer-delete-manage-cookies\">Configuraci\u00f3n de cookies de Internet Explorer.<\/a><\/p><ul><li><a href=\"https:\/\/support.mozilla.org\/es\/kb\/habilitar-y-deshabilitar-cookies-sitios-web-rastrear-preferencias\">Configuraci\u00f3n de cookies de Firefox.<\/a><\/li><li><a href=\"https:\/\/support.google.com\/chrome\/answer\/95647?co=GENIE.Platform%3DDesktop&amp;hl=es-419\">Configuraci\u00f3n de cookies de Google Chrome.<\/a><\/li><li><a href=\"https:\/\/support.apple.com\/es-es\/guide\/safari\/sfri11471\/mac\">Configuraci\u00f3n de cookies de Safari.<\/a><\/li><\/ul><p>Estos navegadores est\u00e1n sometidos a cambios o modificaciones, por lo que no podemos garantizar que se ajusten completamente a la versi\u00f3n de su navegador. Tambi\u00e9n puede ser que utilice otro navegador no contemplado en estos enlaces como Konqueror, Arora, Flock, etc. Para evitar estos desajustes, puede acceder directamente desde las opciones de su navegador que se encuentra generalmente en el men\u00fa de Opciones, en la secci\u00f3n de &#8220;Privacidad&#8221;. (Por favor, consulte la ayuda de su navegador para m\u00e1s informaci\u00f3n.)<\/p><ol start=\"3\"><li><strong><u>\u00bfDONDE PUEDO OBTENER M\u00c1S INFORMACION?<\/u><\/strong><\/li><\/ol><p>Puedes encontrar m\u00e1s informaci\u00f3n sobre cookies en: www.allaboutcookies.org o www.youronlinechoices.eu.<\/p><p><strong><u>CONFECCI\u00d3N DE LAS CLAUSULAS DE LAS COOKIES: 24\/11\/2022.<\/u><\/strong><\/p>\t\t\t\t\t\t\t\t<\/div>\n\t\t\t\t<\/div>\n\t\t\t\t\t<\/div>\n\t\t<\/div>\n\t\t\t\t\t<\/div>\n\t\t<\/section>\n\t\t\t\t<\/div>\n\t\t","protected":false},"excerpt":{"rendered":"<p>QUE SON LAS COOKIES? Las cookies son peque\u00f1os \u00a0archivos de datos que se reciben en el terminal desde el sitio web visitado y se usan para registrar ciertas interacciones de la navegaci\u00f3n en un sitio web almacenando datos que podr\u00e1n ser actualizados y recuperados. Estos archivos se almacenan en el dispositivo del usuario y contiene [&hellip;]<\/p>\n","protected":false},"author":2,"featured_media":0,"parent":0,"menu_order":0,"comment_status":"closed","ping_status":"closed","template":"","meta":{"footnotes":""},"class_list":["post-24","page","type-page","status-publish","hentry"],"yoast_head":"<!-- This site is optimized with the Yoast SEO plugin v25.5 - https:\/\/yoast.com\/wordpress\/plugins\/seo\/ -->\n<title>Pol\u00edtica de cookies - Asfalia CA<\/title>\n<meta name=\"robots\" content=\"index, follow, max-snippet:-1, max-image-preview:large, max-video-preview:-1\" \/>\n<link rel=\"canonical\" href=\"https:\/\/asfalia.es\/ca\/politica-de-cookies\/\" \/>\n<meta property=\"og:locale\" content=\"ca_ES\" \/>\n<meta property=\"og:type\" content=\"article\" \/>\n<meta property=\"og:title\" content=\"Pol\u00edtica de cookies - Asfalia CA\" \/>\n<meta property=\"og:description\" content=\"QUE SON LAS COOKIES? Las cookies son peque\u00f1os \u00a0archivos de datos que se reciben en el terminal desde el sitio web visitado y se usan para registrar ciertas interacciones de la navegaci\u00f3n en un sitio web almacenando datos que podr\u00e1n ser actualizados y recuperados. Estos archivos se almacenan en el dispositivo del usuario y contiene [&hellip;]\" \/>\n<meta property=\"og:url\" content=\"https:\/\/asfalia.es\/ca\/politica-de-cookies\/\" \/>\n<meta property=\"og:site_name\" content=\"Asfalia CA\" \/>\n<meta property=\"article:modified_time\" content=\"2022-12-02T12:43:21+00:00\" \/>\n<meta name=\"twitter:card\" content=\"summary_large_image\" \/>\n<meta name=\"twitter:label1\" content=\"Temps estimat de lectura\" \/>\n\t<meta name=\"twitter:data1\" content=\"8 minuts\" \/>\n<script type=\"application\/ld+json\" class=\"yoast-schema-graph\">{\"@context\":\"https:\/\/schema.org\",\"@graph\":[{\"@type\":\"WebPage\",\"@id\":\"https:\/\/asfalia.es\/ca\/politica-de-cookies\/\",\"url\":\"https:\/\/asfalia.es\/ca\/politica-de-cookies\/\",\"name\":\"Pol\u00edtica de cookies - Asfalia CA\",\"isPartOf\":{\"@id\":\"https:\/\/asfalia.es\/ca\/#website\"},\"datePublished\":\"2021-06-29T08:05:46+00:00\",\"dateModified\":\"2022-12-02T12:43:21+00:00\",\"breadcrumb\":{\"@id\":\"https:\/\/asfalia.es\/ca\/politica-de-cookies\/#breadcrumb\"},\"inLanguage\":\"ca\",\"potentialAction\":[{\"@type\":\"ReadAction\",\"target\":[\"https:\/\/asfalia.es\/ca\/politica-de-cookies\/\"]}]},{\"@type\":\"BreadcrumbList\",\"@id\":\"https:\/\/asfalia.es\/ca\/politica-de-cookies\/#breadcrumb\",\"itemListElement\":[{\"@type\":\"ListItem\",\"position\":1,\"name\":\"Portada\",\"item\":\"https:\/\/asfalia.es\/ca\/\"},{\"@type\":\"ListItem\",\"position\":2,\"name\":\"Pol\u00edtica de cookies\"}]},{\"@type\":\"WebSite\",\"@id\":\"https:\/\/asfalia.es\/ca\/#website\",\"url\":\"https:\/\/asfalia.es\/ca\/\",\"name\":\"Asfalia CA\",\"description\":\"Validaci\u00f3 de sistemes inform\u00e0tics i consultoria\",\"publisher\":{\"@id\":\"https:\/\/asfalia.es\/ca\/#organization\"},\"potentialAction\":[{\"@type\":\"SearchAction\",\"target\":{\"@type\":\"EntryPoint\",\"urlTemplate\":\"https:\/\/asfalia.es\/ca\/?s={search_term_string}\"},\"query-input\":{\"@type\":\"PropertyValueSpecification\",\"valueRequired\":true,\"valueName\":\"search_term_string\"}}],\"inLanguage\":\"ca\"},{\"@type\":\"Organization\",\"@id\":\"https:\/\/asfalia.es\/ca\/#organization\",\"name\":\"Asfalia CA\",\"url\":\"https:\/\/asfalia.es\/ca\/\",\"logo\":{\"@type\":\"ImageObject\",\"inLanguage\":\"ca\",\"@id\":\"https:\/\/asfalia.es\/ca\/#\/schema\/logo\/image\/\",\"url\":\"https:\/\/asfalia.es\/ca\/wp-content\/uploads\/sites\/3\/2021\/06\/Mesa-de-trabajo-1.png\",\"contentUrl\":\"https:\/\/asfalia.es\/ca\/wp-content\/uploads\/sites\/3\/2021\/06\/Mesa-de-trabajo-1.png\",\"width\":513,\"height\":123,\"caption\":\"Asfalia CA\"},\"image\":{\"@id\":\"https:\/\/asfalia.es\/ca\/#\/schema\/logo\/image\/\"}}]}<\/script>\n<!-- \/ Yoast SEO plugin. -->","yoast_head_json":{"title":"Pol\u00edtica de cookies - Asfalia CA","robots":{"index":"index","follow":"follow","max-snippet":"max-snippet:-1","max-image-preview":"max-image-preview:large","max-video-preview":"max-video-preview:-1"},"canonical":"https:\/\/asfalia.es\/ca\/politica-de-cookies\/","og_locale":"ca_ES","og_type":"article","og_title":"Pol\u00edtica de cookies - Asfalia CA","og_description":"QUE SON LAS COOKIES? Las cookies son peque\u00f1os \u00a0archivos de datos que se reciben en el terminal desde el sitio web visitado y se usan para registrar ciertas interacciones de la navegaci\u00f3n en un sitio web almacenando datos que podr\u00e1n ser actualizados y recuperados. Estos archivos se almacenan en el dispositivo del usuario y contiene [&hellip;]","og_url":"https:\/\/asfalia.es\/ca\/politica-de-cookies\/","og_site_name":"Asfalia CA","article_modified_time":"2022-12-02T12:43:21+00:00","twitter_card":"summary_large_image","twitter_misc":{"Temps estimat de lectura":"8 minuts"},"schema":{"@context":"https:\/\/schema.org","@graph":[{"@type":"WebPage","@id":"https:\/\/asfalia.es\/ca\/politica-de-cookies\/","url":"https:\/\/asfalia.es\/ca\/politica-de-cookies\/","name":"Pol\u00edtica de cookies - Asfalia CA","isPartOf":{"@id":"https:\/\/asfalia.es\/ca\/#website"},"datePublished":"2021-06-29T08:05:46+00:00","dateModified":"2022-12-02T12:43:21+00:00","breadcrumb":{"@id":"https:\/\/asfalia.es\/ca\/politica-de-cookies\/#breadcrumb"},"inLanguage":"ca","potentialAction":[{"@type":"ReadAction","target":["https:\/\/asfalia.es\/ca\/politica-de-cookies\/"]}]},{"@type":"BreadcrumbList","@id":"https:\/\/asfalia.es\/ca\/politica-de-cookies\/#breadcrumb","itemListElement":[{"@type":"ListItem","position":1,"name":"Portada","item":"https:\/\/asfalia.es\/ca\/"},{"@type":"ListItem","position":2,"name":"Pol\u00edtica de cookies"}]},{"@type":"WebSite","@id":"https:\/\/asfalia.es\/ca\/#website","url":"https:\/\/asfalia.es\/ca\/","name":"Asfalia CA","description":"Validaci\u00f3 de sistemes inform\u00e0tics i consultoria","publisher":{"@id":"https:\/\/asfalia.es\/ca\/#organization"},"potentialAction":[{"@type":"SearchAction","target":{"@type":"EntryPoint","urlTemplate":"https:\/\/asfalia.es\/ca\/?s={search_term_string}"},"query-input":{"@type":"PropertyValueSpecification","valueRequired":true,"valueName":"search_term_string"}}],"inLanguage":"ca"},{"@type":"Organization","@id":"https:\/\/asfalia.es\/ca\/#organization","name":"Asfalia CA","url":"https:\/\/asfalia.es\/ca\/","logo":{"@type":"ImageObject","inLanguage":"ca","@id":"https:\/\/asfalia.es\/ca\/#\/schema\/logo\/image\/","url":"https:\/\/asfalia.es\/ca\/wp-content\/uploads\/sites\/3\/2021\/06\/Mesa-de-trabajo-1.png","contentUrl":"https:\/\/asfalia.es\/ca\/wp-content\/uploads\/sites\/3\/2021\/06\/Mesa-de-trabajo-1.png","width":513,"height":123,"caption":"Asfalia CA"},"image":{"@id":"https:\/\/asfalia.es\/ca\/#\/schema\/logo\/image\/"}}]}},"_links":{"self":[{"href":"https:\/\/asfalia.es\/ca\/wp-json\/wp\/v2\/pages\/24","targetHints":{"allow":["GET"]}}],"collection":[{"href":"https:\/\/asfalia.es\/ca\/wp-json\/wp\/v2\/pages"}],"about":[{"href":"https:\/\/asfalia.es\/ca\/wp-json\/wp\/v2\/types\/page"}],"author":[{"embeddable":true,"href":"https:\/\/asfalia.es\/ca\/wp-json\/wp\/v2\/users\/2"}],"replies":[{"embeddable":true,"href":"https:\/\/asfalia.es\/ca\/wp-json\/wp\/v2\/comments?post=24"}],"version-history":[{"count":0,"href":"https:\/\/asfalia.es\/ca\/wp-json\/wp\/v2\/pages\/24\/revisions"}],"wp:attachment":[{"href":"https:\/\/asfalia.es\/ca\/wp-json\/wp\/v2\/media?parent=24"}],"curies":[{"name":"wp","href":"https:\/\/api.w.org\/{rel}","templated":true}]}}