{"id":19,"date":"2021-06-29T08:04:40","date_gmt":"2021-06-29T08:04:40","guid":{"rendered":"https:\/\/asfalia.es\/?page_id=19"},"modified":"2022-12-02T12:40:12","modified_gmt":"2022-12-02T12:40:12","slug":"avis-legal","status":"publish","type":"page","link":"https:\/\/asfalia.es\/ca\/avis-legal\/","title":{"rendered":"Av\u00eds legal"},"content":{"rendered":"\t\t<div data-elementor-type=\"wp-page\" data-elementor-id=\"19\" class=\"elementor elementor-19\" data-elementor-post-type=\"page\">\n\t\t\t\t\t\t<section class=\"elementor-section elementor-top-section elementor-element elementor-element-9504f37 elementor-section-boxed elementor-section-height-default elementor-section-height-default\" data-id=\"9504f37\" data-element_type=\"section\">\n\t\t\t\t\t\t<div class=\"elementor-container elementor-column-gap-default\">\n\t\t\t\t\t<div class=\"elementor-column elementor-col-100 elementor-top-column elementor-element elementor-element-fb44bcc\" data-id=\"fb44bcc\" data-element_type=\"column\">\n\t\t\t<div class=\"elementor-widget-wrap elementor-element-populated\">\n\t\t\t\t\t\t<div class=\"elementor-element elementor-element-6ccf860 elementor-widget elementor-widget-heading\" data-id=\"6ccf860\" data-element_type=\"widget\" data-widget_type=\"heading.default\">\n\t\t\t\t<div class=\"elementor-widget-container\">\n\t\t\t\t\t<h1 class=\"elementor-heading-title elementor-size-default\">Av\u00eds legal<\/h1>\t\t\t\t<\/div>\n\t\t\t\t<\/div>\n\t\t\t\t<div class=\"elementor-element elementor-element-b2db864 elementor-widget elementor-widget-text-editor\" data-id=\"b2db864\" data-element_type=\"widget\" data-widget_type=\"text-editor.default\">\n\t\t\t\t<div class=\"elementor-widget-container\">\n\t\t\t\t\t\t\t\t\t<ol><li><strong><u>INFORMACI\u00d3 CORPORATIVA<\/u><\/strong><\/li><\/ol><p>En compliment de la Llei 34\/2002, de l\u201911 de Juliol, de serveis de la societat de la informaci\u00f3 i de comer\u00e7 electr\u00f2nic, <strong>CONSULTORIA ASFALIA SL<\/strong> l\u2019informa que \u00e9s titular dels llocs web: <a href=\"https:\/\/asfalia.es\"><strong>https:\/\/asfalia.es<\/strong><\/a><strong>. \u00a0<\/strong>D\u2019acord amb l\u2019exig\u00e8ncia de l\u2019article 10 de la mencionada Llei, notifica les seg\u00fcents dades: NIF\/CIF: <strong>B64412273, <\/strong>Registre Mercantil de <strong>BARCELONA. <\/strong>Tom: <strong>39226,<\/strong> Foli: <strong>23, Secci\u00f3, 8,<\/strong> P\u00e0gina: <strong>B 342187<\/strong>, i domicili social: <strong>ARGENTONA, 1, 4\u00aa. 08302<\/strong> <strong>MATAR\u00d3<\/strong>, <strong>BARCELONA<\/strong>. L\u2019adre\u00e7a de correu electr\u00f2nic de contacte amb l\u2019empresa \u00e9s: <a href=\"mailto:asfalia@asfalia.es\"><strong>asfalia@asfalia.es<\/strong><\/a><strong><u>. <\/u><\/strong>\u00a0\u00a0\u00a0<\/p><p>\u00a0<\/p><ol start=\"2\"><li><strong><u>USUARI i R\u00c8GIM DE RESPONSABILITATS<\/u><\/strong><\/li><\/ol><p>La navegaci\u00f3 per acc\u00e9s o \u00fas de la p\u00e0gina web i tots els subdominis i directoris inclosos sota el mateix domini, aix\u00ed com els serveis o continguts que a trav\u00e9s seu es puguin obtenir i tots els portals de domini propi sota titularitat de <strong>CONSULTORIA ASFALIA SL<\/strong>, atorga la Condici\u00f3 d&#8217;Usuari, per la qual s&#8217;accepten, en navegar per la p\u00e0gina web de <strong>CONSULTORIA ASFALIA SL<\/strong>, totes les condicions d&#8217;\u00fas que s&#8217;estableixen sense perjudicar l&#8217;aplicaci\u00f3 de la corresponent normativa de compliment legal obligat segons el cas.<\/p><p>Per aix\u00f2, si les consideracions detallades en aquest av\u00eds legal no s\u00f3n de la seva conformitat, preguem no faci \u00fas del portal, ja que qualsevol \u00fas que faci del mateix o els serveis i continguts en ell inclosos implicar\u00e0 l&#8217;acceptaci\u00f3 dels termes legals recollits en aquest text.<\/p><p>La p\u00e0gina web de <strong>CONSULTORIA ASFALIA SL<\/strong> proporciona gran diversitat d&#8217;informaci\u00f3, serveis i dades. L&#8217;usuari assumeix la responsabilitat en l&#8217;\u00fas correcte dels llocs web. Aquesta responsabilitat s&#8217;estendr\u00e0 a: La veracitat i licitud de les informacions aportades per l&#8217;usuari als formularis de registre i contacte de <strong>CONSULTORIA ASFALIA SL,<\/strong> per accedir a determinats continguts o serveis oferts per la web.<\/p><p>L&#8217;\u00fas de la informaci\u00f3, serveis i dades ofertes per <strong>CONSULTORIA ASFALIA SL<\/strong> no aniran contra les disposicions d&#8217;aquestes cl\u00e0usules, la Llei, la moral, els bons costums o l&#8217;ordre p\u00fablic que puguin suposar lesi\u00f3 dels drets de tercers o del funcionament dels llocs web. A aquest efecte, l&#8217;Usuari s&#8217;abstindr\u00e0 d&#8217;utilitzar qualsevol dels continguts amb finalitats il\u00b7l\u00edcites i prohibides en aquest text, lesius dels drets i interessos de tercers, o que de qualsevol manera puguin danyar, inutilitzar, sobrecarregar, deteriorar o impedir-ne la utilitzaci\u00f3 normal dels continguts, d&#8217;altres usuaris o de qualsevol usuari d&#8217;Internet (hardware i software).<\/p><p>Els usuaris respondran dels danys i perjudicis de tota naturalesa que l&#8217;entitat propiet\u00e0ria del web pugui patir, directament o indirectament, com a conseq\u00fc\u00e8ncia d&#8217;incompliment de qualsevol de les obligacions derivades de l&#8217;\u00fas del web i d&#8217;aquesta pol\u00edtica de privacitat.<\/p><p>En particular, i a t\u00edtol merament indicatiu i no exhaustiu, l&#8217;Usuari es compromet a no transmetre, difondre o posar a disposici\u00f3 de tercers informacions, dades, continguts, missatges, gr\u00e0fics, dibuixos, fitxers de so i\/o imatge, fotografies d&#8217;aquesta web.<\/p>\t\t\t\t\t\t\t\t<\/div>\n\t\t\t\t<\/div>\n\t\t\t\t\t<\/div>\n\t\t<\/div>\n\t\t\t\t\t<\/div>\n\t\t<\/section>\n\t\t\t\t<\/div>\n\t\t","protected":false},"excerpt":{"rendered":"<p>INFORMACI\u00d3 CORPORATIVA En compliment de la Llei 34\/2002, de l\u201911 de Juliol, de serveis de la societat de la informaci\u00f3 i de comer\u00e7 electr\u00f2nic, CONSULTORIA ASFALIA SL l\u2019informa que \u00e9s titular dels llocs web: https:\/\/asfalia.es. \u00a0D\u2019acord amb l\u2019exig\u00e8ncia de l\u2019article 10 de la mencionada Llei, notifica les seg\u00fcents dades: NIF\/CIF: B64412273, Registre Mercantil de BARCELONA. [&hellip;]<\/p>\n","protected":false},"author":2,"featured_media":0,"parent":0,"menu_order":0,"comment_status":"closed","ping_status":"closed","template":"","meta":{"footnotes":""},"class_list":["post-19","page","type-page","status-publish","hentry"],"yoast_head":"<!-- This site is optimized with the Yoast SEO plugin v25.5 - https:\/\/yoast.com\/wordpress\/plugins\/seo\/ -->\n<title>Av\u00eds legal - Asfalia CA<\/title>\n<meta name=\"robots\" content=\"index, follow, max-snippet:-1, max-image-preview:large, max-video-preview:-1\" \/>\n<link rel=\"canonical\" href=\"https:\/\/asfalia.es\/ca\/avis-legal\/\" \/>\n<meta property=\"og:locale\" content=\"ca_ES\" \/>\n<meta property=\"og:type\" content=\"article\" \/>\n<meta property=\"og:title\" content=\"Av\u00eds legal - Asfalia CA\" \/>\n<meta property=\"og:description\" content=\"INFORMACI\u00d3 CORPORATIVA En compliment de la Llei 34\/2002, de l\u201911 de Juliol, de serveis de la societat de la informaci\u00f3 i de comer\u00e7 electr\u00f2nic, CONSULTORIA ASFALIA SL l\u2019informa que \u00e9s titular dels llocs web: https:\/\/asfalia.es. \u00a0D\u2019acord amb l\u2019exig\u00e8ncia de l\u2019article 10 de la mencionada Llei, notifica les seg\u00fcents dades: NIF\/CIF: B64412273, Registre Mercantil de BARCELONA. [&hellip;]\" \/>\n<meta property=\"og:url\" content=\"https:\/\/asfalia.es\/ca\/avis-legal\/\" \/>\n<meta property=\"og:site_name\" content=\"Asfalia CA\" \/>\n<meta property=\"article:modified_time\" content=\"2022-12-02T12:40:12+00:00\" \/>\n<meta name=\"twitter:card\" content=\"summary_large_image\" \/>\n<meta name=\"twitter:label1\" content=\"Temps estimat de lectura\" \/>\n\t<meta name=\"twitter:data1\" content=\"3 minuts\" \/>\n<script type=\"application\/ld+json\" class=\"yoast-schema-graph\">{\"@context\":\"https:\/\/schema.org\",\"@graph\":[{\"@type\":\"WebPage\",\"@id\":\"https:\/\/asfalia.es\/ca\/avis-legal\/\",\"url\":\"https:\/\/asfalia.es\/ca\/avis-legal\/\",\"name\":\"Av\u00eds legal - Asfalia CA\",\"isPartOf\":{\"@id\":\"https:\/\/asfalia.es\/ca\/#website\"},\"datePublished\":\"2021-06-29T08:04:40+00:00\",\"dateModified\":\"2022-12-02T12:40:12+00:00\",\"breadcrumb\":{\"@id\":\"https:\/\/asfalia.es\/ca\/avis-legal\/#breadcrumb\"},\"inLanguage\":\"ca\",\"potentialAction\":[{\"@type\":\"ReadAction\",\"target\":[\"https:\/\/asfalia.es\/ca\/avis-legal\/\"]}]},{\"@type\":\"BreadcrumbList\",\"@id\":\"https:\/\/asfalia.es\/ca\/avis-legal\/#breadcrumb\",\"itemListElement\":[{\"@type\":\"ListItem\",\"position\":1,\"name\":\"Portada\",\"item\":\"https:\/\/asfalia.es\/ca\/\"},{\"@type\":\"ListItem\",\"position\":2,\"name\":\"Av\u00eds legal\"}]},{\"@type\":\"WebSite\",\"@id\":\"https:\/\/asfalia.es\/ca\/#website\",\"url\":\"https:\/\/asfalia.es\/ca\/\",\"name\":\"Asfalia CA\",\"description\":\"Validaci\u00f3 de sistemes inform\u00e0tics i consultoria\",\"publisher\":{\"@id\":\"https:\/\/asfalia.es\/ca\/#organization\"},\"potentialAction\":[{\"@type\":\"SearchAction\",\"target\":{\"@type\":\"EntryPoint\",\"urlTemplate\":\"https:\/\/asfalia.es\/ca\/?s={search_term_string}\"},\"query-input\":{\"@type\":\"PropertyValueSpecification\",\"valueRequired\":true,\"valueName\":\"search_term_string\"}}],\"inLanguage\":\"ca\"},{\"@type\":\"Organization\",\"@id\":\"https:\/\/asfalia.es\/ca\/#organization\",\"name\":\"Asfalia CA\",\"url\":\"https:\/\/asfalia.es\/ca\/\",\"logo\":{\"@type\":\"ImageObject\",\"inLanguage\":\"ca\",\"@id\":\"https:\/\/asfalia.es\/ca\/#\/schema\/logo\/image\/\",\"url\":\"https:\/\/asfalia.es\/ca\/wp-content\/uploads\/sites\/3\/2021\/06\/Mesa-de-trabajo-1.png\",\"contentUrl\":\"https:\/\/asfalia.es\/ca\/wp-content\/uploads\/sites\/3\/2021\/06\/Mesa-de-trabajo-1.png\",\"width\":513,\"height\":123,\"caption\":\"Asfalia CA\"},\"image\":{\"@id\":\"https:\/\/asfalia.es\/ca\/#\/schema\/logo\/image\/\"}}]}<\/script>\n<!-- \/ Yoast SEO plugin. -->","yoast_head_json":{"title":"Av\u00eds legal - Asfalia CA","robots":{"index":"index","follow":"follow","max-snippet":"max-snippet:-1","max-image-preview":"max-image-preview:large","max-video-preview":"max-video-preview:-1"},"canonical":"https:\/\/asfalia.es\/ca\/avis-legal\/","og_locale":"ca_ES","og_type":"article","og_title":"Av\u00eds legal - Asfalia CA","og_description":"INFORMACI\u00d3 CORPORATIVA En compliment de la Llei 34\/2002, de l\u201911 de Juliol, de serveis de la societat de la informaci\u00f3 i de comer\u00e7 electr\u00f2nic, CONSULTORIA ASFALIA SL l\u2019informa que \u00e9s titular dels llocs web: https:\/\/asfalia.es. \u00a0D\u2019acord amb l\u2019exig\u00e8ncia de l\u2019article 10 de la mencionada Llei, notifica les seg\u00fcents dades: NIF\/CIF: B64412273, Registre Mercantil de BARCELONA. [&hellip;]","og_url":"https:\/\/asfalia.es\/ca\/avis-legal\/","og_site_name":"Asfalia CA","article_modified_time":"2022-12-02T12:40:12+00:00","twitter_card":"summary_large_image","twitter_misc":{"Temps estimat de lectura":"3 minuts"},"schema":{"@context":"https:\/\/schema.org","@graph":[{"@type":"WebPage","@id":"https:\/\/asfalia.es\/ca\/avis-legal\/","url":"https:\/\/asfalia.es\/ca\/avis-legal\/","name":"Av\u00eds legal - Asfalia CA","isPartOf":{"@id":"https:\/\/asfalia.es\/ca\/#website"},"datePublished":"2021-06-29T08:04:40+00:00","dateModified":"2022-12-02T12:40:12+00:00","breadcrumb":{"@id":"https:\/\/asfalia.es\/ca\/avis-legal\/#breadcrumb"},"inLanguage":"ca","potentialAction":[{"@type":"ReadAction","target":["https:\/\/asfalia.es\/ca\/avis-legal\/"]}]},{"@type":"BreadcrumbList","@id":"https:\/\/asfalia.es\/ca\/avis-legal\/#breadcrumb","itemListElement":[{"@type":"ListItem","position":1,"name":"Portada","item":"https:\/\/asfalia.es\/ca\/"},{"@type":"ListItem","position":2,"name":"Av\u00eds legal"}]},{"@type":"WebSite","@id":"https:\/\/asfalia.es\/ca\/#website","url":"https:\/\/asfalia.es\/ca\/","name":"Asfalia CA","description":"Validaci\u00f3 de sistemes inform\u00e0tics i consultoria","publisher":{"@id":"https:\/\/asfalia.es\/ca\/#organization"},"potentialAction":[{"@type":"SearchAction","target":{"@type":"EntryPoint","urlTemplate":"https:\/\/asfalia.es\/ca\/?s={search_term_string}"},"query-input":{"@type":"PropertyValueSpecification","valueRequired":true,"valueName":"search_term_string"}}],"inLanguage":"ca"},{"@type":"Organization","@id":"https:\/\/asfalia.es\/ca\/#organization","name":"Asfalia CA","url":"https:\/\/asfalia.es\/ca\/","logo":{"@type":"ImageObject","inLanguage":"ca","@id":"https:\/\/asfalia.es\/ca\/#\/schema\/logo\/image\/","url":"https:\/\/asfalia.es\/ca\/wp-content\/uploads\/sites\/3\/2021\/06\/Mesa-de-trabajo-1.png","contentUrl":"https:\/\/asfalia.es\/ca\/wp-content\/uploads\/sites\/3\/2021\/06\/Mesa-de-trabajo-1.png","width":513,"height":123,"caption":"Asfalia CA"},"image":{"@id":"https:\/\/asfalia.es\/ca\/#\/schema\/logo\/image\/"}}]}},"_links":{"self":[{"href":"https:\/\/asfalia.es\/ca\/wp-json\/wp\/v2\/pages\/19","targetHints":{"allow":["GET"]}}],"collection":[{"href":"https:\/\/asfalia.es\/ca\/wp-json\/wp\/v2\/pages"}],"about":[{"href":"https:\/\/asfalia.es\/ca\/wp-json\/wp\/v2\/types\/page"}],"author":[{"embeddable":true,"href":"https:\/\/asfalia.es\/ca\/wp-json\/wp\/v2\/users\/2"}],"replies":[{"embeddable":true,"href":"https:\/\/asfalia.es\/ca\/wp-json\/wp\/v2\/comments?post=19"}],"version-history":[{"count":0,"href":"https:\/\/asfalia.es\/ca\/wp-json\/wp\/v2\/pages\/19\/revisions"}],"wp:attachment":[{"href":"https:\/\/asfalia.es\/ca\/wp-json\/wp\/v2\/media?parent=19"}],"curies":[{"name":"wp","href":"https:\/\/api.w.org\/{rel}","templated":true}]}}