{"id":1507,"date":"2022-06-16T18:07:13","date_gmt":"2022-06-16T18:07:13","guid":{"rendered":"https:\/\/asfalia.es\/?page_id=1507"},"modified":"2022-12-12T17:47:30","modified_gmt":"2022-12-12T17:47:30","slug":"infraestructura-informatica","status":"publish","type":"page","link":"https:\/\/asfalia.es\/ca\/infraestructura-informatica\/","title":{"rendered":"Infraestructura Inform\u00e0tica"},"content":{"rendered":"\t\t<div data-elementor-type=\"wp-page\" data-elementor-id=\"1507\" class=\"elementor elementor-1507\" data-elementor-post-type=\"page\">\n\t\t\t\t\t\t<header class=\"elementor-section elementor-top-section elementor-element elementor-element-9329b9f elementor-section-height-min-height elementor-section-items-stretch elementor-section-boxed elementor-section-height-default\" data-id=\"9329b9f\" data-element_type=\"section\" data-settings=\"{&quot;background_background&quot;:&quot;classic&quot;,&quot;background_motion_fx_motion_fx_scrolling&quot;:&quot;yes&quot;,&quot;background_motion_fx_translateY_effect&quot;:&quot;yes&quot;,&quot;background_motion_fx_translateY_speed&quot;:{&quot;unit&quot;:&quot;px&quot;,&quot;size&quot;:10,&quot;sizes&quot;:[]},&quot;background_motion_fx_scale_effect&quot;:&quot;yes&quot;,&quot;background_motion_fx_scale_speed&quot;:{&quot;unit&quot;:&quot;px&quot;,&quot;size&quot;:10,&quot;sizes&quot;:[]},&quot;background_motion_fx_scale_range&quot;:{&quot;unit&quot;:&quot;%&quot;,&quot;size&quot;:&quot;&quot;,&quot;sizes&quot;:{&quot;start&quot;:0,&quot;end&quot;:100}},&quot;background_motion_fx_translateY_affectedRange&quot;:{&quot;unit&quot;:&quot;%&quot;,&quot;size&quot;:&quot;&quot;,&quot;sizes&quot;:{&quot;start&quot;:0,&quot;end&quot;:100}},&quot;background_motion_fx_scale_direction&quot;:&quot;out-in&quot;,&quot;background_motion_fx_devices&quot;:[&quot;desktop&quot;,&quot;tablet&quot;,&quot;mobile&quot;]}\">\n\t\t\t\t\t\t\t<div class=\"elementor-background-overlay\"><\/div>\n\t\t\t\t\t\t\t<div class=\"elementor-container elementor-column-gap-default\">\n\t\t\t\t\t<div class=\"elementor-column elementor-col-100 elementor-top-column elementor-element elementor-element-e84f027\" data-id=\"e84f027\" data-element_type=\"column\">\n\t\t\t<div class=\"elementor-widget-wrap elementor-element-populated\">\n\t\t\t\t\t\t<div class=\"elementor-element elementor-element-69a1823 elementor-widget elementor-widget-heading\" data-id=\"69a1823\" data-element_type=\"widget\" data-widget_type=\"heading.default\">\n\t\t\t\t<div class=\"elementor-widget-container\">\n\t\t\t\t\t<h1 class=\"elementor-heading-title elementor-size-default\">Infraestructura\u00a0<span class=\"destacat\"> inform\u00e0tica<\/span><\/h1>\t\t\t\t<\/div>\n\t\t\t\t<\/div>\n\t\t\t\t<div class=\"elementor-element elementor-element-1b73dd6 elementor-widget__width-initial elementor-widget elementor-widget-text-editor\" data-id=\"1b73dd6\" data-element_type=\"widget\" data-widget_type=\"text-editor.default\">\n\t\t\t\t<div class=\"elementor-widget-container\">\n\t\t\t\t\t\t\t\t\tLa infraestructura , un dels quatre pilars d&#8217;un sistema informatitzat.\t\t\t\t\t\t\t\t<\/div>\n\t\t\t\t<\/div>\n\t\t\t\t\t<\/div>\n\t\t<\/div>\n\t\t\t\t\t<\/div>\n\t\t<\/header>\n\t\t\t\t<section class=\"elementor-section elementor-top-section elementor-element elementor-element-97e55a0 elementor-section-boxed elementor-section-height-default elementor-section-height-default\" data-id=\"97e55a0\" data-element_type=\"section\">\n\t\t\t\t\t\t<div class=\"elementor-container elementor-column-gap-default\">\n\t\t\t\t\t<div class=\"elementor-column elementor-col-100 elementor-top-column elementor-element elementor-element-4f91ec5\" data-id=\"4f91ec5\" data-element_type=\"column\">\n\t\t\t<div class=\"elementor-widget-wrap elementor-element-populated\">\n\t\t\t\t\t\t<div class=\"elementor-element elementor-element-14b5c75 elementor-widget__width-initial elementor-widget-tablet__width-inherit elementor-widget elementor-widget-heading\" data-id=\"14b5c75\" data-element_type=\"widget\" data-widget_type=\"heading.default\">\n\t\t\t\t<div class=\"elementor-widget-container\">\n\t\t\t\t\t<h2 class=\"elementor-heading-title elementor-size-default\">La infraestructura, el software, el personal i la documentaci\u00f3 formen la base de tota <span class=\"destacatsubtit\">validaci\u00f3 inform\u00e0tica<\/span><\/h2>\t\t\t\t<\/div>\n\t\t\t\t<\/div>\n\t\t\t\t<div class=\"elementor-element elementor-element-09a88d7 elementor-widget elementor-widget-text-editor\" data-id=\"09a88d7\" data-element_type=\"widget\" data-widget_type=\"text-editor.default\">\n\t\t\t\t<div class=\"elementor-widget-container\">\n\t\t\t\t\t\t\t\t\tLa gesti\u00f3 de la qualitat de la infraestructura inform\u00e0tica, ja sigui pr\u00f2pia o gestionada per tercers en cas de disposar de sistemes al n\u00favol, \u00e9s un dels principals serveis d&#8217;Asfalia.\t\t\t\t\t\t\t\t<\/div>\n\t\t\t\t<\/div>\n\t\t\t\t\t<\/div>\n\t\t<\/div>\n\t\t\t\t\t<\/div>\n\t\t<\/section>\n\t\t\t\t<section class=\"elementor-section elementor-top-section elementor-element elementor-element-541c600 elementor-section-boxed elementor-section-height-default elementor-section-height-default\" data-id=\"541c600\" data-element_type=\"section\">\n\t\t\t\t\t\t<div class=\"elementor-container elementor-column-gap-default\">\n\t\t\t\t\t<div class=\"elementor-column elementor-col-50 elementor-top-column elementor-element elementor-element-b4955c2\" data-id=\"b4955c2\" data-element_type=\"column\" data-settings=\"{&quot;background_background&quot;:&quot;classic&quot;}\">\n\t\t\t<div class=\"elementor-widget-wrap elementor-element-populated\">\n\t\t\t\t\t\t<div class=\"elementor-element elementor-element-a81f7d1 elementor-widget elementor-widget-spacer\" data-id=\"a81f7d1\" data-element_type=\"widget\" data-widget_type=\"spacer.default\">\n\t\t\t\t<div class=\"elementor-widget-container\">\n\t\t\t\t\t\t\t<div class=\"elementor-spacer\">\n\t\t\t<div class=\"elementor-spacer-inner\"><\/div>\n\t\t<\/div>\n\t\t\t\t\t\t<\/div>\n\t\t\t\t<\/div>\n\t\t\t\t\t<\/div>\n\t\t<\/div>\n\t\t\t\t<div class=\"elementor-column elementor-col-50 elementor-top-column elementor-element elementor-element-eaca575\" data-id=\"eaca575\" data-element_type=\"column\" data-settings=\"{&quot;background_background&quot;:&quot;classic&quot;}\">\n\t\t\t<div class=\"elementor-widget-wrap elementor-element-populated\">\n\t\t\t\t\t\t<div class=\"elementor-element elementor-element-f45bf64 elementor-widget elementor-widget-text-editor\" data-id=\"f45bf64\" data-element_type=\"widget\" data-widget_type=\"text-editor.default\">\n\t\t\t\t<div class=\"elementor-widget-container\">\n\t\t\t\t\t\t\t\t\t<p>El nostre equip de consultors t\u00e8cnics proporciona suport a la gesti\u00f3 de les infraestructures per assegurar que processos com la seva seguretat, configuraci\u00f3 i manteniment siguin correctes i degudament controlats. Per aix\u00f2, a Asfalia qualifiquem tots els elements d&#8217;infraestructures, com ara sales de servidors, xarxes, hardware i els seus perif\u00e8rics, sistemes operatius, hypervisors, middleware, servidors, clients i eines d&#8217;inform\u00e0tica, tal com detalla la guia Good Practice Guide: IT Infrastructure Control and Compliance, relacionada amb les GAMP.<\/p><p>I si el sistema \u00e9s al n\u00favol, no hi ha problema: a Asfalia analitzem o auditem el prove\u00efdor per assegurar-nos que realitza la gesti\u00f3, el control i el manteniment de les infraestructures com ho faries tu mateix.<\/p>\t\t\t\t\t\t\t\t<\/div>\n\t\t\t\t<\/div>\n\t\t\t\t\t<\/div>\n\t\t<\/div>\n\t\t\t\t\t<\/div>\n\t\t<\/section>\n\t\t\t\t<\/div>\n\t\t","protected":false},"excerpt":{"rendered":"<p>Infraestructura\u00a0 inform\u00e0tica La infraestructura , un dels quatre pilars d&#8217;un sistema informatitzat. La infraestructura, el software, el personal i la documentaci\u00f3 formen la base de tota validaci\u00f3 inform\u00e0tica La gesti\u00f3 de la qualitat de la infraestructura inform\u00e0tica, ja sigui pr\u00f2pia o gestionada per tercers en cas de disposar de sistemes al n\u00favol, \u00e9s un dels [&hellip;]<\/p>\n","protected":false},"author":2,"featured_media":0,"parent":0,"menu_order":0,"comment_status":"closed","ping_status":"closed","template":"","meta":{"footnotes":""},"class_list":["post-1507","page","type-page","status-publish","hentry"],"yoast_head":"<!-- This site is optimized with the Yoast SEO plugin v25.5 - https:\/\/yoast.com\/wordpress\/plugins\/seo\/ -->\n<title>Infraestructura Inform\u00e0tica - Asfalia CA<\/title>\n<meta name=\"robots\" content=\"index, follow, max-snippet:-1, max-image-preview:large, max-video-preview:-1\" \/>\n<link rel=\"canonical\" href=\"https:\/\/asfalia.es\/ca\/infraestructura-informatica\/\" \/>\n<meta property=\"og:locale\" content=\"ca_ES\" \/>\n<meta property=\"og:type\" content=\"article\" \/>\n<meta property=\"og:title\" content=\"Infraestructura Inform\u00e0tica - Asfalia CA\" \/>\n<meta property=\"og:description\" content=\"Infraestructura\u00a0 inform\u00e0tica La infraestructura , un dels quatre pilars d&#8217;un sistema informatitzat. La infraestructura, el software, el personal i la documentaci\u00f3 formen la base de tota validaci\u00f3 inform\u00e0tica La gesti\u00f3 de la qualitat de la infraestructura inform\u00e0tica, ja sigui pr\u00f2pia o gestionada per tercers en cas de disposar de sistemes al n\u00favol, \u00e9s un dels [&hellip;]\" \/>\n<meta property=\"og:url\" content=\"https:\/\/asfalia.es\/ca\/infraestructura-informatica\/\" \/>\n<meta property=\"og:site_name\" content=\"Asfalia CA\" \/>\n<meta property=\"article:modified_time\" content=\"2022-12-12T17:47:30+00:00\" \/>\n<meta name=\"twitter:card\" content=\"summary_large_image\" \/>\n<meta name=\"twitter:label1\" content=\"Temps estimat de lectura\" \/>\n\t<meta name=\"twitter:data1\" content=\"1 minut\" \/>\n<script type=\"application\/ld+json\" class=\"yoast-schema-graph\">{\"@context\":\"https:\/\/schema.org\",\"@graph\":[{\"@type\":\"WebPage\",\"@id\":\"https:\/\/asfalia.es\/ca\/infraestructura-informatica\/\",\"url\":\"https:\/\/asfalia.es\/ca\/infraestructura-informatica\/\",\"name\":\"Infraestructura Inform\u00e0tica - Asfalia CA\",\"isPartOf\":{\"@id\":\"https:\/\/asfalia.es\/ca\/#website\"},\"datePublished\":\"2022-06-16T18:07:13+00:00\",\"dateModified\":\"2022-12-12T17:47:30+00:00\",\"breadcrumb\":{\"@id\":\"https:\/\/asfalia.es\/ca\/infraestructura-informatica\/#breadcrumb\"},\"inLanguage\":\"ca\",\"potentialAction\":[{\"@type\":\"ReadAction\",\"target\":[\"https:\/\/asfalia.es\/ca\/infraestructura-informatica\/\"]}]},{\"@type\":\"BreadcrumbList\",\"@id\":\"https:\/\/asfalia.es\/ca\/infraestructura-informatica\/#breadcrumb\",\"itemListElement\":[{\"@type\":\"ListItem\",\"position\":1,\"name\":\"Portada\",\"item\":\"https:\/\/asfalia.es\/ca\/\"},{\"@type\":\"ListItem\",\"position\":2,\"name\":\"Infraestructura Inform\u00e0tica\"}]},{\"@type\":\"WebSite\",\"@id\":\"https:\/\/asfalia.es\/ca\/#website\",\"url\":\"https:\/\/asfalia.es\/ca\/\",\"name\":\"Asfalia CA\",\"description\":\"Validaci\u00f3 de sistemes inform\u00e0tics i consultoria\",\"publisher\":{\"@id\":\"https:\/\/asfalia.es\/ca\/#organization\"},\"potentialAction\":[{\"@type\":\"SearchAction\",\"target\":{\"@type\":\"EntryPoint\",\"urlTemplate\":\"https:\/\/asfalia.es\/ca\/?s={search_term_string}\"},\"query-input\":{\"@type\":\"PropertyValueSpecification\",\"valueRequired\":true,\"valueName\":\"search_term_string\"}}],\"inLanguage\":\"ca\"},{\"@type\":\"Organization\",\"@id\":\"https:\/\/asfalia.es\/ca\/#organization\",\"name\":\"Asfalia CA\",\"url\":\"https:\/\/asfalia.es\/ca\/\",\"logo\":{\"@type\":\"ImageObject\",\"inLanguage\":\"ca\",\"@id\":\"https:\/\/asfalia.es\/ca\/#\/schema\/logo\/image\/\",\"url\":\"https:\/\/asfalia.es\/ca\/wp-content\/uploads\/sites\/3\/2021\/06\/Mesa-de-trabajo-1.png\",\"contentUrl\":\"https:\/\/asfalia.es\/ca\/wp-content\/uploads\/sites\/3\/2021\/06\/Mesa-de-trabajo-1.png\",\"width\":513,\"height\":123,\"caption\":\"Asfalia CA\"},\"image\":{\"@id\":\"https:\/\/asfalia.es\/ca\/#\/schema\/logo\/image\/\"}}]}<\/script>\n<!-- \/ Yoast SEO plugin. -->","yoast_head_json":{"title":"Infraestructura Inform\u00e0tica - Asfalia CA","robots":{"index":"index","follow":"follow","max-snippet":"max-snippet:-1","max-image-preview":"max-image-preview:large","max-video-preview":"max-video-preview:-1"},"canonical":"https:\/\/asfalia.es\/ca\/infraestructura-informatica\/","og_locale":"ca_ES","og_type":"article","og_title":"Infraestructura Inform\u00e0tica - Asfalia CA","og_description":"Infraestructura\u00a0 inform\u00e0tica La infraestructura , un dels quatre pilars d&#8217;un sistema informatitzat. La infraestructura, el software, el personal i la documentaci\u00f3 formen la base de tota validaci\u00f3 inform\u00e0tica La gesti\u00f3 de la qualitat de la infraestructura inform\u00e0tica, ja sigui pr\u00f2pia o gestionada per tercers en cas de disposar de sistemes al n\u00favol, \u00e9s un dels [&hellip;]","og_url":"https:\/\/asfalia.es\/ca\/infraestructura-informatica\/","og_site_name":"Asfalia CA","article_modified_time":"2022-12-12T17:47:30+00:00","twitter_card":"summary_large_image","twitter_misc":{"Temps estimat de lectura":"1 minut"},"schema":{"@context":"https:\/\/schema.org","@graph":[{"@type":"WebPage","@id":"https:\/\/asfalia.es\/ca\/infraestructura-informatica\/","url":"https:\/\/asfalia.es\/ca\/infraestructura-informatica\/","name":"Infraestructura Inform\u00e0tica - Asfalia CA","isPartOf":{"@id":"https:\/\/asfalia.es\/ca\/#website"},"datePublished":"2022-06-16T18:07:13+00:00","dateModified":"2022-12-12T17:47:30+00:00","breadcrumb":{"@id":"https:\/\/asfalia.es\/ca\/infraestructura-informatica\/#breadcrumb"},"inLanguage":"ca","potentialAction":[{"@type":"ReadAction","target":["https:\/\/asfalia.es\/ca\/infraestructura-informatica\/"]}]},{"@type":"BreadcrumbList","@id":"https:\/\/asfalia.es\/ca\/infraestructura-informatica\/#breadcrumb","itemListElement":[{"@type":"ListItem","position":1,"name":"Portada","item":"https:\/\/asfalia.es\/ca\/"},{"@type":"ListItem","position":2,"name":"Infraestructura Inform\u00e0tica"}]},{"@type":"WebSite","@id":"https:\/\/asfalia.es\/ca\/#website","url":"https:\/\/asfalia.es\/ca\/","name":"Asfalia CA","description":"Validaci\u00f3 de sistemes inform\u00e0tics i consultoria","publisher":{"@id":"https:\/\/asfalia.es\/ca\/#organization"},"potentialAction":[{"@type":"SearchAction","target":{"@type":"EntryPoint","urlTemplate":"https:\/\/asfalia.es\/ca\/?s={search_term_string}"},"query-input":{"@type":"PropertyValueSpecification","valueRequired":true,"valueName":"search_term_string"}}],"inLanguage":"ca"},{"@type":"Organization","@id":"https:\/\/asfalia.es\/ca\/#organization","name":"Asfalia CA","url":"https:\/\/asfalia.es\/ca\/","logo":{"@type":"ImageObject","inLanguage":"ca","@id":"https:\/\/asfalia.es\/ca\/#\/schema\/logo\/image\/","url":"https:\/\/asfalia.es\/ca\/wp-content\/uploads\/sites\/3\/2021\/06\/Mesa-de-trabajo-1.png","contentUrl":"https:\/\/asfalia.es\/ca\/wp-content\/uploads\/sites\/3\/2021\/06\/Mesa-de-trabajo-1.png","width":513,"height":123,"caption":"Asfalia CA"},"image":{"@id":"https:\/\/asfalia.es\/ca\/#\/schema\/logo\/image\/"}}]}},"_links":{"self":[{"href":"https:\/\/asfalia.es\/ca\/wp-json\/wp\/v2\/pages\/1507","targetHints":{"allow":["GET"]}}],"collection":[{"href":"https:\/\/asfalia.es\/ca\/wp-json\/wp\/v2\/pages"}],"about":[{"href":"https:\/\/asfalia.es\/ca\/wp-json\/wp\/v2\/types\/page"}],"author":[{"embeddable":true,"href":"https:\/\/asfalia.es\/ca\/wp-json\/wp\/v2\/users\/2"}],"replies":[{"embeddable":true,"href":"https:\/\/asfalia.es\/ca\/wp-json\/wp\/v2\/comments?post=1507"}],"version-history":[{"count":3,"href":"https:\/\/asfalia.es\/ca\/wp-json\/wp\/v2\/pages\/1507\/revisions"}],"predecessor-version":[{"id":6107,"href":"https:\/\/asfalia.es\/ca\/wp-json\/wp\/v2\/pages\/1507\/revisions\/6107"}],"wp:attachment":[{"href":"https:\/\/asfalia.es\/ca\/wp-json\/wp\/v2\/media?parent=1507"}],"curies":[{"name":"wp","href":"https:\/\/api.w.org\/{rel}","templated":true}]}}