{"id":1505,"date":"2022-06-16T18:06:47","date_gmt":"2022-06-16T18:06:47","guid":{"rendered":"https:\/\/asfalia.es\/?page_id=1505"},"modified":"2022-12-12T17:30:29","modified_gmt":"2022-12-12T17:30:29","slug":"data-integrity","status":"publish","type":"page","link":"https:\/\/asfalia.es\/ca\/data-integrity\/","title":{"rendered":"Data Integrity"},"content":{"rendered":"\t\t<div data-elementor-type=\"wp-page\" data-elementor-id=\"1505\" class=\"elementor elementor-1505\" data-elementor-post-type=\"page\">\n\t\t\t\t\t\t<header class=\"elementor-section elementor-top-section elementor-element elementor-element-aac7809 elementor-section-height-min-height elementor-section-items-stretch elementor-section-boxed elementor-section-height-default\" data-id=\"aac7809\" data-element_type=\"section\" data-settings=\"{&quot;background_background&quot;:&quot;classic&quot;,&quot;background_motion_fx_motion_fx_scrolling&quot;:&quot;yes&quot;,&quot;background_motion_fx_translateY_effect&quot;:&quot;yes&quot;,&quot;background_motion_fx_translateY_speed&quot;:{&quot;unit&quot;:&quot;px&quot;,&quot;size&quot;:10,&quot;sizes&quot;:[]},&quot;background_motion_fx_scale_effect&quot;:&quot;yes&quot;,&quot;background_motion_fx_scale_speed&quot;:{&quot;unit&quot;:&quot;px&quot;,&quot;size&quot;:10,&quot;sizes&quot;:[]},&quot;background_motion_fx_scale_range&quot;:{&quot;unit&quot;:&quot;%&quot;,&quot;size&quot;:&quot;&quot;,&quot;sizes&quot;:{&quot;start&quot;:0,&quot;end&quot;:100}},&quot;background_motion_fx_translateY_affectedRange&quot;:{&quot;unit&quot;:&quot;%&quot;,&quot;size&quot;:&quot;&quot;,&quot;sizes&quot;:{&quot;start&quot;:0,&quot;end&quot;:100}},&quot;background_motion_fx_scale_direction&quot;:&quot;out-in&quot;,&quot;background_motion_fx_devices&quot;:[&quot;desktop&quot;,&quot;tablet&quot;,&quot;mobile&quot;]}\">\n\t\t\t\t\t\t\t<div class=\"elementor-background-overlay\"><\/div>\n\t\t\t\t\t\t\t<div class=\"elementor-container elementor-column-gap-default\">\n\t\t\t\t\t<div class=\"elementor-column elementor-col-100 elementor-top-column elementor-element elementor-element-4b81c78\" data-id=\"4b81c78\" data-element_type=\"column\">\n\t\t\t<div class=\"elementor-widget-wrap elementor-element-populated\">\n\t\t\t\t\t\t<div class=\"elementor-element elementor-element-70cf728 elementor-widget elementor-widget-heading\" data-id=\"70cf728\" data-element_type=\"widget\" data-widget_type=\"heading.default\">\n\t\t\t\t<div class=\"elementor-widget-container\">\n\t\t\t\t\t<h1 class=\"elementor-heading-title elementor-size-default\">Data\u00a0<span class=\"destacat\"> integrity<\/span><\/h1>\t\t\t\t<\/div>\n\t\t\t\t<\/div>\n\t\t\t\t<div class=\"elementor-element elementor-element-fc848f8 elementor-widget__width-initial elementor-widget elementor-widget-text-editor\" data-id=\"fc848f8\" data-element_type=\"widget\" data-widget_type=\"text-editor.default\">\n\t\t\t\t<div class=\"elementor-widget-container\">\n\t\t\t\t\t\t\t\t\tLa integritat de les dades, <span class=\"destacatsubtit\"> un aspecte cr\u00edtic a tenir en compte<\/span>\t\t\t\t\t\t\t\t<\/div>\n\t\t\t\t<\/div>\n\t\t\t\t\t<\/div>\n\t\t<\/div>\n\t\t\t\t\t<\/div>\n\t\t<\/header>\n\t\t\t\t<section class=\"elementor-section elementor-top-section elementor-element elementor-element-75571b5 elementor-section-boxed elementor-section-height-default elementor-section-height-default\" data-id=\"75571b5\" data-element_type=\"section\">\n\t\t\t\t\t\t<div class=\"elementor-container elementor-column-gap-default\">\n\t\t\t\t\t<div class=\"elementor-column elementor-col-100 elementor-top-column elementor-element elementor-element-dbe903f\" data-id=\"dbe903f\" data-element_type=\"column\">\n\t\t\t<div class=\"elementor-widget-wrap elementor-element-populated\">\n\t\t\t\t\t\t<div class=\"elementor-element elementor-element-094b170 elementor-widget__width-initial elementor-widget-tablet__width-inherit elementor-widget elementor-widget-heading\" data-id=\"094b170\" data-element_type=\"widget\" data-widget_type=\"heading.default\">\n\t\t\t\t<div class=\"elementor-widget-container\">\n\t\t\t\t\t<h2 class=\"elementor-heading-title elementor-size-default\">Si no tens clar el nivell d\u2019integritat de dades a la teva empresa, <span class=\"destacatsubtit\">a Asfalia t\u2019ajudem portant a terme una avaluaci\u00f3 de les dades GxP de l\u2019empresa<\/span> <\/h2>\t\t\t\t<\/div>\n\t\t\t\t<\/div>\n\t\t\t\t<div class=\"elementor-element elementor-element-8ecbcca elementor-widget elementor-widget-text-editor\" data-id=\"8ecbcca\" data-element_type=\"widget\" data-widget_type=\"text-editor.default\">\n\t\t\t\t<div class=\"elementor-widget-container\">\n\t\t\t\t\t\t\t\t\tAnalitzem si les dades esmentades compleixen cadascun dels principis ALCOA+ i redactem un pla d&#8217;acci\u00f3 per als incompliments detectats.\t\t\t\t\t\t\t\t<\/div>\n\t\t\t\t<\/div>\n\t\t\t\t<div class=\"elementor-element elementor-element-68a9277b elementor-widget elementor-widget-image\" data-id=\"68a9277b\" data-element_type=\"widget\" data-widget_type=\"image.default\">\n\t\t\t\t<div class=\"elementor-widget-container\">\n\t\t\t\t\t\t\t\t\t\t\t\t\t\t\t<img fetchpriority=\"high\" decoding=\"async\" width=\"1600\" height=\"1101\" src=\"https:\/\/asfalia.es\/ca\/wp-content\/uploads\/sites\/3\/2022\/11\/Data-Integrity-Digrama-en-CA.jpeg\" class=\"attachment-full size-full wp-image-5957\" alt=\"\" srcset=\"https:\/\/asfalia.es\/ca\/wp-content\/uploads\/sites\/3\/2022\/11\/Data-Integrity-Digrama-en-CA.jpeg 1600w, https:\/\/asfalia.es\/ca\/wp-content\/uploads\/sites\/3\/2022\/11\/Data-Integrity-Digrama-en-CA-300x206.jpeg 300w, https:\/\/asfalia.es\/ca\/wp-content\/uploads\/sites\/3\/2022\/11\/Data-Integrity-Digrama-en-CA-1024x705.jpeg 1024w, https:\/\/asfalia.es\/ca\/wp-content\/uploads\/sites\/3\/2022\/11\/Data-Integrity-Digrama-en-CA-768x528.jpeg 768w, https:\/\/asfalia.es\/ca\/wp-content\/uploads\/sites\/3\/2022\/11\/Data-Integrity-Digrama-en-CA-1536x1057.jpeg 1536w\" sizes=\"(max-width: 1600px) 100vw, 1600px\" \/>\t\t\t\t\t\t\t\t\t\t\t\t\t\t\t<\/div>\n\t\t\t\t<\/div>\n\t\t\t\t<div class=\"elementor-element elementor-element-fad74ba elementor-widget elementor-widget-heading\" data-id=\"fad74ba\" data-element_type=\"widget\" data-widget_type=\"heading.default\">\n\t\t\t\t<div class=\"elementor-widget-container\">\n\t\t\t\t\t<h2 class=\"elementor-heading-title elementor-size-default\">ALCOA+<\/h2>\t\t\t\t<\/div>\n\t\t\t\t<\/div>\n\t\t\t\t<div class=\"elementor-element elementor-element-62451203 elementor-widget elementor-widget-text-editor\" data-id=\"62451203\" data-element_type=\"widget\" data-widget_type=\"text-editor.default\">\n\t\t\t\t<div class=\"elementor-widget-container\">\n\t\t\t\t\t\t\t\t\tLa integritat dels registres i les dades impacta en les decisions cr\u00edtiques i accions clau que es prenen en base a ells; per tant, ja es tracti de registres en format electr\u00f2nic o en paper, \u00e9s molt important per a la ind\u00fastria, les ag\u00e8ncies reguladores i, en \u00faltima inst\u00e0ncia, la qualitat del producte i la seguretat del pacient. Contacteu amb nosaltres i us oferirem una orientaci\u00f3 clara per garantir que la gesti\u00f3 dels registres i les dades formi part integral del sistema de gesti\u00f3 de la qualitat i compleixi amb els requisits GxP.\t\t\t\t\t\t\t\t<\/div>\n\t\t\t\t<\/div>\n\t\t\t\t\t<\/div>\n\t\t<\/div>\n\t\t\t\t\t<\/div>\n\t\t<\/section>\n\t\t\t\t<section class=\"elementor-section elementor-top-section elementor-element elementor-element-e201c92 elementor-section-boxed elementor-section-height-default elementor-section-height-default\" data-id=\"e201c92\" data-element_type=\"section\" data-settings=\"{&quot;background_background&quot;:&quot;classic&quot;}\">\n\t\t\t\t\t\t\t<div class=\"elementor-background-overlay\"><\/div>\n\t\t\t\t\t\t\t<div class=\"elementor-container elementor-column-gap-no\">\n\t\t\t\t\t<div class=\"elementor-column elementor-col-100 elementor-top-column elementor-element elementor-element-42315d1\" data-id=\"42315d1\" data-element_type=\"column\">\n\t\t\t<div class=\"elementor-widget-wrap elementor-element-populated\">\n\t\t\t\t\t\t<div class=\"elementor-element elementor-element-937bda6 elementor-widget__width-initial elementor-widget-tablet__width-inherit elementor-widget elementor-widget-heading\" data-id=\"937bda6\" data-element_type=\"widget\" data-widget_type=\"heading.default\">\n\t\t\t\t<div class=\"elementor-widget-container\">\n\t\t\t\t\t<h2 class=\"elementor-heading-title elementor-size-default\">Sistema d\u2019informaci\u00f3 i <font color=\"#53f2cc\"><b>integraci\u00f3 de dades<\/b><\/font><\/h2>\t\t\t\t<\/div>\n\t\t\t\t<\/div>\n\t\t\t\t<div class=\"elementor-element elementor-element-f027de4 elementor-widget__width-initial elementor-widget elementor-widget-text-editor\" data-id=\"f027de4\" data-element_type=\"widget\" data-widget_type=\"text-editor.default\">\n\t\t\t\t<div class=\"elementor-widget-container\">\n\t\t\t\t\t\t\t\t\t<p>Migraciones e interfaces de datos robustas y eficientes. En Asfalia, nuestros inform\u00e1ticos eval\u00faan la soluci\u00f3n a nivel t\u00e9cnico mientras los consultores se aseguran de que dicha soluci\u00f3n cubra las necesidades del sistema o el proceso.<\/p>\t\t\t\t\t\t\t\t<\/div>\n\t\t\t\t<\/div>\n\t\t\t\t\t<\/div>\n\t\t<\/div>\n\t\t\t\t\t<\/div>\n\t\t<\/section>\n\t\t\t\t<section class=\"elementor-section elementor-top-section elementor-element elementor-element-05a4fb7 elementor-section-boxed elementor-section-height-default elementor-section-height-default\" data-id=\"05a4fb7\" data-element_type=\"section\">\n\t\t\t\t\t\t<div class=\"elementor-container elementor-column-gap-default\">\n\t\t\t\t\t<div class=\"elementor-column elementor-col-33 elementor-top-column elementor-element elementor-element-d3f616b\" data-id=\"d3f616b\" data-element_type=\"column\">\n\t\t\t<div class=\"elementor-widget-wrap elementor-element-populated\">\n\t\t\t\t\t\t<div class=\"elementor-element elementor-element-2f6e326 elementor-view-stacked elementor-shape-square elementor-position-left elementor-tablet-position-top elementor-mobile-position-top elementor-vertical-align-top elementor-widget elementor-widget-icon-box\" data-id=\"2f6e326\" data-element_type=\"widget\" data-widget_type=\"icon-box.default\">\n\t\t\t\t<div class=\"elementor-widget-container\">\n\t\t\t\t\t\t\t<div class=\"elementor-icon-box-wrapper\">\n\n\t\t\t\t\t\t<div class=\"elementor-icon-box-icon\">\n\t\t\t\t<span  class=\"elementor-icon\">\n\t\t\t\t\t\t\t\t<\/span>\n\t\t\t<\/div>\n\t\t\t\n\t\t\t\t\t\t<div class=\"elementor-icon-box-content\">\n\n\t\t\t\t\t\t\t\t\t<h3 class=\"elementor-icon-box-title\">\n\t\t\t\t\t\t<span  >\n\t\t\t\t\t\t\tLlarga  <span class=\"destacat1\">experi\u00e8ncia<\/span>\t\t\t\t\t\t<\/span>\n\t\t\t\t\t<\/h3>\n\t\t\t\t\n\t\t\t\t\t\t\t\t\t<p class=\"elementor-icon-box-description\">\n\t\t\t\t\t\tDurant la nostra llarga experi\u00e8ncia, hem acompanyat moltes empreses durant el reempla\u00e7ament o actualitzaci\u00f3 de servidors, equips d\u2019emmagatzematge de dades o sistemes inform\u00e0tics. Les causes que motiven aquestes accions s\u00f3n la reducci\u00f3 de costos, la millora del rendiment i la seguretat, el compliment de normatives o simplement per requisits d\u2019actualitzaci\u00f3 del software que allotgen.\t\t\t\t\t<\/p>\n\t\t\t\t\n\t\t\t<\/div>\n\t\t\t\n\t\t<\/div>\n\t\t\t\t\t\t<\/div>\n\t\t\t\t<\/div>\n\t\t\t\t\t<\/div>\n\t\t<\/div>\n\t\t\t\t<div class=\"elementor-column elementor-col-33 elementor-top-column elementor-element elementor-element-97e5e20\" data-id=\"97e5e20\" data-element_type=\"column\">\n\t\t\t<div class=\"elementor-widget-wrap elementor-element-populated\">\n\t\t\t\t\t\t<div class=\"elementor-element elementor-element-7e42953 elementor-view-stacked elementor-shape-square elementor-position-left elementor-tablet-position-top elementor-mobile-position-top elementor-vertical-align-top elementor-widget elementor-widget-icon-box\" data-id=\"7e42953\" data-element_type=\"widget\" data-widget_type=\"icon-box.default\">\n\t\t\t\t<div class=\"elementor-widget-container\">\n\t\t\t\t\t\t\t<div class=\"elementor-icon-box-wrapper\">\n\n\t\t\t\t\t\t<div class=\"elementor-icon-box-icon\">\n\t\t\t\t<span  class=\"elementor-icon\">\n\t\t\t\t\t\t\t\t<\/span>\n\t\t\t<\/div>\n\t\t\t\n\t\t\t\t\t\t<div class=\"elementor-icon-box-content\">\n\n\t\t\t\t\t\t\t\t\t<h3 class=\"elementor-icon-box-title\">\n\t\t\t\t\t\t<span  >\n\t\t\t\t\t\t\tTreball <span class=\"destacat1\">exhaustiu<\/span>\t\t\t\t\t\t<\/span>\n\t\t\t\t\t<\/h3>\n\t\t\t\t\n\t\t\t\t\t\t\t\t\t<p class=\"elementor-icon-box-description\">\n\t\t\t\t\t\tA Asfalia fem una feina exhaustiva, passant per etapes com l'an\u00e0lisi de l'estrat\u00e8gia d'integraci\u00f3 i migraci\u00f3, l'execuci\u00f3 del proc\u00e9s realitzat pel prove\u00efdor i la verificaci\u00f3 dels resultats finals de la integraci\u00f3 o la migraci\u00f3 de les dades.\t\t\t\t\t<\/p>\n\t\t\t\t\n\t\t\t<\/div>\n\t\t\t\n\t\t<\/div>\n\t\t\t\t\t\t<\/div>\n\t\t\t\t<\/div>\n\t\t\t\t\t<\/div>\n\t\t<\/div>\n\t\t\t\t<div class=\"elementor-column elementor-col-33 elementor-top-column elementor-element elementor-element-b7fe426\" data-id=\"b7fe426\" data-element_type=\"column\">\n\t\t\t<div class=\"elementor-widget-wrap elementor-element-populated\">\n\t\t\t\t\t\t<div class=\"elementor-element elementor-element-49ecc3a elementor-view-stacked elementor-shape-square elementor-position-left elementor-tablet-position-top elementor-mobile-position-top elementor-vertical-align-top elementor-widget elementor-widget-icon-box\" data-id=\"49ecc3a\" data-element_type=\"widget\" data-widget_type=\"icon-box.default\">\n\t\t\t\t<div class=\"elementor-widget-container\">\n\t\t\t\t\t\t\t<div class=\"elementor-icon-box-wrapper\">\n\n\t\t\t\t\t\t<div class=\"elementor-icon-box-icon\">\n\t\t\t\t<span  class=\"elementor-icon\">\n\t\t\t\t\t\t\t\t<\/span>\n\t\t\t<\/div>\n\t\t\t\n\t\t\t\t\t\t<div class=\"elementor-icon-box-content\">\n\n\t\t\t\t\t\t\t\t\t<h3 class=\"elementor-icon-box-title\">\n\t\t\t\t\t\t<span  >\n\t\t\t\t\t\t\t<span class=\"destacat1\">Tipus <\/span>d\u2019interf\u00edcies\t\t\t\t\t\t<\/span>\n\t\t\t\t\t<\/h3>\n\t\t\t\t\n\t\t\t\t\t\t\t\t\t<p class=\"elementor-icon-box-description\">\n\t\t\t\t\t\tSi el que vols \u00e9s traspassar dades peri\u00f2dicament entre dos o m\u00e9s sistemes, els nostres consultors tenen una \u00e0mplia experi\u00e8ncia a l'hora d'abordar tota mena d'interf\u00edcies, assegurant que es fa la selecci\u00f3 de les dades al sistema origen, el m\u00e8tode o tipologia de comunicaci\u00f3 i la integraci\u00f3 i interpretaci\u00f3 d'aquestes dades al sistema dest\u00ed. Des d'Asfalia, acompanyem al client en cada pas de la migraci\u00f3 de dades perqu\u00e8 aquest trasp\u00e0s s'executi de manera c\u00f2moda i natural, interferint al m\u00ednim en l'activitat de l'empresa.\t\t\t\t\t<\/p>\n\t\t\t\t\n\t\t\t<\/div>\n\t\t\t\n\t\t<\/div>\n\t\t\t\t\t\t<\/div>\n\t\t\t\t<\/div>\n\t\t\t\t\t<\/div>\n\t\t<\/div>\n\t\t\t\t\t<\/div>\n\t\t<\/section>\n\t\t\t\t<\/div>\n\t\t","protected":false},"excerpt":{"rendered":"<p>Data\u00a0 integrity La integritat de les dades, un aspecte cr\u00edtic a tenir en compte Si no tens clar el nivell d\u2019integritat de dades a la teva empresa, a Asfalia t\u2019ajudem portant a terme una avaluaci\u00f3 de les dades GxP de l\u2019empresa Analitzem si les dades esmentades compleixen cadascun dels principis ALCOA+ i redactem un pla [&hellip;]<\/p>\n","protected":false},"author":2,"featured_media":0,"parent":0,"menu_order":0,"comment_status":"closed","ping_status":"closed","template":"","meta":{"footnotes":""},"class_list":["post-1505","page","type-page","status-publish","hentry"],"yoast_head":"<!-- This site is optimized with the Yoast SEO plugin v25.5 - https:\/\/yoast.com\/wordpress\/plugins\/seo\/ -->\n<title>Data Integrity - Asfalia CA<\/title>\n<meta name=\"robots\" content=\"index, follow, max-snippet:-1, max-image-preview:large, max-video-preview:-1\" \/>\n<link rel=\"canonical\" href=\"https:\/\/asfalia.es\/ca\/data-integrity\/\" \/>\n<meta property=\"og:locale\" content=\"ca_ES\" \/>\n<meta property=\"og:type\" content=\"article\" \/>\n<meta property=\"og:title\" content=\"Data Integrity - Asfalia CA\" \/>\n<meta property=\"og:description\" content=\"Data\u00a0 integrity La integritat de les dades, un aspecte cr\u00edtic a tenir en compte Si no tens clar el nivell d\u2019integritat de dades a la teva empresa, a Asfalia t\u2019ajudem portant a terme una avaluaci\u00f3 de les dades GxP de l\u2019empresa Analitzem si les dades esmentades compleixen cadascun dels principis ALCOA+ i redactem un pla [&hellip;]\" \/>\n<meta property=\"og:url\" content=\"https:\/\/asfalia.es\/ca\/data-integrity\/\" \/>\n<meta property=\"og:site_name\" content=\"Asfalia CA\" \/>\n<meta property=\"article:modified_time\" content=\"2022-12-12T17:30:29+00:00\" \/>\n<meta property=\"og:image\" content=\"https:\/\/asfalia.es\/ca\/wp-content\/uploads\/sites\/3\/2022\/11\/Data-Integrity-Digrama-en-CA.jpeg\" \/>\n<meta name=\"twitter:card\" content=\"summary_large_image\" \/>\n<meta name=\"twitter:label1\" content=\"Temps estimat de lectura\" \/>\n\t<meta name=\"twitter:data1\" content=\"3 minuts\" \/>\n<script type=\"application\/ld+json\" class=\"yoast-schema-graph\">{\"@context\":\"https:\/\/schema.org\",\"@graph\":[{\"@type\":\"WebPage\",\"@id\":\"https:\/\/asfalia.es\/ca\/data-integrity\/\",\"url\":\"https:\/\/asfalia.es\/ca\/data-integrity\/\",\"name\":\"Data Integrity - Asfalia CA\",\"isPartOf\":{\"@id\":\"https:\/\/asfalia.es\/ca\/#website\"},\"primaryImageOfPage\":{\"@id\":\"https:\/\/asfalia.es\/ca\/data-integrity\/#primaryimage\"},\"image\":{\"@id\":\"https:\/\/asfalia.es\/ca\/data-integrity\/#primaryimage\"},\"thumbnailUrl\":\"https:\/\/asfalia.es\/ca\/wp-content\/uploads\/sites\/3\/2022\/11\/Data-Integrity-Digrama-en-CA.jpeg\",\"datePublished\":\"2022-06-16T18:06:47+00:00\",\"dateModified\":\"2022-12-12T17:30:29+00:00\",\"breadcrumb\":{\"@id\":\"https:\/\/asfalia.es\/ca\/data-integrity\/#breadcrumb\"},\"inLanguage\":\"ca\",\"potentialAction\":[{\"@type\":\"ReadAction\",\"target\":[\"https:\/\/asfalia.es\/ca\/data-integrity\/\"]}]},{\"@type\":\"ImageObject\",\"inLanguage\":\"ca\",\"@id\":\"https:\/\/asfalia.es\/ca\/data-integrity\/#primaryimage\",\"url\":\"https:\/\/asfalia.es\/ca\/wp-content\/uploads\/sites\/3\/2022\/11\/Data-Integrity-Digrama-en-CA.jpeg\",\"contentUrl\":\"https:\/\/asfalia.es\/ca\/wp-content\/uploads\/sites\/3\/2022\/11\/Data-Integrity-Digrama-en-CA.jpeg\",\"width\":1600,\"height\":1101},{\"@type\":\"BreadcrumbList\",\"@id\":\"https:\/\/asfalia.es\/ca\/data-integrity\/#breadcrumb\",\"itemListElement\":[{\"@type\":\"ListItem\",\"position\":1,\"name\":\"Portada\",\"item\":\"https:\/\/asfalia.es\/ca\/\"},{\"@type\":\"ListItem\",\"position\":2,\"name\":\"Data Integrity\"}]},{\"@type\":\"WebSite\",\"@id\":\"https:\/\/asfalia.es\/ca\/#website\",\"url\":\"https:\/\/asfalia.es\/ca\/\",\"name\":\"Asfalia CA\",\"description\":\"Validaci\u00f3 de sistemes inform\u00e0tics i consultoria\",\"publisher\":{\"@id\":\"https:\/\/asfalia.es\/ca\/#organization\"},\"potentialAction\":[{\"@type\":\"SearchAction\",\"target\":{\"@type\":\"EntryPoint\",\"urlTemplate\":\"https:\/\/asfalia.es\/ca\/?s={search_term_string}\"},\"query-input\":{\"@type\":\"PropertyValueSpecification\",\"valueRequired\":true,\"valueName\":\"search_term_string\"}}],\"inLanguage\":\"ca\"},{\"@type\":\"Organization\",\"@id\":\"https:\/\/asfalia.es\/ca\/#organization\",\"name\":\"Asfalia CA\",\"url\":\"https:\/\/asfalia.es\/ca\/\",\"logo\":{\"@type\":\"ImageObject\",\"inLanguage\":\"ca\",\"@id\":\"https:\/\/asfalia.es\/ca\/#\/schema\/logo\/image\/\",\"url\":\"https:\/\/asfalia.es\/ca\/wp-content\/uploads\/sites\/3\/2021\/06\/Mesa-de-trabajo-1.png\",\"contentUrl\":\"https:\/\/asfalia.es\/ca\/wp-content\/uploads\/sites\/3\/2021\/06\/Mesa-de-trabajo-1.png\",\"width\":513,\"height\":123,\"caption\":\"Asfalia CA\"},\"image\":{\"@id\":\"https:\/\/asfalia.es\/ca\/#\/schema\/logo\/image\/\"}}]}<\/script>\n<!-- \/ Yoast SEO plugin. -->","yoast_head_json":{"title":"Data Integrity - Asfalia CA","robots":{"index":"index","follow":"follow","max-snippet":"max-snippet:-1","max-image-preview":"max-image-preview:large","max-video-preview":"max-video-preview:-1"},"canonical":"https:\/\/asfalia.es\/ca\/data-integrity\/","og_locale":"ca_ES","og_type":"article","og_title":"Data Integrity - Asfalia CA","og_description":"Data\u00a0 integrity La integritat de les dades, un aspecte cr\u00edtic a tenir en compte Si no tens clar el nivell d\u2019integritat de dades a la teva empresa, a Asfalia t\u2019ajudem portant a terme una avaluaci\u00f3 de les dades GxP de l\u2019empresa Analitzem si les dades esmentades compleixen cadascun dels principis ALCOA+ i redactem un pla [&hellip;]","og_url":"https:\/\/asfalia.es\/ca\/data-integrity\/","og_site_name":"Asfalia CA","article_modified_time":"2022-12-12T17:30:29+00:00","og_image":[{"url":"https:\/\/asfalia.es\/ca\/wp-content\/uploads\/sites\/3\/2022\/11\/Data-Integrity-Digrama-en-CA.jpeg","type":"","width":"","height":""}],"twitter_card":"summary_large_image","twitter_misc":{"Temps estimat de lectura":"3 minuts"},"schema":{"@context":"https:\/\/schema.org","@graph":[{"@type":"WebPage","@id":"https:\/\/asfalia.es\/ca\/data-integrity\/","url":"https:\/\/asfalia.es\/ca\/data-integrity\/","name":"Data Integrity - Asfalia CA","isPartOf":{"@id":"https:\/\/asfalia.es\/ca\/#website"},"primaryImageOfPage":{"@id":"https:\/\/asfalia.es\/ca\/data-integrity\/#primaryimage"},"image":{"@id":"https:\/\/asfalia.es\/ca\/data-integrity\/#primaryimage"},"thumbnailUrl":"https:\/\/asfalia.es\/ca\/wp-content\/uploads\/sites\/3\/2022\/11\/Data-Integrity-Digrama-en-CA.jpeg","datePublished":"2022-06-16T18:06:47+00:00","dateModified":"2022-12-12T17:30:29+00:00","breadcrumb":{"@id":"https:\/\/asfalia.es\/ca\/data-integrity\/#breadcrumb"},"inLanguage":"ca","potentialAction":[{"@type":"ReadAction","target":["https:\/\/asfalia.es\/ca\/data-integrity\/"]}]},{"@type":"ImageObject","inLanguage":"ca","@id":"https:\/\/asfalia.es\/ca\/data-integrity\/#primaryimage","url":"https:\/\/asfalia.es\/ca\/wp-content\/uploads\/sites\/3\/2022\/11\/Data-Integrity-Digrama-en-CA.jpeg","contentUrl":"https:\/\/asfalia.es\/ca\/wp-content\/uploads\/sites\/3\/2022\/11\/Data-Integrity-Digrama-en-CA.jpeg","width":1600,"height":1101},{"@type":"BreadcrumbList","@id":"https:\/\/asfalia.es\/ca\/data-integrity\/#breadcrumb","itemListElement":[{"@type":"ListItem","position":1,"name":"Portada","item":"https:\/\/asfalia.es\/ca\/"},{"@type":"ListItem","position":2,"name":"Data Integrity"}]},{"@type":"WebSite","@id":"https:\/\/asfalia.es\/ca\/#website","url":"https:\/\/asfalia.es\/ca\/","name":"Asfalia CA","description":"Validaci\u00f3 de sistemes inform\u00e0tics i consultoria","publisher":{"@id":"https:\/\/asfalia.es\/ca\/#organization"},"potentialAction":[{"@type":"SearchAction","target":{"@type":"EntryPoint","urlTemplate":"https:\/\/asfalia.es\/ca\/?s={search_term_string}"},"query-input":{"@type":"PropertyValueSpecification","valueRequired":true,"valueName":"search_term_string"}}],"inLanguage":"ca"},{"@type":"Organization","@id":"https:\/\/asfalia.es\/ca\/#organization","name":"Asfalia CA","url":"https:\/\/asfalia.es\/ca\/","logo":{"@type":"ImageObject","inLanguage":"ca","@id":"https:\/\/asfalia.es\/ca\/#\/schema\/logo\/image\/","url":"https:\/\/asfalia.es\/ca\/wp-content\/uploads\/sites\/3\/2021\/06\/Mesa-de-trabajo-1.png","contentUrl":"https:\/\/asfalia.es\/ca\/wp-content\/uploads\/sites\/3\/2021\/06\/Mesa-de-trabajo-1.png","width":513,"height":123,"caption":"Asfalia CA"},"image":{"@id":"https:\/\/asfalia.es\/ca\/#\/schema\/logo\/image\/"}}]}},"_links":{"self":[{"href":"https:\/\/asfalia.es\/ca\/wp-json\/wp\/v2\/pages\/1505","targetHints":{"allow":["GET"]}}],"collection":[{"href":"https:\/\/asfalia.es\/ca\/wp-json\/wp\/v2\/pages"}],"about":[{"href":"https:\/\/asfalia.es\/ca\/wp-json\/wp\/v2\/types\/page"}],"author":[{"embeddable":true,"href":"https:\/\/asfalia.es\/ca\/wp-json\/wp\/v2\/users\/2"}],"replies":[{"embeddable":true,"href":"https:\/\/asfalia.es\/ca\/wp-json\/wp\/v2\/comments?post=1505"}],"version-history":[{"count":3,"href":"https:\/\/asfalia.es\/ca\/wp-json\/wp\/v2\/pages\/1505\/revisions"}],"predecessor-version":[{"id":6103,"href":"https:\/\/asfalia.es\/ca\/wp-json\/wp\/v2\/pages\/1505\/revisions\/6103"}],"wp:attachment":[{"href":"https:\/\/asfalia.es\/ca\/wp-json\/wp\/v2\/media?parent=1505"}],"curies":[{"name":"wp","href":"https:\/\/api.w.org\/{rel}","templated":true}]}}